{"id":96401,"date":"2023-04-17T14:09:27","date_gmt":"2023-04-17T12:09:27","guid":{"rendered":"https:\/\/drone-parts-center.com\/produit\/sunnylife-1-akku-sicherheitstasche-fuer-dji-mini-mini-2-se\/"},"modified":"2026-03-08T13:39:33","modified_gmt":"2026-03-08T12:39:33","slug":"sunnylife-1-akku-sicherheitstasche-fuer-dji-mini-mini-2-se","status":"publish","type":"product","link":"https:\/\/drone-parts-center.com\/de\/produkt\/sunnylife-1-akku-sicherheitstasche-fuer-dji-mini-mini-2-se\/","title":{"rendered":"Sunnylife - 1 Akku-Sicherheitstasche f\u00fcr DJI Mini\/Mini 2\/SE"},"content":{"rendered":"<p>Die <strong>Sunnylife Sicherheitstasche f\u00fcr 1 Akku DJI Mini\/Mini 2\/SE<\/strong> wurde entwickelt, um Ihre Akkus w\u00e4hrend des Transports und der Lagerung zu sch\u00fctzen. Hergestellt aus feuer- und explosionsbest\u00e4ndigen Materialien bietet sie einen zuverl\u00e4ssigen Schutz vor den Gefahren, die von Lithium-Polymer-Batterien ausgehen. Die Tasche ist kompakt und leicht, einfach zu transportieren und passt problemlos in Ihre Drohnentasche.  <\/p>\n<p>Mit seinem robusten Design sch\u00fctzt er Ihren Akku effektiv vor \u00dcberhitzung, Feuer und anderen potenziellen Gefahren. Ob Sie nun unterwegs sind oder einfach nur Ihre Akkus sicher aufbewahren m\u00f6chten, die <strong>Sunnylife<\/strong> Tasche ist das ideale Zubeh\u00f6r f\u00fcr Ihre <strong>DJI Mini, Mini 2 und SE<\/strong> Drohnen. <\/p>\n<p>Schl\u00fcsselpunkte :<\/p>\n<ul>\n<li>Feuer- und explosionsgesch\u00fctzte Werkstoffe<\/li>\n<li>Kapazit\u00e4t f\u00fcr <strong>1 DJI Mini, Mini 2 oder SE Akku<\/strong><\/li>\n<li>Leicht und kompakt, einfach zu transportieren<\/li>\n<li>\u00dcberhitzung und Brandschutz<\/li>\n<\/ul>\n","protected":false},"excerpt":{"rendered":"<p>Sunnylife Sicherheitstasche f\u00fcr 1 DJI Mini\/Mini 2\/SE Akku. Kompakt, leicht und feuerfest, sch\u00fctzt es vor \u00dcberhitzung und Feuer. <\/p>\n","protected":false},"featured_media":99884,"comment_status":"open","ping_status":"closed","template":"","meta":{"_seopress_robots_primary_cat":"","_seopress_titles_title":"DJI Mini\/Mini 2\/SE Sicherheitstasche f\u00fcr 1 Akku \u2013 Sunnylife","_seopress_titles_desc":"Sicherheitstasche f\u00fcr 1 DJI Mini, Mini 2, SE Akku. Feuerfest, kompakt und leicht, sch\u00fctzt es vor \u00dcberhitzung und Feuer. ","_seopress_robots_index":""},"product_brand":[19432],"product_cat":[19957,15627,15692],"product_tag":[15630,16417,15888,16266,16410,16392],"class_list":{"0":"post-96401","1":"product","2":"type-product","3":"status-publish","4":"has-post-thumbnail","6":"product_brand-sunnylife","7":"product_cat-auslaufmodelle","8":"product_cat-dji-mavic-mini-de-2","9":"product_cat-dji-mini-2-de-2","10":"product_tag-batterie-de-3","11":"product_tag-dji-mini-de","12":"product_tag-mini-2-de-2","13":"product_tag-sich","14":"product_tag-sicherheitstasche","15":"product_tag-sunnylife-de","16":"pa_type-ccw-de","17":"pa_type-cw-de","19":"first","20":"instock","21":"sale","22":"taxable","23":"shipping-taxable","24":"purchasable","25":"product-type-simple"},"_links":{"self":[{"href":"https:\/\/drone-parts-center.com\/de\/wp-json\/wp\/v2\/product\/96401","targetHints":{"allow":["GET"]}}],"collection":[{"href":"https:\/\/drone-parts-center.com\/de\/wp-json\/wp\/v2\/product"}],"about":[{"href":"https:\/\/drone-parts-center.com\/de\/wp-json\/wp\/v2\/types\/product"}],"replies":[{"embeddable":true,"href":"https:\/\/drone-parts-center.com\/de\/wp-json\/wp\/v2\/comments?post=96401"}],"wp:featuredmedia":[{"embeddable":true,"href":"https:\/\/drone-parts-center.com\/de\/wp-json\/wp\/v2\/media\/99884"}],"wp:attachment":[{"href":"https:\/\/drone-parts-center.com\/de\/wp-json\/wp\/v2\/media?parent=96401"}],"wp:term":[{"taxonomy":"product_brand","embeddable":true,"href":"https:\/\/drone-parts-center.com\/de\/wp-json\/wp\/v2\/product_brand?post=96401"},{"taxonomy":"product_cat","embeddable":true,"href":"https:\/\/drone-parts-center.com\/de\/wp-json\/wp\/v2\/product_cat?post=96401"},{"taxonomy":"product_tag","embeddable":true,"href":"https:\/\/drone-parts-center.com\/de\/wp-json\/wp\/v2\/product_tag?post=96401"}],"curies":[{"name":"wp","href":"https:\/\/api.w.org\/{rel}","templated":true}]}}