{"id":96399,"date":"2023-04-17T14:17:11","date_gmt":"2023-04-17T12:17:11","guid":{"rendered":"https:\/\/drone-parts-center.com\/produit\/sunnylife-2-akkus-sicherheitstasche-fuer-dji-mini-3-mini-3-pro\/"},"modified":"2025-07-26T20:40:18","modified_gmt":"2025-07-26T18:40:18","slug":"sunnylife-2-akkus-sicherheitstasche-fuer-dji-mini-3-mini-3-pro","status":"publish","type":"product","link":"https:\/\/drone-parts-center.com\/de\/produkt\/sunnylife-2-akkus-sicherheitstasche-fuer-dji-mini-3-mini-3-pro\/","title":{"rendered":"Sunnylife - 2 Akkus Sicherheitstasche f\u00fcr DJI Mini 3\/Mini 3 Pro"},"content":{"rendered":"<p>Die <strong>Sunnylife<\/strong> <strong>DJI Mini 3 Akku-Sicherheitstasche<\/strong> ist unerl\u00e4sslich, um Ihre Akkus w\u00e4hrend des Transports oder der Lagerung zu sch\u00fctzen. Diese Tasche wurde speziell f\u00fcr die Modelle <strong>DJI Mini 3<\/strong> und <strong>Mini 3 Pro<\/strong> entwickelt und bietet einen zuverl\u00e4ssigen Schutz vor \u00dcberhitzung und Explosion. Sie ist leicht und kompakt und erm\u00f6glicht den sicheren Transport von zwei Akkus.  <\/p>\n<p>Dank der hitzebest\u00e4ndigen Materialien bietet die Sicherheitstasche einen optimalen Schutz vor Kurzschl\u00fcssen. Au\u00dferdem sch\u00fctzt er Ihre Batterien vor Feuchtigkeit und Staub und verl\u00e4ngert so ihre Lebensdauer. Gehen Sie mit Ihren DJI Mini 3 Akkus kein Risiko ein, w\u00e4hlen Sie diese praktische und zuverl\u00e4ssige Sicherheitstasche. Dieses Zubeh\u00f6r ist ein Muss f\u00fcr jeden Drohnenpiloten.   <\/p>\n<p><strong>Vorteile der DJI Mini 3 Battery Safety Bag:<\/strong><\/p>\n<ul>\n<li>\u00dcberhitzungs- und Explosionsschutz<\/li>\n<li>Doppelte Akkukapazit\u00e4t DJI Mini 3\/Mini 3 Pro<\/li>\n<li>Hitzebest\u00e4ndige Materialien<\/li>\n<li>Kompakt, leicht und einfach zu transportieren<\/li>\n<li>Schutz vor Feuchtigkeit und Staub<\/li>\n<\/ul>\n","protected":false},"excerpt":{"rendered":"<p>Die DJI Mini 3\/Mini 3 Pro Battery Safety Bag sch\u00fctzt vor \u00dcberhitzung und Explosionen. Kompakt und zuverl\u00e4ssig, bewahrt es zwei Batterien sicher auf. <\/p>\n","protected":false},"featured_media":99889,"comment_status":"open","ping_status":"closed","template":"","meta":{"_seopress_robots_primary_cat":"","_seopress_titles_title":"Sunnylife - DJI Mini 3\/Mini 3 Pro Akku Sicherheitstasche","_seopress_titles_desc":"Sch\u00fctzen Sie Ihre DJI Mini 3 Akkus mit dieser kompakten, feuerfesten Sicherheitstasche von Sunnylife. Maximale Sicherheit f\u00fcr Ihre Mini 3\/Mini 3 Pro Drohnen. ","_seopress_robots_index":"","_seopress_analysis_target_kw":"DJI Mini 3 Akku-Sicherheitstasche"},"product_brand":[19432],"product_cat":[15719],"product_tag":[15630,15485,15800,15797,16410,16392],"class_list":{"0":"post-96399","1":"product","2":"type-product","3":"status-publish","4":"has-post-thumbnail","6":"product_brand-sunnylife","7":"product_cat-dji-mini-3-pro-de-2","8":"product_tag-batterie-de-3","9":"product_tag-dji-de-3","10":"product_tag-mini-3-de","11":"product_tag-mini-3-pro-de","12":"product_tag-sicherheitstasche","13":"product_tag-sunnylife-de","14":"pa_type-ccw-de","15":"pa_type-cw-de","17":"first","18":"instock","19":"taxable","20":"shipping-taxable","21":"purchasable","22":"product-type-simple"},"_links":{"self":[{"href":"https:\/\/drone-parts-center.com\/de\/wp-json\/wp\/v2\/product\/96399","targetHints":{"allow":["GET"]}}],"collection":[{"href":"https:\/\/drone-parts-center.com\/de\/wp-json\/wp\/v2\/product"}],"about":[{"href":"https:\/\/drone-parts-center.com\/de\/wp-json\/wp\/v2\/types\/product"}],"replies":[{"embeddable":true,"href":"https:\/\/drone-parts-center.com\/de\/wp-json\/wp\/v2\/comments?post=96399"}],"wp:featuredmedia":[{"embeddable":true,"href":"https:\/\/drone-parts-center.com\/de\/wp-json\/wp\/v2\/media\/99889"}],"wp:attachment":[{"href":"https:\/\/drone-parts-center.com\/de\/wp-json\/wp\/v2\/media?parent=96399"}],"wp:term":[{"taxonomy":"product_brand","embeddable":true,"href":"https:\/\/drone-parts-center.com\/de\/wp-json\/wp\/v2\/product_brand?post=96399"},{"taxonomy":"product_cat","embeddable":true,"href":"https:\/\/drone-parts-center.com\/de\/wp-json\/wp\/v2\/product_cat?post=96399"},{"taxonomy":"product_tag","embeddable":true,"href":"https:\/\/drone-parts-center.com\/de\/wp-json\/wp\/v2\/product_tag?post=96399"}],"curies":[{"name":"wp","href":"https:\/\/api.w.org\/{rel}","templated":true}]}}