{"id":96398,"date":"2023-04-17T14:32:03","date_gmt":"2023-04-17T12:32:03","guid":{"rendered":"https:\/\/drone-parts-center.com\/produit\/sunnylife-silikonschutz-fuer-dji-rc-pro-fernsteuerung\/"},"modified":"2025-11-29T09:28:28","modified_gmt":"2025-11-29T08:28:28","slug":"sunnylife-silikonschutz-fuer-dji-rc-pro-fernsteuerung","status":"publish","type":"product","link":"https:\/\/drone-parts-center.com\/de\/produkt\/sunnylife-silikonschutz-fuer-dji-rc-pro-fernsteuerung\/","title":{"rendered":"Sunnylife - Silikonschutz f\u00fcr DJI RC Pro Fernsteuerung"},"content":{"rendered":"<p>Der <strong>Silikonschutz DJI RC Pro<\/strong> von Sunnylife ist ein unverzichtbares Zubeh\u00f6r f\u00fcr alle Benutzer von <strong>DJI-Drohnen<\/strong>. Er wurde entwickelt, um einen wirksamen Schutz gegen Kratzer, St\u00f6\u00dfe und versehentliches Fallenlassen zu bieten. Das eng anliegende Design passt sich perfekt an die <strong>DJI RC Pro<\/strong> Fernbedienung an und erm\u00f6glicht einen leichten Zugang zu den Tasten und Bedienelementen.  <\/p>\n<p>Dieser <strong>DJI Fernsteuerungsschutz<\/strong> ist aus hochwertigem Silikon gefertigt und ist sowohl haltbar als auch leicht. Au\u00dferdem ist er leicht anzubringen und kann r\u00fcckstandslos entfernt werden. Dank seiner Kompaktheit k\u00f6nnen Sie ihn \u00fcberall hin mitnehmen. Mit diesem <strong>Sunnylife DJI-Zubeh\u00f6r<\/strong> verl\u00e4ngern Sie die Lebensdauer Ihrer Ausr\u00fcstung und erhalten gleichzeitig ihre Leistung aufrecht.   <\/p>\n<p>Dieser <strong>Silikonschutz<\/strong> ist ideal f\u00fcr Besitzer von <strong>DJI-Drohnen<\/strong> und sch\u00fctzt Ihre Fernsteuerung effektiv vor \u00fcblichen Besch\u00e4digungen. Dar\u00fcber hinaus sorgt er f\u00fcr zus\u00e4tzliche Sicherheit bei jedem Flug. <\/p>\n<p>Charaktereigenschaften:<\/p>\n<ul>\n<li>Entwickelt f\u00fcr die <strong>DJI RC Pro Fernsteuerung<\/strong><\/li>\n<li>Schutz vor Kratzern, St\u00f6\u00dfen und St\u00fcrzen<\/li>\n<li>Strapazierf\u00e4higes und leichtes Silikon<\/li>\n<li>Schnelle und r\u00fcckstandsfreie Montage<\/li>\n<li><strong>Hochwertiges DJI Sunnylife Zubeh\u00f6r<\/strong><\/li>\n<\/ul>\n<p>Wenn Sie sich f\u00fcr diesen <strong>Silikonschutz<\/strong> entscheiden, gew\u00e4hrleisten Sie die Sicherheit Ihrer Fernbedienung und verl\u00e4ngern gleichzeitig deren Lebensdauer.<\/p>\n","protected":false},"excerpt":{"rendered":"<p><strong>Sunnylife Silikonschutz<\/strong> f\u00fcr <strong>DJI RC Pro<\/strong> sch\u00fctzt Ihre Fernbedienung vor Kratzern und St\u00f6\u00dfen. Es ist einfach zu installieren und leicht und garantiert einen lang anhaltenden Schutz, ohne die Verwendung zu beeintr\u00e4chtigen. <\/p>\n","protected":false},"featured_media":99854,"comment_status":"open","ping_status":"closed","template":"","meta":{"_seopress_robots_primary_cat":"none","_seopress_titles_title":"DJI RC Pro Silikonschutz \u2013 Sunnylife Zubeh\u00f6r","_seopress_titles_desc":"DJI RC Pro Silikonschutz. Leicht und langlebig, sch\u00fctzt es vor St\u00f6\u00dfen und Kratzern. Einfach zu installieren, ideal f\u00fcr Ihre Fernbedienung.  ","_seopress_robots_index":"","_seopress_analysis_target_kw":"Schutz Silikon DJI RC Pro"},"product_brand":[19432],"product_cat":[15718,15719],"product_tag":[16413,15663,16402,16392],"class_list":{"0":"post-96398","1":"product","2":"type-product","3":"status-publish","4":"has-post-thumbnail","6":"product_brand-sunnylife","7":"product_cat-dji-mavic-3-de-2","8":"product_cat-dji-mini-3-pro-de-2","9":"product_tag-dji-rc-pro-de-2","10":"product_tag-fernbedienung-de-2","11":"product_tag-silikon-schutz","12":"product_tag-sunnylife-de","14":"first","15":"instock","16":"sale","17":"taxable","18":"shipping-taxable","19":"purchasable","20":"product-type-simple"},"_links":{"self":[{"href":"https:\/\/drone-parts-center.com\/de\/wp-json\/wp\/v2\/product\/96398","targetHints":{"allow":["GET"]}}],"collection":[{"href":"https:\/\/drone-parts-center.com\/de\/wp-json\/wp\/v2\/product"}],"about":[{"href":"https:\/\/drone-parts-center.com\/de\/wp-json\/wp\/v2\/types\/product"}],"replies":[{"embeddable":true,"href":"https:\/\/drone-parts-center.com\/de\/wp-json\/wp\/v2\/comments?post=96398"}],"wp:featuredmedia":[{"embeddable":true,"href":"https:\/\/drone-parts-center.com\/de\/wp-json\/wp\/v2\/media\/99854"}],"wp:attachment":[{"href":"https:\/\/drone-parts-center.com\/de\/wp-json\/wp\/v2\/media?parent=96398"}],"wp:term":[{"taxonomy":"product_brand","embeddable":true,"href":"https:\/\/drone-parts-center.com\/de\/wp-json\/wp\/v2\/product_brand?post=96398"},{"taxonomy":"product_cat","embeddable":true,"href":"https:\/\/drone-parts-center.com\/de\/wp-json\/wp\/v2\/product_cat?post=96398"},{"taxonomy":"product_tag","embeddable":true,"href":"https:\/\/drone-parts-center.com\/de\/wp-json\/wp\/v2\/product_tag?post=96398"}],"curies":[{"name":"wp","href":"https:\/\/api.w.org\/{rel}","templated":true}]}}