{"id":96393,"date":"2023-04-19T13:00:26","date_gmt":"2023-04-19T11:00:26","guid":{"rendered":"https:\/\/drone-parts-center.com\/produit\/dji-mini-3-pro-2-in-1-ladestation-fuer-akkus-mit-speichermodus\/"},"modified":"2025-07-26T20:36:14","modified_gmt":"2025-07-26T18:36:14","slug":"dji-mini-3-pro-2-in-1-ladestation-fuer-akkus-mit-speichermodus","status":"publish","type":"product","link":"https:\/\/drone-parts-center.com\/de\/produkt\/dji-mini-3-pro-2-in-1-ladestation-fuer-akkus-mit-speichermodus\/","title":{"rendered":"DJI Mini 3 Pro - 2-in-1 Ladestation f\u00fcr Akkus mit Speichermodus"},"content":{"rendered":"<h1>DJI Mini 3 Pro - 2-in-1 Ladestation f\u00fcr Akkus mit Speichermodus<\/h1>\n<p><span class=\"VIpgJd-yAWNEb-VIpgJd-fmcmS-sn54Q\">Um MINI 3 und MINI 3 Pro gleichzeitig aufladen zu k\u00f6nnen.  <\/span>Um zwei Akkus gleichzeitig laden zu k\u00f6nnen. Sie k\u00f6nnen den Akkustand auf dem LCD-Bildschirm sehen. 60 % Lagermodus zum Schutz der Batterien  <\/p>\n<ul>\n<li>Farbe: Grau<\/li>\n<li>Eingang: 5V \/ 9V \/ 12V \/ 15V \/ 20V-3A<\/li>\n<li>Ausgang: 8,5 V \/ 2,5 A * 2<\/li>\n<li>USB-Ausgang: 5 V\/2 A max.<\/li>\n<li>Ladezeit (&gt;PD 65W): 60 Minuten f\u00fcr 2 x 2453mAh Akkus<\/li>\n<li>Gewicht: 159 g<\/li>\n<li>Abmessung: 8,4 * 6 * 6,3 cm<\/li>\n<li>Eigenschaften: Mit LCD-Bildschirm und gleichzeitigem Laden von zwei Akkus.<\/li>\n<\/ul>\n","protected":false},"excerpt":{"rendered":"<p>Die DJI Mini 3 Pro ist eine praktische Ladestation f\u00fcr Akkus. Es verf\u00fcgt \u00fcber einen Speichermodus, um die Lebensdauer der Batterien zu verl\u00e4ngern. <\/p>\n","protected":false},"featured_media":99870,"comment_status":"open","ping_status":"closed","template":"","meta":{"_seopress_robots_primary_cat":"","_seopress_titles_title":"Laden Sie Ihre Akkus mit dem DJI Mini 3 Pro Hub auf.","_seopress_titles_desc":"Laden Sie zwei DJI Mini 3 Pro Akkus gleichzeitig mit dem 2-in-1-Hub, LCD-Bildschirm und Speichermodus. Optimaler Schutz f\u00fcr Sie. Farbe: Grau.  ","_seopress_robots_index":"","_seopress_analysis_target_kw":"DJI Mini 3 Pro - 2-in-1 Ladestation f\u00fcr Akkus mit Speichermodus"},"product_brand":[19426],"product_cat":[15719],"product_tag":[15630,16379,15485,16400,15628,16401],"class_list":{"0":"post-96393","1":"product","2":"type-product","3":"status-publish","4":"has-post-thumbnail","6":"product_brand-yx","7":"product_cat-dji-mini-3-pro-de-2","8":"product_tag-batterie-de-3","9":"product_tag-batterien","10":"product_tag-dji-de-3","11":"product_tag-dji-mini-3-pro-de-2","12":"product_tag-ladegerat-de","13":"product_tag-speichermodus","15":"first","16":"instock","17":"taxable","18":"shipping-taxable","19":"purchasable","20":"product-type-simple"},"_links":{"self":[{"href":"https:\/\/drone-parts-center.com\/de\/wp-json\/wp\/v2\/product\/96393","targetHints":{"allow":["GET"]}}],"collection":[{"href":"https:\/\/drone-parts-center.com\/de\/wp-json\/wp\/v2\/product"}],"about":[{"href":"https:\/\/drone-parts-center.com\/de\/wp-json\/wp\/v2\/types\/product"}],"replies":[{"embeddable":true,"href":"https:\/\/drone-parts-center.com\/de\/wp-json\/wp\/v2\/comments?post=96393"}],"wp:featuredmedia":[{"embeddable":true,"href":"https:\/\/drone-parts-center.com\/de\/wp-json\/wp\/v2\/media\/99870"}],"wp:attachment":[{"href":"https:\/\/drone-parts-center.com\/de\/wp-json\/wp\/v2\/media?parent=96393"}],"wp:term":[{"taxonomy":"product_brand","embeddable":true,"href":"https:\/\/drone-parts-center.com\/de\/wp-json\/wp\/v2\/product_brand?post=96393"},{"taxonomy":"product_cat","embeddable":true,"href":"https:\/\/drone-parts-center.com\/de\/wp-json\/wp\/v2\/product_cat?post=96393"},{"taxonomy":"product_tag","embeddable":true,"href":"https:\/\/drone-parts-center.com\/de\/wp-json\/wp\/v2\/product_tag?post=96393"}],"curies":[{"name":"wp","href":"https:\/\/api.w.org\/{rel}","templated":true}]}}