{"id":96346,"date":"2021-04-10T12:28:47","date_gmt":"2021-04-10T10:28:47","guid":{"rendered":"https:\/\/drone-parts-center.com\/produit\/dji-fpv-unteres-chassis\/"},"modified":"2025-07-26T22:49:34","modified_gmt":"2025-07-26T20:49:34","slug":"dji-fpv-unteres-chassis","status":"publish","type":"product","link":"https:\/\/drone-parts-center.com\/de\/produkt\/dji-fpv-unteres-chassis\/","title":{"rendered":"DJI FPV - Unteres Chassis"},"content":{"rendered":"<p>Ersatzfahrwerk f\u00fcr DJI FPV Drohne.<\/p>\n<p>Original DJI und brandneues Produkt.<\/p>\n","protected":false},"excerpt":{"rendered":"<p>Stellen Sie die Struktur Ihres DJI FPV mit dem Ersatzuntergestell wieder her. Stellen Sie die Stabilit\u00e4t und Integrit\u00e4t Ihrer Drohne wieder her, indem Sie sich f\u00fcr dieses authentische Teil entscheiden. <\/p>\n","protected":false},"featured_media":98012,"comment_status":"open","ping_status":"closed","template":"","meta":{"_seopress_robots_primary_cat":"","_seopress_titles_title":"Original und neues DJI FPV Untergestell","_seopress_titles_desc":"Entdecken Sie das Ersatz-Untergestell f\u00fcr Ihren DJI FPV. Original und neu f\u00fcr eine optimale Leistung. ","_seopress_robots_index":"","_seopress_analysis_target_kw":"DJI FPV - Unteres Chassis"},"product_brand":[19390],"product_cat":[15679],"product_tag":[15485,15682,15680],"class_list":{"0":"post-96346","1":"product","2":"type-product","3":"status-publish","4":"has-post-thumbnail","6":"product_brand-dji","7":"product_cat-dji-fpv-de","8":"product_tag-dji-de-3","9":"product_tag-festplatte-de","10":"product_tag-fpv-de-2","12":"first","13":"instock","14":"taxable","15":"shipping-taxable","16":"purchasable","17":"product-type-simple"},"_links":{"self":[{"href":"https:\/\/drone-parts-center.com\/de\/wp-json\/wp\/v2\/product\/96346","targetHints":{"allow":["GET"]}}],"collection":[{"href":"https:\/\/drone-parts-center.com\/de\/wp-json\/wp\/v2\/product"}],"about":[{"href":"https:\/\/drone-parts-center.com\/de\/wp-json\/wp\/v2\/types\/product"}],"replies":[{"embeddable":true,"href":"https:\/\/drone-parts-center.com\/de\/wp-json\/wp\/v2\/comments?post=96346"}],"wp:featuredmedia":[{"embeddable":true,"href":"https:\/\/drone-parts-center.com\/de\/wp-json\/wp\/v2\/media\/98012"}],"wp:attachment":[{"href":"https:\/\/drone-parts-center.com\/de\/wp-json\/wp\/v2\/media?parent=96346"}],"wp:term":[{"taxonomy":"product_brand","embeddable":true,"href":"https:\/\/drone-parts-center.com\/de\/wp-json\/wp\/v2\/product_brand?post=96346"},{"taxonomy":"product_cat","embeddable":true,"href":"https:\/\/drone-parts-center.com\/de\/wp-json\/wp\/v2\/product_cat?post=96346"},{"taxonomy":"product_tag","embeddable":true,"href":"https:\/\/drone-parts-center.com\/de\/wp-json\/wp\/v2\/product_tag?post=96346"}],"curies":[{"name":"wp","href":"https:\/\/api.w.org\/{rel}","templated":true}]}}