{"id":96337,"date":"2024-01-31T15:01:04","date_gmt":"2024-01-31T14:01:04","guid":{"rendered":"https:\/\/drone-parts-center.com\/produit\/dji-matrice-30-serie-1676-hoehenpropeller-c2-zertifizierung\/"},"modified":"2025-07-26T19:30:09","modified_gmt":"2025-07-26T17:30:09","slug":"dji-matrice-30-serie-1676-hoehenpropeller-c2-zertifizierung","status":"publish","type":"product","link":"https:\/\/drone-parts-center.com\/de\/produkt\/dji-matrice-30-serie-1676-hoehenpropeller-c2-zertifizierung\/","title":{"rendered":"DJI Matrice 30 Serie - Propeller f\u00fcr gro\u00dfe H\u00f6hen 1676 (C2-Zertifizierung)"},"content":{"rendered":"<p>Die H\u00f6henpropeller 1676 der DJI-Serie Matrice 30 wurden speziell f\u00fcr eine optimale Leistung in gro\u00dfen H\u00f6hen entwickelt. Sie erm\u00f6glichen es Ihnen, mit Ihrer Drohne unerforschte H\u00f6hen zu erreichen, w\u00e4hrend sie gleichzeitig das C2-Zertifizierungsverfahren vereinfachen. Diese robusten und zuverl\u00e4ssigen Propeller sind unerl\u00e4sslich, um neue Horizonte zu erkunden und das Flugerlebnis mit Ihrer DJI Matrice 30 zu verbessern.  <\/p>\n","protected":false},"excerpt":{"rendered":"<p>DJI-Propeller Matrice 30, ideal f\u00fcr gro\u00dfe H\u00f6hen. \u00dcberlegene Leistung, C2-Zertifizierung. <\/p>\n","protected":false},"featured_media":100662,"comment_status":"open","ping_status":"closed","template":"","meta":{"_seopress_robots_primary_cat":"","_seopress_titles_title":"DJI-Propeller Matrice 30: Erforschen Sie neue Gipfel.","_seopress_titles_desc":"DJI-Propeller Matrice 30 f\u00fcr gro\u00dfe H\u00f6hen: Robustheit und Zuverl\u00e4ssigkeit, die den h\u00f6chsten Gipfeln gerecht werden. Beginnen Sie Ihr Abenteuer noch heute! ","_seopress_robots_index":""},"product_brand":[19450],"product_cat":[15656],"product_tag":[16274,15485,16272,16273,16271,15936],"class_list":{"0":"post-96337","1":"product","2":"type-product","3":"status-publish","4":"has-post-thumbnail","6":"product_brand-dji-enterprise","7":"product_cat-dji-matrix","8":"product_tag-c2-zertifizierung","9":"product_tag-dji-de-3","10":"product_tag-dji-matrice-30-propeller","11":"product_tag-grose-hohe","12":"product_tag-leistung-der-drohne","13":"product_tag-zubehor-fur-drohnen-de","15":"first","16":"instock","17":"taxable","18":"shipping-taxable","19":"purchasable","20":"product-type-simple"},"_links":{"self":[{"href":"https:\/\/drone-parts-center.com\/de\/wp-json\/wp\/v2\/product\/96337","targetHints":{"allow":["GET"]}}],"collection":[{"href":"https:\/\/drone-parts-center.com\/de\/wp-json\/wp\/v2\/product"}],"about":[{"href":"https:\/\/drone-parts-center.com\/de\/wp-json\/wp\/v2\/types\/product"}],"replies":[{"embeddable":true,"href":"https:\/\/drone-parts-center.com\/de\/wp-json\/wp\/v2\/comments?post=96337"}],"wp:featuredmedia":[{"embeddable":true,"href":"https:\/\/drone-parts-center.com\/de\/wp-json\/wp\/v2\/media\/100662"}],"wp:attachment":[{"href":"https:\/\/drone-parts-center.com\/de\/wp-json\/wp\/v2\/media?parent=96337"}],"wp:term":[{"taxonomy":"product_brand","embeddable":true,"href":"https:\/\/drone-parts-center.com\/de\/wp-json\/wp\/v2\/product_brand?post=96337"},{"taxonomy":"product_cat","embeddable":true,"href":"https:\/\/drone-parts-center.com\/de\/wp-json\/wp\/v2\/product_cat?post=96337"},{"taxonomy":"product_tag","embeddable":true,"href":"https:\/\/drone-parts-center.com\/de\/wp-json\/wp\/v2\/product_tag?post=96337"}],"curies":[{"name":"wp","href":"https:\/\/api.w.org\/{rel}","templated":true}]}}