{"id":96325,"date":"2023-08-14T11:35:03","date_gmt":"2023-08-14T09:35:03","guid":{"rendered":"https:\/\/drone-parts-center.com\/produit\/dji-mini-3-ersatzgeraet\/"},"modified":"2026-02-18T08:12:04","modified_gmt":"2026-02-18T07:12:04","slug":"dji-mini-3-ersatzgeraet","status":"publish","type":"product","link":"https:\/\/drone-parts-center.com\/de\/produkt\/dji-mini-3-ersatzgeraet\/","title":{"rendered":"DJI Mini 3 - Ersatzeinheit"},"content":{"rendered":"<h2>DJI Mini 3 - Komplette Ersatzeinheit<\/h2>\n<p>Original DJI Ersatzeinheit (Aircraft) f\u00fcr die Mini 3 Drohne. Diese Einheit enth\u00e4lt das komplette Geh\u00e4use der Drohne mit Kamera, stabilisierter Gondel, Motoren, Propellern und Flugelektronik. Die ideale L\u00f6sung f\u00fcr den Fall, dass die Drohne einen schweren, nicht reparierbaren Schaden erleidet.  <\/p>\n<h3>Inhalt<\/h3>\n<p>Die Einheit umfasst die komplette Mini 3 Drohne. Fernsteuerung, Akku und Zubeh\u00f6r sind nicht enthalten und m\u00fcssen aus Ihrer vorhandenen Drohne entnommen oder separat gekauft werden. Der Artikel ist neu und berechtigt zum DJI Care Refresh.  <\/p>\n<h3>Kompatibilit\u00e4t<\/h3>\n<p>Spezielle Ersatzeinheit f\u00fcr den DJI Mini 3. Nicht kompatibel mit DJI Mini 3 Pro, Mini 2 oder Mini 4 Pro. Verwenden Sie Ihre vorhandenen Mini 3 Batterien und Fernsteuerung.  <\/p>\n","protected":false},"excerpt":{"rendered":"<p>Ersatzeinheit f\u00fcr die DJI Mini 3 Drohne, dieses Teil ist 100% neu und authentisch von DJI.<\/p>\n","protected":false},"featured_media":0,"comment_status":"open","ping_status":"closed","template":"","meta":{"_seopress_robots_primary_cat":"","_seopress_titles_title":"DJI Air 2s - DJI Care-f\u00e4hige Ersatzeinheit","_seopress_titles_desc":"Kaufen Sie das Ersatzger\u00e4t DJI Air 2s, neu und berechtigt zum DJI Care Refresh. Ohne Fernsteuerung und Akku. ","_seopress_robots_index":"yes","_seopress_analysis_target_kw":"DJI Air 2s - Ersatzger\u00e4t"},"product_brand":[19390],"product_cat":[15798],"product_tag":[15485,15835,15836,15800],"class_list":{"0":"post-96325","1":"product","2":"type-product","3":"status-publish","5":"product_brand-dji","6":"product_cat-dji-mini-3-de-2","7":"product_tag-dji-de-3","8":"product_tag-einheit-de","9":"product_tag-ersatz-de","10":"product_tag-mini-3-de","12":"first","13":"outofstock","14":"taxable","15":"shipping-taxable","16":"purchasable","17":"product-type-simple"},"_links":{"self":[{"href":"https:\/\/drone-parts-center.com\/de\/wp-json\/wp\/v2\/product\/96325","targetHints":{"allow":["GET"]}}],"collection":[{"href":"https:\/\/drone-parts-center.com\/de\/wp-json\/wp\/v2\/product"}],"about":[{"href":"https:\/\/drone-parts-center.com\/de\/wp-json\/wp\/v2\/types\/product"}],"replies":[{"embeddable":true,"href":"https:\/\/drone-parts-center.com\/de\/wp-json\/wp\/v2\/comments?post=96325"}],"wp:attachment":[{"href":"https:\/\/drone-parts-center.com\/de\/wp-json\/wp\/v2\/media?parent=96325"}],"wp:term":[{"taxonomy":"product_brand","embeddable":true,"href":"https:\/\/drone-parts-center.com\/de\/wp-json\/wp\/v2\/product_brand?post=96325"},{"taxonomy":"product_cat","embeddable":true,"href":"https:\/\/drone-parts-center.com\/de\/wp-json\/wp\/v2\/product_cat?post=96325"},{"taxonomy":"product_tag","embeddable":true,"href":"https:\/\/drone-parts-center.com\/de\/wp-json\/wp\/v2\/product_tag?post=96325"}],"curies":[{"name":"wp","href":"https:\/\/api.w.org\/{rel}","templated":true}]}}