{"id":96324,"date":"2023-08-16T12:19:33","date_gmt":"2023-08-16T10:19:33","guid":{"rendered":"https:\/\/drone-parts-center.com\/produit\/dji-inspire-3-untere-abdeckung\/"},"modified":"2026-02-18T08:12:11","modified_gmt":"2026-02-18T07:12:11","slug":"dji-inspire-3-untere-abdeckung","status":"publish","type":"product","link":"https:\/\/drone-parts-center.com\/de\/produkt\/dji-inspire-3-untere-abdeckung\/","title":{"rendered":"DJI Inspire 3 - Untere Abdeckung"},"content":{"rendered":"<h2>DJI Inspire 3 - Unterschale (Lower Cover)<\/h2>\n<p>Original DJI Unterschale (lower cover) f\u00fcr die professionelle Drohne Inspire 3. Dieses Verkleidungsteil bildet den unteren Teil des Rumpfes und sch\u00fctzt die internen elektronischen Komponenten, das K\u00fchlsystem und die Anschl\u00fcsse des Doppelakkus TB51. <\/p>\n<h3>Wann sollte diese M\u00fcnze ausgetauscht werden?<\/h3>\n<p>Ersetzen Sie die Unterschale, wenn sie gerissen, verformt oder nach einer harten Landung besch\u00e4digt ist. Eine intakte Verkleidung ist wichtig, um die Integrit\u00e4t der internen Komponenten und das aerodynamische Profil des Inspire 3 zu erhalten. <\/p>\n<h3>Kompatibilit\u00e4t<\/h3>\n<p>Nur mit dem DJI Inspire 3 kompatibel. 100% Original DJI-Produkt, neu. <\/p>\n","protected":false},"excerpt":{"rendered":"<p>Die DJI Inspire 3 ist eine professionelle Drohne mit einer eingebauten Kamera und einem robusten Design. Das Lower Cover bietet zus\u00e4tzlichen Schutz f\u00fcr die Drohne bei der Verwendung. <\/p>\n","protected":false},"featured_media":100320,"comment_status":"open","ping_status":"closed","template":"","meta":{"_seopress_robots_primary_cat":"","_seopress_titles_title":"Gondelhalterung f\u00fcr DJI Matrice 300 verf\u00fcgbar","_seopress_titles_desc":"Entdecken Sie die Gondelhalterung f\u00fcr DJI Matrice 300, verbessern Sie Ihre Drohne mit einem 100% originalen und neuen Produkt!","_seopress_robots_index":"yes"},"product_brand":[19390],"product_cat":[15494],"product_tag":[15485,15824,16238],"class_list":{"0":"post-96324","1":"product","2":"type-product","3":"status-publish","4":"has-post-thumbnail","6":"product_brand-dji","7":"product_cat-dji-inspire-de","8":"product_tag-dji-de-3","9":"product_tag-dji-inspire-3-de-2","10":"product_tag-untere-abdeckung","11":"pa_position-4-in-1-set-de","12":"pa_position-arriere-droit-de","13":"pa_position-arriere-gauche-de","14":"pa_position-avant-droit-de","15":"pa_position-avant-gauche-de","16":"pa_position-left-back-de","17":"pa_position-right-back-de","18":"pa_position-right-front-de","20":"first","21":"outofstock","22":"taxable","23":"shipping-taxable","24":"purchasable","25":"product-type-simple"},"_links":{"self":[{"href":"https:\/\/drone-parts-center.com\/de\/wp-json\/wp\/v2\/product\/96324","targetHints":{"allow":["GET"]}}],"collection":[{"href":"https:\/\/drone-parts-center.com\/de\/wp-json\/wp\/v2\/product"}],"about":[{"href":"https:\/\/drone-parts-center.com\/de\/wp-json\/wp\/v2\/types\/product"}],"replies":[{"embeddable":true,"href":"https:\/\/drone-parts-center.com\/de\/wp-json\/wp\/v2\/comments?post=96324"}],"wp:featuredmedia":[{"embeddable":true,"href":"https:\/\/drone-parts-center.com\/de\/wp-json\/wp\/v2\/media\/100320"}],"wp:attachment":[{"href":"https:\/\/drone-parts-center.com\/de\/wp-json\/wp\/v2\/media?parent=96324"}],"wp:term":[{"taxonomy":"product_brand","embeddable":true,"href":"https:\/\/drone-parts-center.com\/de\/wp-json\/wp\/v2\/product_brand?post=96324"},{"taxonomy":"product_cat","embeddable":true,"href":"https:\/\/drone-parts-center.com\/de\/wp-json\/wp\/v2\/product_cat?post=96324"},{"taxonomy":"product_tag","embeddable":true,"href":"https:\/\/drone-parts-center.com\/de\/wp-json\/wp\/v2\/product_tag?post=96324"}],"curies":[{"name":"wp","href":"https:\/\/api.w.org\/{rel}","templated":true}]}}