{"id":96311,"date":"2023-10-30T16:09:22","date_gmt":"2023-10-30T15:09:22","guid":{"rendered":"https:\/\/drone-parts-center.com\/produit\/dji-mavic-3-side-vision-system-modul-und-obermaterial\/"},"modified":"2026-02-18T08:12:28","modified_gmt":"2026-02-18T07:12:28","slug":"dji-mavic-3-side-vision-system-modul-und-obermaterial","status":"publish","type":"product","link":"https:\/\/drone-parts-center.com\/de\/produkt\/dji-mavic-3-side-vision-system-modul-und-obermaterial\/","title":{"rendered":"DJI Mavic 3 - Seitliches und oberes Sichtsystem-Modul"},"content":{"rendered":"<h2>DJI Mavic 3 - Seitliches und oberes Sichtsystem-Modul<\/h2>\n<p>Das obere und seitliche Sichtmodul der DJI Mavic 3 integriert die Sensoren zur Hinderniserkennung, die an den Seiten und oben auf der Drohne positioniert sind. Dieses System ist Teil des APAS 5.0 (Advanced Pilot Assistance System), das automatisch Hindernissen in allen Richtungen ausweicht. <\/p>\n<h3>Funktion<\/h3>\n<p>Die seitlichen und oberen binokularen Vision-Sensoren erkennen Hindernisse in einem Radius von bis zu 38 Metern zu den Seiten und 44 Metern nach oben. Dieses Teil ist f\u00fcr die Funktion des omnidirektionalen Erkennungssystems des Mavic 3 unerl\u00e4sslich. <\/p>\n<h3>Symptome eines fehlerhaften Moduls<\/h3>\n<p>Eine Fehlfunktion \u00e4u\u00dfert sich durch Fehlermeldungen in DJI Fly, die automatische Deaktivierung des seitlichen und oberen APAS oder durch Meldungen \u00fcber eine unm\u00f6gliche Kalibrierung. Durch den Austausch wird die vollst\u00e4ndige Hinderniserkennung wiederhergestellt. <\/p>\n<h3>Kompatibilit\u00e4t<\/h3>\n<p>Kompatibel mit der DJI Mavic 3 und der Mavic 3 Cine.<\/p>\n","protected":false},"excerpt":{"rendered":"<p>Dieses Teil dient als Ersatz f\u00fcr das obere und seitliche Sichtsystem-Modul der <strong>DJI Mavic 3<\/strong> Drohne.<\/p>\n","protected":false},"featured_media":100468,"comment_status":"open","ping_status":"closed","template":"","meta":{"_seopress_robots_primary_cat":"","_seopress_titles_title":"Ersetzen Sie das Original DJI Mavic 3 Vision Modul.","_seopress_titles_desc":"Kaufen Sie Ihre DJI Mavic 3 - Modul Seitliches und oberes Sichtsystem bei Drone Parts Center. Ihr Spezialist f\u00fcr Drohnen-Ersatzteile. ","_seopress_robots_index":""},"product_brand":[19390],"product_cat":[15708],"product_tag":[],"class_list":{"0":"post-96311","1":"product","2":"type-product","3":"status-publish","4":"has-post-thumbnail","6":"product_brand-dji","7":"product_cat-dji-mavic-3-de","9":"first","10":"instock","11":"taxable","12":"shipping-taxable","13":"purchasable","14":"product-type-simple"},"_links":{"self":[{"href":"https:\/\/drone-parts-center.com\/de\/wp-json\/wp\/v2\/product\/96311","targetHints":{"allow":["GET"]}}],"collection":[{"href":"https:\/\/drone-parts-center.com\/de\/wp-json\/wp\/v2\/product"}],"about":[{"href":"https:\/\/drone-parts-center.com\/de\/wp-json\/wp\/v2\/types\/product"}],"replies":[{"embeddable":true,"href":"https:\/\/drone-parts-center.com\/de\/wp-json\/wp\/v2\/comments?post=96311"}],"wp:featuredmedia":[{"embeddable":true,"href":"https:\/\/drone-parts-center.com\/de\/wp-json\/wp\/v2\/media\/100468"}],"wp:attachment":[{"href":"https:\/\/drone-parts-center.com\/de\/wp-json\/wp\/v2\/media?parent=96311"}],"wp:term":[{"taxonomy":"product_brand","embeddable":true,"href":"https:\/\/drone-parts-center.com\/de\/wp-json\/wp\/v2\/product_brand?post=96311"},{"taxonomy":"product_cat","embeddable":true,"href":"https:\/\/drone-parts-center.com\/de\/wp-json\/wp\/v2\/product_cat?post=96311"},{"taxonomy":"product_tag","embeddable":true,"href":"https:\/\/drone-parts-center.com\/de\/wp-json\/wp\/v2\/product_tag?post=96311"}],"curies":[{"name":"wp","href":"https:\/\/api.w.org\/{rel}","templated":true}]}}