{"id":96308,"date":"2021-05-01T07:02:18","date_gmt":"2021-05-01T05:02:18","guid":{"rendered":"https:\/\/drone-parts-center.com\/produit\/dji-fpv-kuehlkoerper-fuer-regler\/"},"modified":"2025-07-26T22:46:37","modified_gmt":"2025-07-26T20:46:37","slug":"dji-fpv-kuehlkoerper-fuer-regler","status":"publish","type":"product","link":"https:\/\/drone-parts-center.com\/de\/produkt\/dji-fpv-kuehlkoerper-fuer-regler\/","title":{"rendered":"DJI FPV - K\u00fchlk\u00f6rper f\u00fcr Regler"},"content":{"rendered":"<p>ESC-K\u00fchlk\u00f6rper als Ersatz f\u00fcr DJI FPV-Drohnen.<\/p>\n<p>Original DJI-Produkt und neu.<\/p>\n<div id=\"gtx-trans\" style=\"position: absolute; left: -3px; top: -1.60938px;\">\n<div class=\"gtx-trans-icon\"><\/div>\n<\/div>\n","protected":false},"excerpt":{"rendered":"<p>Optimiere dein DJI FPV mit dem ESC K\u00fchlk\u00f6rper. Reduzieren Sie die Hitze und verbessern Sie die Leistung Ihrer ESCs f\u00fcr zuverl\u00e4ssigere Fl\u00fcge und eine l\u00e4ngere Lebensdauer. <\/p>\n","protected":false},"featured_media":98040,"comment_status":"open","ping_status":"closed","template":"","meta":{"_seopress_robots_primary_cat":"","_seopress_titles_title":"Neuer ESC-K\u00fchlk\u00f6rper f\u00fcr DJI FPV","_seopress_titles_desc":"Kaufen Sie einen K\u00fchlk\u00f6rper f\u00fcr den ESC einer DJI FPV Drohne. Originalprodukt, verbessern Sie die W\u00e4rmeleistung Ihrer Drohne. ","_seopress_robots_index":"","_seopress_analysis_target_kw":"DJI FPV - K\u00fchlk\u00f6rper f\u00fcr Regler"},"product_brand":[19390],"product_cat":[15679],"product_tag":[15485,15682,15680],"class_list":{"0":"post-96308","1":"product","2":"type-product","3":"status-publish","4":"has-post-thumbnail","6":"product_brand-dji","7":"product_cat-dji-fpv-de","8":"product_tag-dji-de-3","9":"product_tag-festplatte-de","10":"product_tag-fpv-de-2","12":"first","13":"instock","14":"taxable","15":"shipping-taxable","16":"purchasable","17":"product-type-simple"},"_links":{"self":[{"href":"https:\/\/drone-parts-center.com\/de\/wp-json\/wp\/v2\/product\/96308","targetHints":{"allow":["GET"]}}],"collection":[{"href":"https:\/\/drone-parts-center.com\/de\/wp-json\/wp\/v2\/product"}],"about":[{"href":"https:\/\/drone-parts-center.com\/de\/wp-json\/wp\/v2\/types\/product"}],"replies":[{"embeddable":true,"href":"https:\/\/drone-parts-center.com\/de\/wp-json\/wp\/v2\/comments?post=96308"}],"wp:featuredmedia":[{"embeddable":true,"href":"https:\/\/drone-parts-center.com\/de\/wp-json\/wp\/v2\/media\/98040"}],"wp:attachment":[{"href":"https:\/\/drone-parts-center.com\/de\/wp-json\/wp\/v2\/media?parent=96308"}],"wp:term":[{"taxonomy":"product_brand","embeddable":true,"href":"https:\/\/drone-parts-center.com\/de\/wp-json\/wp\/v2\/product_brand?post=96308"},{"taxonomy":"product_cat","embeddable":true,"href":"https:\/\/drone-parts-center.com\/de\/wp-json\/wp\/v2\/product_cat?post=96308"},{"taxonomy":"product_tag","embeddable":true,"href":"https:\/\/drone-parts-center.com\/de\/wp-json\/wp\/v2\/product_tag?post=96308"}],"curies":[{"name":"wp","href":"https:\/\/api.w.org\/{rel}","templated":true}]}}