{"id":96304,"date":"2021-04-28T21:59:41","date_gmt":"2021-04-28T19:59:41","guid":{"rendered":"https:\/\/drone-parts-center.com\/produit\/tbs-tbs-tango-2-ersatz-gimbal-1-stueck\/"},"modified":"2025-07-26T22:47:37","modified_gmt":"2025-07-26T20:47:37","slug":"tbs-tbs-tango-2-ersatz-gimbal-1-stueck","status":"publish","type":"product","link":"https:\/\/drone-parts-center.com\/de\/produkt\/tbs-tbs-tango-2-ersatz-gimbal-1-stueck\/","title":{"rendered":"TBS - TBS Tango 2 Ersatz-Gimbal (1 St\u00fcck)"},"content":{"rendered":"<p>TBS - TBS Tango 2 Ersatz-Gimbal (1 St\u00fcck)<\/p>\n<p><span class=\"goog-text-highlight\">Eine komplette Gimbal-Einheit (komplett montiert). <\/span><\/p>\n<p>G\u00fcltig sowohl f\u00fcr den linken als auch f\u00fcr den rechten Gimbal.<\/p>\n<p>Hinweis: Nach einem Austausch <em><strong>m\u00fcssen<\/strong><\/em> Sie Ihren Gimbal \u00fcber die OpenTX-Software kalibrieren!<\/p>\n","protected":false},"excerpt":{"rendered":"<p>R\u00fcsten Sie Ihren TBS Tango 2 mit dem TBS Tango 2 Ersatz-Gimbal auf. Stellen Sie die Steuerungsgenauigkeit Ihrer Fernbedienung mit diesem Original-Ersatzteil wieder her. <\/p>\n","protected":false},"featured_media":98034,"comment_status":"open","ping_status":"closed","template":"","meta":{"_seopress_robots_primary_cat":"","_seopress_titles_title":"Ersatz-Gimbal TBS Tango 2 - Kalibrierung erforderlich","_seopress_titles_desc":"Ersetzen Sie einfach Ihr TBS Tango 2 Gimbal. Links oder rechts kompatibel. Denken Sie daran, nach der Installation mit OpenTX zu kalibrieren.  ","_seopress_robots_index":""},"product_brand":[19420],"product_cat":[],"product_tag":[15700],"class_list":{"0":"post-96304","1":"product","2":"type-product","3":"status-publish","4":"has-post-thumbnail","6":"product_brand-tbs","7":"product_tag-tbs-de-2","9":"first","10":"instock","11":"sale","12":"taxable","13":"shipping-taxable","14":"purchasable","15":"product-type-simple"},"_links":{"self":[{"href":"https:\/\/drone-parts-center.com\/de\/wp-json\/wp\/v2\/product\/96304","targetHints":{"allow":["GET"]}}],"collection":[{"href":"https:\/\/drone-parts-center.com\/de\/wp-json\/wp\/v2\/product"}],"about":[{"href":"https:\/\/drone-parts-center.com\/de\/wp-json\/wp\/v2\/types\/product"}],"replies":[{"embeddable":true,"href":"https:\/\/drone-parts-center.com\/de\/wp-json\/wp\/v2\/comments?post=96304"}],"wp:featuredmedia":[{"embeddable":true,"href":"https:\/\/drone-parts-center.com\/de\/wp-json\/wp\/v2\/media\/98034"}],"wp:attachment":[{"href":"https:\/\/drone-parts-center.com\/de\/wp-json\/wp\/v2\/media?parent=96304"}],"wp:term":[{"taxonomy":"product_brand","embeddable":true,"href":"https:\/\/drone-parts-center.com\/de\/wp-json\/wp\/v2\/product_brand?post=96304"},{"taxonomy":"product_cat","embeddable":true,"href":"https:\/\/drone-parts-center.com\/de\/wp-json\/wp\/v2\/product_cat?post=96304"},{"taxonomy":"product_tag","embeddable":true,"href":"https:\/\/drone-parts-center.com\/de\/wp-json\/wp\/v2\/product_tag?post=96304"}],"curies":[{"name":"wp","href":"https:\/\/api.w.org\/{rel}","templated":true}]}}