{"id":96282,"date":"2023-12-06T16:09:30","date_gmt":"2023-12-06T15:09:30","guid":{"rendered":"https:\/\/drone-parts-center.com\/produit\/dji-air-3-omnidirektionales-sichtmodul\/"},"modified":"2025-07-26T19:46:27","modified_gmt":"2025-07-26T17:46:27","slug":"dji-air-3-omnidirektionales-sichtmodul","status":"publish","type":"product","link":"https:\/\/drone-parts-center.com\/de\/produkt\/dji-air-3-omnidirektionales-sichtmodul\/","title":{"rendered":"DJI Air 3 - Omnidirektionales Sichtmodul"},"content":{"rendered":"<p>Entdecken Sie das DJI Air 3 Omnidirektionale Sichtmodul, ein wichtiges Ersatzteil f\u00fcr jeden Drohnen-Enthusiasten. Dieses Modul wurde speziell f\u00fcr die DJI Air 3 entwickelt und ist ideal f\u00fcr Reparaturen im Falle eines Absturzes oder Unfalls. Es wird von DJI geliefert und garantiert die perfekte Kompatibilit\u00e4t mit Ihrer Drohne, um eine optimale Leistung zu gew\u00e4hrleisten.  <\/p>\n<p>Dieses omnidirektionale Sichtmodul ist ein neues und originales Ersatzteil der Marke DJI. Seine hohe Qualit\u00e4t garantiert Ihnen eine au\u00dfergew\u00f6hnliche Haltbarkeit und Zuverl\u00e4ssigkeit. Indem Sie Ihr besch\u00e4digtes Modul durch dieses Originalprodukt ersetzen, erhalten Sie die hohen Qualit\u00e4ts- und Sicherheitsstandards von DJI aufrecht und sorgen f\u00fcr eine lange Lebensdauer Ihrer Drohne.  <\/p>\n<p>Die Installation dieses Moduls ist f\u00fcr Nutzer mit einem Minimum an Elektronikkenntnissen m\u00f6glich. F\u00fcr eine nahtlose Integration empfehlen wir jedoch, dass Sie sich an einen Fachmann oder ein Publikum wenden, das sich mit der Reparatur von Drohnen auskennt. Mit diesem omnidirektionalen Sichtmodul k\u00f6nnen Sie schnell alle Funktionen Ihres DJI Air 3 nutzen, einschlie\u00dflich der F\u00e4higkeit, Hindernissen auf intuitive Weise auszuweichen.  <\/p>\n<p>Dieses Modul spielt eine entscheidende Rolle im Navigations- und Sicherheitssystem des DJI Air 3. Es erm\u00f6glicht eine pr\u00e4zise Erkennung von Hindernissen und verbessert so die Sicherheit w\u00e4hrend des Fluges. Dies ist besonders n\u00fctzlich in komplexen Umgebungen oder bei Fl\u00fcgen in geringer H\u00f6he. Mit diesem Modul k\u00f6nnen Sie beruhigt fliegen, da Sie wissen, dass Ihre Drohne so ausgestattet ist, dass sie auch mit unvorhergesehenen Ereignissen gut umgehen kann.   <\/p>\n<p>Mit dem DJI Air 3 Omni-Vision-Modul entscheiden Sie sich f\u00fcr ein hochwertiges Produkt, das die Lebensdauer Ihrer Drohne verl\u00e4ngert. Warten Sie nicht l\u00e4nger, sondern bringen Sie Ihre DJI Air 3 wieder in einen voll funktionsf\u00e4higen Zustand, damit Sie Ihre Flugabenteuer in vollen Z\u00fcgen genie\u00dfen k\u00f6nnen. <\/p>\n","protected":false},"excerpt":{"rendered":"<p>Das Omnidirectional Vision Module f\u00fcr DJI Air 3 ist ein Original-Ersatzteil, ideal f\u00fcr die Wiederherstellung Ihrer Drohne nach einem Unfall. Dieses speziell f\u00fcr die DJI Air 3 entwickelte Modul sorgt f\u00fcr optimale Leistung und Sicherheit. Es ist einfach zu installieren und f\u00fcr Elektronikversierte unerl\u00e4sslich, um die Navigations- und Hindernisvermeidungsf\u00e4higkeiten Ihrer Drohne zu erhalten. Verlassen Sie sich auf dieses authentische DJI-Teil, um die Haltbarkeit und Zuverl\u00e4ssigkeit Ihrer Drohne zu erh\u00f6hen.   <\/p>\n","protected":false},"featured_media":100561,"comment_status":"open","ping_status":"closed","template":"","meta":{"_seopress_robots_primary_cat":"","_seopress_titles_title":"Optimieren Sie Ihren DJI Air 3: Omnidirektionales Vision-Modul","_seopress_titles_desc":"DJI Air 3 Omnidirectional Vision Module: Original-Ersatzteil f\u00fcr zuverl\u00e4ssige und sichere Reparaturen.","_seopress_robots_index":"yes"},"product_brand":[19390],"product_cat":[15978],"product_tag":[15933,16136,16038,16138,16139,16032,16137,16026,15934,16140],"class_list":{"0":"post-96282","1":"product","2":"type-product","3":"status-publish","4":"has-post-thumbnail","6":"product_brand-dji","7":"product_cat-dji-air-3-de-2","8":"product_tag-dji-air-3-de","9":"product_tag-dji-ersatzteile-de","10":"product_tag-dji-qualitat","11":"product_tag-drohnen-ersatzteil","12":"product_tag-drohnen-navigation-de","13":"product_tag-drohnenleistung-de","14":"product_tag-omnidirektionales-bildverarbeitungsmodul","15":"product_tag-reparatur-von-drohnen-de-2","16":"product_tag-sicherheit-von-drohnen-de","17":"product_tag-vermeidung-von-hindernissen","19":"first","20":"outofstock","21":"taxable","22":"shipping-taxable","23":"purchasable","24":"product-type-simple"},"_links":{"self":[{"href":"https:\/\/drone-parts-center.com\/de\/wp-json\/wp\/v2\/product\/96282","targetHints":{"allow":["GET"]}}],"collection":[{"href":"https:\/\/drone-parts-center.com\/de\/wp-json\/wp\/v2\/product"}],"about":[{"href":"https:\/\/drone-parts-center.com\/de\/wp-json\/wp\/v2\/types\/product"}],"replies":[{"embeddable":true,"href":"https:\/\/drone-parts-center.com\/de\/wp-json\/wp\/v2\/comments?post=96282"}],"wp:featuredmedia":[{"embeddable":true,"href":"https:\/\/drone-parts-center.com\/de\/wp-json\/wp\/v2\/media\/100561"}],"wp:attachment":[{"href":"https:\/\/drone-parts-center.com\/de\/wp-json\/wp\/v2\/media?parent=96282"}],"wp:term":[{"taxonomy":"product_brand","embeddable":true,"href":"https:\/\/drone-parts-center.com\/de\/wp-json\/wp\/v2\/product_brand?post=96282"},{"taxonomy":"product_cat","embeddable":true,"href":"https:\/\/drone-parts-center.com\/de\/wp-json\/wp\/v2\/product_cat?post=96282"},{"taxonomy":"product_tag","embeddable":true,"href":"https:\/\/drone-parts-center.com\/de\/wp-json\/wp\/v2\/product_tag?post=96282"}],"curies":[{"name":"wp","href":"https:\/\/api.w.org\/{rel}","templated":true}]}}