{"id":96264,"date":"2021-08-20T07:48:13","date_gmt":"2021-08-20T05:48:13","guid":{"rendered":"https:\/\/drone-parts-center.com\/produit\/tbs-tbs-tango-ersatzschalter\/"},"modified":"2025-07-26T22:27:03","modified_gmt":"2025-07-26T20:27:03","slug":"tbs-tbs-tango-ersatzschalter","status":"publish","type":"product","link":"https:\/\/drone-parts-center.com\/de\/produkt\/tbs-tbs-tango-ersatzschalter\/","title":{"rendered":"TBS - TBS Tango Ersatzschalter"},"content":{"rendered":"<p>TBS - TBS Tango Ersatzschalter<\/p>\n<p><span class=\"goog-text-highlight\">Ein Ersatzpaar Schalter f\u00fcr den TBS Tango.  <\/span>Passt sowohl links als auch rechts.<\/p>\n<h3 class=\"h1\">ENTH\u00c4LT:<\/h3>\n<ul>\n<li>1x Paar TBS Tango Switches<\/li>\n<\/ul>\n","protected":false},"excerpt":{"rendered":"<p>Optimieren Sie Ihre TBS Tango Fernbedienung mit der TBS Tango Ersatztaste. Stellen Sie mit diesem Ersatzteil die kontinuierliche Funktionalit\u00e4t Ihres Ger\u00e4tes sicher. <\/p>\n","protected":false},"featured_media":98316,"comment_status":"open","ping_status":"closed","template":"","meta":{"_seopress_robots_primary_cat":"","_seopress_titles_title":"TBS TANGO : Vielseitige Ersatzschalter","_seopress_titles_desc":"Entdecken Sie die Ersatzschalter f\u00fcr TBS Tango. Links und rechts anpassbar, perfekt f\u00fcr Ihre Ausr\u00fcstung. ","_seopress_robots_index":"","_seopress_analysis_target_kw":"TBS - TBS TANGO ERSATZSCHALTER"},"product_brand":[19420],"product_cat":[19957],"product_tag":[15700],"class_list":{"0":"post-96264","1":"product","2":"type-product","3":"status-publish","4":"has-post-thumbnail","6":"product_brand-tbs","7":"product_cat-auslaufmodelle","8":"product_tag-tbs-de-2","10":"first","11":"instock","12":"sale","13":"taxable","14":"shipping-taxable","15":"purchasable","16":"product-type-simple"},"_links":{"self":[{"href":"https:\/\/drone-parts-center.com\/de\/wp-json\/wp\/v2\/product\/96264","targetHints":{"allow":["GET"]}}],"collection":[{"href":"https:\/\/drone-parts-center.com\/de\/wp-json\/wp\/v2\/product"}],"about":[{"href":"https:\/\/drone-parts-center.com\/de\/wp-json\/wp\/v2\/types\/product"}],"replies":[{"embeddable":true,"href":"https:\/\/drone-parts-center.com\/de\/wp-json\/wp\/v2\/comments?post=96264"}],"wp:featuredmedia":[{"embeddable":true,"href":"https:\/\/drone-parts-center.com\/de\/wp-json\/wp\/v2\/media\/98316"}],"wp:attachment":[{"href":"https:\/\/drone-parts-center.com\/de\/wp-json\/wp\/v2\/media?parent=96264"}],"wp:term":[{"taxonomy":"product_brand","embeddable":true,"href":"https:\/\/drone-parts-center.com\/de\/wp-json\/wp\/v2\/product_brand?post=96264"},{"taxonomy":"product_cat","embeddable":true,"href":"https:\/\/drone-parts-center.com\/de\/wp-json\/wp\/v2\/product_cat?post=96264"},{"taxonomy":"product_tag","embeddable":true,"href":"https:\/\/drone-parts-center.com\/de\/wp-json\/wp\/v2\/product_tag?post=96264"}],"curies":[{"name":"wp","href":"https:\/\/api.w.org\/{rel}","templated":true}]}}