{"id":96249,"date":"2023-12-20T10:57:21","date_gmt":"2023-12-20T09:57:21","guid":{"rendered":"https:\/\/drone-parts-center.com\/produit\/dji-air-3-infrarot-sensor-modul\/"},"modified":"2025-07-26T19:42:51","modified_gmt":"2025-07-26T17:42:51","slug":"dji-air-3-infrarot-sensor-modul","status":"publish","type":"product","link":"https:\/\/drone-parts-center.com\/de\/produkt\/dji-air-3-infrarot-sensor-modul\/","title":{"rendered":"DJI Air 3 - Infrarot-Sensor-Modul"},"content":{"rendered":"<p>Entdecken Sie das DJI Air 3 Infrarot-Sensor-Modul, ein wichtiges Ersatzteil f\u00fcr Ihre DJI Air 3 Drohne. Dieses Originalprodukt von DJI wurde entwickelt, um die volle Funktionalit\u00e4t Ihrer Drohne wiederherzustellen, und garantiert optimale Kompatibilit\u00e4t und Leistung. <\/p>\n<p>Wenn der Infrarotsensor Ihres DJI Air 3 besch\u00e4digt ist, ist dieses Modul die ideale L\u00f6sung. Es spielt eine entscheidende Rolle bei der Navigation und Sicherheit Ihrer Drohne und erm\u00f6glicht eine pr\u00e4zise Erkennung von Hindernissen und ein sichereres Flugerlebnis. Das Original-DJI-Design sorgt f\u00fcr eine nahtlose Integration mit den anderen Komponenten Ihrer Drohne.  <\/p>\n<p>Obwohl der Austausch dieses Teils elektronische Kenntnisse erfordert, wird die Installation durch die mitgelieferten Anweisungen vereinfacht. Das bedeutet, dass Sie Ihre Drohne schnell wieder flugtauglich machen k\u00f6nnen, ohne ihre Leistung oder Zuverl\u00e4ssigkeit zu beeintr\u00e4chtigen. <\/p>\n<p>Mit der Wahl dieses DJI Air 3 Infrarot-Sensor-Moduls entscheiden Sie sich f\u00fcr Qualit\u00e4t und Haltbarkeit, um die Langlebigkeit Ihrer Drohne zu gew\u00e4hrleisten. Ob Sie nun ein Hobby-Luftbildfotograf oder ein professioneller Drohnenpilot sind, dieses Ersatzteil ist unerl\u00e4sslich, um Ihre Ausr\u00fcstung auf dem h\u00f6chsten Niveau zu halten. <\/p>\n","protected":false},"excerpt":{"rendered":"<p>Stellen Sie die Leistung Ihrer DJI Air 3 mit dem offiziellen Infrarot-Sensormodul wieder her. Entwickelt f\u00fcr genaue Erkennung und einfache Installation <\/p>\n","protected":false},"featured_media":100575,"comment_status":"open","ping_status":"closed","template":"","meta":{"_seopress_robots_primary_cat":"","_seopress_titles_title":"DJI Air 3: Wesentliches Infrarotmodul","_seopress_titles_desc":"Optimieren Sie Ihre DJI Air 3 mit dem originalen Infrarot-Sensormodul. Garantierte DJI-Qualit\u00e4t f\u00fcr eine sichere und genaue Navigation. ","_seopress_robots_index":""},"product_brand":[19390],"product_cat":[15978],"product_tag":[15933,16038,16035,15860,16048,16032,16042,16022,16045,15934],"class_list":{"0":"post-96249","1":"product","2":"type-product","3":"status-publish","4":"has-post-thumbnail","6":"product_brand-dji","7":"product_cat-dji-air-3-de-2","8":"product_tag-dji-air-3-de","9":"product_tag-dji-qualitat","10":"product_tag-dji-zubehor-de-3","11":"product_tag-drohne-de","12":"product_tag-drohnen-navigation","13":"product_tag-drohnenleistung-de","14":"product_tag-elektronik","15":"product_tag-ersatzteil","16":"product_tag-infrarot-sensormodul","17":"product_tag-sicherheit-von-drohnen-de","19":"first","20":"instock","21":"taxable","22":"shipping-taxable","23":"purchasable","24":"product-type-simple"},"_links":{"self":[{"href":"https:\/\/drone-parts-center.com\/de\/wp-json\/wp\/v2\/product\/96249","targetHints":{"allow":["GET"]}}],"collection":[{"href":"https:\/\/drone-parts-center.com\/de\/wp-json\/wp\/v2\/product"}],"about":[{"href":"https:\/\/drone-parts-center.com\/de\/wp-json\/wp\/v2\/types\/product"}],"replies":[{"embeddable":true,"href":"https:\/\/drone-parts-center.com\/de\/wp-json\/wp\/v2\/comments?post=96249"}],"wp:featuredmedia":[{"embeddable":true,"href":"https:\/\/drone-parts-center.com\/de\/wp-json\/wp\/v2\/media\/100575"}],"wp:attachment":[{"href":"https:\/\/drone-parts-center.com\/de\/wp-json\/wp\/v2\/media?parent=96249"}],"wp:term":[{"taxonomy":"product_brand","embeddable":true,"href":"https:\/\/drone-parts-center.com\/de\/wp-json\/wp\/v2\/product_brand?post=96249"},{"taxonomy":"product_cat","embeddable":true,"href":"https:\/\/drone-parts-center.com\/de\/wp-json\/wp\/v2\/product_cat?post=96249"},{"taxonomy":"product_tag","embeddable":true,"href":"https:\/\/drone-parts-center.com\/de\/wp-json\/wp\/v2\/product_tag?post=96249"}],"curies":[{"name":"wp","href":"https:\/\/api.w.org\/{rel}","templated":true}]}}