{"id":96244,"date":"2023-12-22T16:08:25","date_gmt":"2023-12-22T15:08:25","guid":{"rendered":"https:\/\/drone-parts-center.com\/produit\/dji-mavic-2-pro-ladestation\/"},"modified":"2026-03-08T11:28:54","modified_gmt":"2026-03-08T10:28:54","slug":"dji-mavic-2-pro-ladestation","status":"publish","type":"product","link":"https:\/\/drone-parts-center.com\/de\/produkt\/dji-mavic-2-pro-ladestation\/","title":{"rendered":"DJI Mavic 2 Pro - Ladestation"},"content":{"rendered":"<p>Entdecken Sie den DJI Mavic 2 Pro Lade-Hub, ein wichtiges Zubeh\u00f6r f\u00fcr alle Drohnen-Enthusiasten. Dieser innovative Hub bietet vier Ladeanschl\u00fcsse, mit denen Sie mehrere Akkus gleichzeitig laden k\u00f6nnen, um Ihre Flugzeit zu maximieren. Dieser Hub wurde f\u00fcr die Verwendung mit dem Zigarettenanz\u00fcnder-Ladeger\u00e4t oder dem Batterieladeger\u00e4t der Mavic 2 entwickelt und erh\u00f6ht die Effizienz des Ladevorgangs erheblich.  <\/p>\n<p>Die einzigartige Funktion des intelligenten Energiemanagements l\u00e4dt die Akkus, indem es die Akkus mit der gr\u00f6\u00dften verbleibenden Energie priorisiert. So erhalten Sie schneller einen vollst\u00e4ndig geladenen Akku, was ideal f\u00fcr l\u00e4ngere Flugsitzungen ist. Das faltbare Design des Hubs macht ihn extrem tragbar, so dass Sie ihn auf Ihren Abenteuern leicht mitnehmen k\u00f6nnen.  <\/p>\n<p>Die Ladezeit betr\u00e4gt ca. 1,5 Stunden pro Batterie und variiert leicht in Abh\u00e4ngigkeit von der Umgebungstemperatur. Dieses gebrauchte Modell ist in perfektem Zustand und garantiert eine zuverl\u00e4ssige Leistung. Es ist kompatibel mit den Intelligenten Flugakkus f\u00fcr Mavic 2, dem Ladeger\u00e4t f\u00fcr Mavic 2 und dem Zigarettenanz\u00fcnder-Ladeger\u00e4t f\u00fcr Mavic 2. Sein Betriebstemperaturbereich reicht von 5 \u2103 bis 40 \u2103, mit einem Eingang von 17,6 V, 0-5,7 A und einem Ausgang von 17,6 V, 3,41 A oder 17,0 V, 3,53 A.   <\/p>\n<p>G\u00f6nnen Sie sich Flexibilit\u00e4t und Effizienz mit dem DJI Mavic 2 Pro Ladehub, ein wichtiger Vorteil f\u00fcr jeden Drohnenpiloten.<\/p>\n<p><strong>Hinweis: Das Mavic 2 Batterieladeger\u00e4t beinhaltet nicht das Netzadapterkabel und das Ladeger\u00e4t, das Produkt kann kleinere kosmetische M\u00e4ngel aufweisen, die die Funktionst\u00fcchtigkeit nicht beeintr\u00e4chtigen.  <\/strong><\/p>\n","protected":false},"excerpt":{"rendered":"<p>Optimiere das Aufladen deiner Drohnen mit dem DJI Mavic 2 Pro Charging Hub. Vier Anschl\u00fcsse, faltbares Design, intelligentes Aufladen, perfekter Zustand. <\/p>\n","protected":false},"featured_media":100588,"comment_status":"open","ping_status":"closed","template":"","meta":{"_seopress_robots_primary_cat":"none","_seopress_titles_title":"Optimieren Sie Ihre Fl\u00fcge mit dem DJI Mavic 2 Pro Hub","_seopress_titles_desc":"Maximieren Sie Ihre Flugsessions mit dem DJI Mavic 2 Pro Charging Hub. Schnelles, effizientes und tragbares Laden. ","_seopress_robots_index":""},"product_brand":[19390],"product_cat":[19957,15521],"product_tag":[15805,15543,15860,16006,15982,16007,16004,16002,16011,16009,15998,15994,16000,15996,16015],"class_list":{"0":"post-96244","1":"product","2":"type-product","3":"status-publish","4":"has-post-thumbnail","6":"product_brand-dji","7":"product_cat-auslaufmodelle","8":"product_cat-dji-mavic-2-pro-zoom-de","9":"product_tag-batterieladegerat","10":"product_tag-dji-mavic-2-pro-de","11":"product_tag-drohne-de","12":"product_tag-drohnen-akku","13":"product_tag-drohnen-zubehor-de","14":"product_tag-drohnenflug","15":"product_tag-effizienz","16":"product_tag-intelligentes-laden","17":"product_tag-kompatibilitat-mit-mavic-2","18":"product_tag-ladegerat-fur-zigarettenanzunder","19":"product_tag-ladestation","20":"product_tag-schnelles-aufladen","21":"product_tag-stromtankstelle","22":"product_tag-tragbarkeit","23":"product_tag-verwendetes-modell","25":"first","26":"instock","27":"sale","28":"taxable","29":"shipping-taxable","30":"purchasable","31":"product-type-simple"},"_links":{"self":[{"href":"https:\/\/drone-parts-center.com\/de\/wp-json\/wp\/v2\/product\/96244","targetHints":{"allow":["GET"]}}],"collection":[{"href":"https:\/\/drone-parts-center.com\/de\/wp-json\/wp\/v2\/product"}],"about":[{"href":"https:\/\/drone-parts-center.com\/de\/wp-json\/wp\/v2\/types\/product"}],"replies":[{"embeddable":true,"href":"https:\/\/drone-parts-center.com\/de\/wp-json\/wp\/v2\/comments?post=96244"}],"wp:featuredmedia":[{"embeddable":true,"href":"https:\/\/drone-parts-center.com\/de\/wp-json\/wp\/v2\/media\/100588"}],"wp:attachment":[{"href":"https:\/\/drone-parts-center.com\/de\/wp-json\/wp\/v2\/media?parent=96244"}],"wp:term":[{"taxonomy":"product_brand","embeddable":true,"href":"https:\/\/drone-parts-center.com\/de\/wp-json\/wp\/v2\/product_brand?post=96244"},{"taxonomy":"product_cat","embeddable":true,"href":"https:\/\/drone-parts-center.com\/de\/wp-json\/wp\/v2\/product_cat?post=96244"},{"taxonomy":"product_tag","embeddable":true,"href":"https:\/\/drone-parts-center.com\/de\/wp-json\/wp\/v2\/product_tag?post=96244"}],"curies":[{"name":"wp","href":"https:\/\/api.w.org\/{rel}","templated":true}]}}