{"id":96240,"date":"2023-12-22T15:07:57","date_gmt":"2023-12-22T14:07:57","guid":{"rendered":"https:\/\/drone-parts-center.com\/produit\/dji-mavic-3-pro-mittleres-chassis\/"},"modified":"2026-02-18T08:12:42","modified_gmt":"2026-02-18T07:12:42","slug":"dji-mavic-3-pro-mittleres-chassis","status":"publish","type":"product","link":"https:\/\/drone-parts-center.com\/de\/produkt\/dji-mavic-3-pro-mittleres-chassis\/","title":{"rendered":"DJI Mavic 3 Pro - Mittlerer Rahmen"},"content":{"rendered":"<h2>DJI Mavic 3 Pro - Mittlerer Rahmen (Ersatzteil)<\/h2>\n<p>Der mittlere Rahmen (middle frame) ist die zentrale Struktur der DJI Mavic 3 Pro. Er dient als Haupttr\u00e4ger f\u00fcr die faltbaren Arme, die Hauptplatine, das GPS-System und das IMU-Modul. Dieses offizielle DJI-Ersatzteil dient dazu, die strukturelle Integrit\u00e4t der Drohne nach einem Absturz oder einer Verformung wiederherzustellen.  <\/p>\n<h3>Rolle der M\u00fcnze<\/h3>\n<p>Das mittlere Chassis sorgt f\u00fcr die Steifigkeit des Ganzen und beherbergt die Verbindungen zwischen den verschiedenen elektronischen Modulen. Seine Integrit\u00e4t ist entscheidend f\u00fcr die Flugstabilit\u00e4t und die Genauigkeit der GPS RTK-Positionierung des Mavic 3 Pro. <\/p>\n<h3>Kompatibilit\u00e4t<\/h3>\n<p>Dieses Teil ist ausschlie\u00dflich mit der DJI Mavic 3 Pro kompatibel. Es ist nicht austauschbar mit der Mavic 3 Classic, Mavic 3 oder Mavic 3 Enterprise. <\/p>\n","protected":false},"excerpt":{"rendered":"<p>Dieses 100% echte DJI-Ersatzteil erm\u00f6glicht den Austausch des mittleren Rahmens der DJI Mavic 3 Pro Drohne.<\/p>\n","protected":false},"featured_media":100583,"comment_status":"open","ping_status":"closed","template":"","meta":{"_seopress_robots_primary_cat":"","_seopress_titles_title":"DJI Mavic 3 Pro: Ersetzen Sie den mittleren Rahmen","_seopress_titles_desc":"Kaufen Sie Ihren Mittelrahmen f\u00fcr Ihre DJI Mavic 3 Pro in Gembloux. Der Spezialist f\u00fcr Ersatzteile f\u00fcr Drohnen in Belgien. ","_seopress_robots_index":"yes","_seopress_analysis_target_kw":"DJI Mavic 3 Pro - Mittleres Chassis"},"product_brand":[19390],"product_cat":[15708],"product_tag":[15485,15976,15608,15839],"class_list":{"0":"post-96240","1":"product","2":"type-product","3":"status-publish","4":"has-post-thumbnail","6":"product_brand-dji","7":"product_cat-dji-mavic-3-de","8":"product_tag-dji-de-3","9":"product_tag-mavic-3-pro-de","10":"product_tag-munzen-de-2","11":"product_tag-umwelt","13":"first","14":"outofstock","15":"taxable","16":"shipping-taxable","17":"purchasable","18":"product-type-simple"},"_links":{"self":[{"href":"https:\/\/drone-parts-center.com\/de\/wp-json\/wp\/v2\/product\/96240","targetHints":{"allow":["GET"]}}],"collection":[{"href":"https:\/\/drone-parts-center.com\/de\/wp-json\/wp\/v2\/product"}],"about":[{"href":"https:\/\/drone-parts-center.com\/de\/wp-json\/wp\/v2\/types\/product"}],"replies":[{"embeddable":true,"href":"https:\/\/drone-parts-center.com\/de\/wp-json\/wp\/v2\/comments?post=96240"}],"wp:featuredmedia":[{"embeddable":true,"href":"https:\/\/drone-parts-center.com\/de\/wp-json\/wp\/v2\/media\/100583"}],"wp:attachment":[{"href":"https:\/\/drone-parts-center.com\/de\/wp-json\/wp\/v2\/media?parent=96240"}],"wp:term":[{"taxonomy":"product_brand","embeddable":true,"href":"https:\/\/drone-parts-center.com\/de\/wp-json\/wp\/v2\/product_brand?post=96240"},{"taxonomy":"product_cat","embeddable":true,"href":"https:\/\/drone-parts-center.com\/de\/wp-json\/wp\/v2\/product_cat?post=96240"},{"taxonomy":"product_tag","embeddable":true,"href":"https:\/\/drone-parts-center.com\/de\/wp-json\/wp\/v2\/product_tag?post=96240"}],"curies":[{"name":"wp","href":"https:\/\/api.w.org\/{rel}","templated":true}]}}