{"id":96226,"date":"2021-05-13T07:27:03","date_gmt":"2021-05-13T05:27:03","guid":{"rendered":"https:\/\/drone-parts-center.com\/produit\/xt30-buchse-auf-xt60-stecker-adapter\/"},"modified":"2026-01-23T18:56:49","modified_gmt":"2026-01-23T17:56:49","slug":"xt30-buchse-auf-xt60-stecker-adapter","status":"publish","type":"product","link":"https:\/\/drone-parts-center.com\/de\/produkt\/xt30-buchse-auf-xt60-stecker-adapter\/","title":{"rendered":"XT30 Buchse auf XT60 Stecker Adapter"},"content":{"rendered":"<p>XT30 Buchse auf XT60 Stecker<\/p>\n<p>Adapter Einzeln erh\u00e4ltlich<\/p>\n","protected":false},"excerpt":{"rendered":"<p>Verwenden Sie den XT30-Adapter f\u00fcr Buchse auf XT60-Stecker, um Ihre mit XT30 ausgestatteten Akkus an Ger\u00e4te anzuschlie\u00dfen, die XT60-Buchsen ben\u00f6tigen. Stellen Sie sicher, dass die Kompatibilit\u00e4t bei der Verwendung von Steckern unterschiedlicher Gr\u00f6\u00dfe gew\u00e4hrleistet ist. <\/p>\n","protected":false},"featured_media":98066,"comment_status":"open","ping_status":"closed","template":"","meta":{"_seopress_robots_primary_cat":"","_seopress_titles_title":"Adapter XT30 weiblich auf XT60 m\u00e4nnlich - Einheit","_seopress_titles_desc":"Verwandeln Sie Ihre Verbindung mit dem Adapter XT30 weiblich auf XT60 m\u00e4nnlich. Erh\u00e4ltlich als Einzelst\u00fcck. Bestellen Sie noch heute!  ","_seopress_robots_index":"yes","_seopress_analysis_target_kw":"XT30 Buchse auf XT60 Stecker Adapter"},"product_brand":[19435],"product_cat":[],"product_tag":[],"class_list":{"0":"post-96226","1":"product","2":"type-product","3":"status-publish","4":"has-post-thumbnail","6":"product_brand-drone-parts-center","8":"first","9":"outofstock","10":"sale","11":"taxable","12":"shipping-taxable","13":"purchasable","14":"product-type-simple"},"_links":{"self":[{"href":"https:\/\/drone-parts-center.com\/de\/wp-json\/wp\/v2\/product\/96226","targetHints":{"allow":["GET"]}}],"collection":[{"href":"https:\/\/drone-parts-center.com\/de\/wp-json\/wp\/v2\/product"}],"about":[{"href":"https:\/\/drone-parts-center.com\/de\/wp-json\/wp\/v2\/types\/product"}],"replies":[{"embeddable":true,"href":"https:\/\/drone-parts-center.com\/de\/wp-json\/wp\/v2\/comments?post=96226"}],"wp:featuredmedia":[{"embeddable":true,"href":"https:\/\/drone-parts-center.com\/de\/wp-json\/wp\/v2\/media\/98066"}],"wp:attachment":[{"href":"https:\/\/drone-parts-center.com\/de\/wp-json\/wp\/v2\/media?parent=96226"}],"wp:term":[{"taxonomy":"product_brand","embeddable":true,"href":"https:\/\/drone-parts-center.com\/de\/wp-json\/wp\/v2\/product_brand?post=96226"},{"taxonomy":"product_cat","embeddable":true,"href":"https:\/\/drone-parts-center.com\/de\/wp-json\/wp\/v2\/product_cat?post=96226"},{"taxonomy":"product_tag","embeddable":true,"href":"https:\/\/drone-parts-center.com\/de\/wp-json\/wp\/v2\/product_tag?post=96226"}],"curies":[{"name":"wp","href":"https:\/\/api.w.org\/{rel}","templated":true}]}}