{"id":96225,"date":"2021-05-14T16:53:20","date_gmt":"2021-05-14T14:53:20","guid":{"rendered":"https:\/\/drone-parts-center.com\/produit\/ummagawd-sechskant-serie-2306-1777kv\/"},"modified":"2025-07-26T22:44:35","modified_gmt":"2025-07-26T20:44:35","slug":"ummagawd-sechskant-serie-2306-1777kv","status":"publish","type":"product","link":"https:\/\/drone-parts-center.com\/de\/produkt\/ummagawd-sechskant-serie-2306-1777kv\/","title":{"rendered":"Ummagawd - Sechskant Serie 2306 1777kv"},"content":{"rendered":"<p>Ummagawd - Sechskant Serie 2306 1777kv<\/p>\n<div class=\"product-description-courte\">\n<p>Wir stellen die neuen <strong>HEX-Motoren<\/strong> von <strong>Ummagawd vor.<\/strong><\/p>\n<p>Sie sind mit einem bereits bew\u00e4hrten Stator der Gr\u00f6\u00dfe 2306 ausgestattet, der auch bei niedrigen Drehzahlen ein sofortiges Ansprechverhalten erm\u00f6glicht!<\/p>\n<\/div>\n<div class=\"product-description-longue caracteristique-hidden\">\n<p>Dieser Motor gibt der Sanftheit den Vorrang, was ihn zu Ummagawds Wahl f\u00fcr Film- und Freestyle-Fl\u00fcge macht. Er l\u00e4uft auf 9mm Lagern, was die Verwendung eines gr\u00f6\u00dferen Schafts und damit eine h\u00f6here Festigkeit erm\u00f6glicht.<br \/>\nDank der Hochtemperaturmagnete n52sh bieten diese Motoren eine perfekte Balance zwischen Kraft und Laufruhe. <\/p>\n<p>Ummagawd bietet auch ein System von 3mm Sechskantbuchsen am oberen Ende der Motorwelle an, um das Halten des Motors beim Auswechseln der Propeller zu vereinfachen. Es ist nicht mehr n\u00f6tig, sich die H\u00e4nde aufzuschneiden oder mit einer Zange an den Motorglocken zu reiben.<br \/>\nEine einfache, aber effektive L\u00f6sung. Die Welle ist auch in Low Profile ausgef\u00fchrt, so dass sie fast b\u00fcndig mit der Mutter abschlie\u00dft, was den Schutz des Wellenendes verbessern sollte.  <\/p>\n<p>Die Glocke wurde sorgf\u00e4ltig und mit besonderem Augenmerk auf Haltbarkeit entworfen. Die konkaven Speichen wurden entworfen, um die externen Seitenkr\u00e4fte in der Ebene mit dem \u00e4u\u00dferen Rand der Glocke zu halten. Das Low Profile Design h\u00e4lt auch den Massenschwerpunkt niedrig, was die Reaktion des Gaspedals erh\u00f6ht.  <\/p>\n<h2>CHARAKTEREIGENSCHAFTEN<\/h2>\n<ul>\n<li>Durchmesser des Stators: 23mm<\/li>\n<li>1777KV<\/li>\n<li>N52SH Magnete<\/li>\n<li>Welle Stahl Sechskant<\/li>\n<li>Schaftl\u00e4nge: 11,5 mm<\/li>\n<li>Durchmesser der Welle: 4mm<\/li>\n<li>Lager: 9x4x4mm NSK684<\/li>\n<li>Gewicht mit Dr\u00e4hten: 32g<\/li>\n<li>Kompatibel: 4-6S<\/li>\n<li>Maximaler Burst-Strom: 50A<\/li>\n<li>Befestigungsl\u00f6cher: 16x16mm<\/li>\n<\/ul>\n<\/div>\n","protected":false},"excerpt":{"rendered":"<p>Entdecken Sie die Ummagawd Hex Series 2306 1777KV Motoren. Entscheiden Sie sich f\u00fcr eine au\u00dfergew\u00f6hnliche Leistung Ihrer Drohnen mit diesen leistungsstarken und zuverl\u00e4ssigen Motoren. <\/p>\n","protected":false},"featured_media":98082,"comment_status":"open","ping_status":"closed","template":"","meta":{"_seopress_robots_primary_cat":"","_seopress_titles_title":"Ummagawd Hex 2306: Perfekte Kraft und Geschmeidigkeit","_seopress_titles_desc":"Entdecken Sie die Ummagawd - Hex Series 2306 1777kv Motoren: h\u00f6chste Laufruhe und optimale Leistung f\u00fcr Kinematik- und Freestyle-Fl\u00fcge. Genie\u00dfen Sie es! ","_seopress_robots_index":"yes"},"product_brand":[19420],"product_cat":[],"product_tag":[15518,15921,15511],"class_list":{"0":"post-96225","1":"product","2":"type-product","3":"status-publish","4":"has-post-thumbnail","6":"product_brand-tbs","7":"product_tag-fc-de-2","8":"product_tag-kussen-de-2","9":"product_tag-v2-de-2","11":"first","12":"outofstock","13":"sale","14":"taxable","15":"shipping-taxable","16":"purchasable","17":"product-type-simple"},"_links":{"self":[{"href":"https:\/\/drone-parts-center.com\/de\/wp-json\/wp\/v2\/product\/96225","targetHints":{"allow":["GET"]}}],"collection":[{"href":"https:\/\/drone-parts-center.com\/de\/wp-json\/wp\/v2\/product"}],"about":[{"href":"https:\/\/drone-parts-center.com\/de\/wp-json\/wp\/v2\/types\/product"}],"replies":[{"embeddable":true,"href":"https:\/\/drone-parts-center.com\/de\/wp-json\/wp\/v2\/comments?post=96225"}],"wp:featuredmedia":[{"embeddable":true,"href":"https:\/\/drone-parts-center.com\/de\/wp-json\/wp\/v2\/media\/98082"}],"wp:attachment":[{"href":"https:\/\/drone-parts-center.com\/de\/wp-json\/wp\/v2\/media?parent=96225"}],"wp:term":[{"taxonomy":"product_brand","embeddable":true,"href":"https:\/\/drone-parts-center.com\/de\/wp-json\/wp\/v2\/product_brand?post=96225"},{"taxonomy":"product_cat","embeddable":true,"href":"https:\/\/drone-parts-center.com\/de\/wp-json\/wp\/v2\/product_cat?post=96225"},{"taxonomy":"product_tag","embeddable":true,"href":"https:\/\/drone-parts-center.com\/de\/wp-json\/wp\/v2\/product_tag?post=96225"}],"curies":[{"name":"wp","href":"https:\/\/api.w.org\/{rel}","templated":true}]}}