{"id":96219,"date":"2023-10-15T17:37:50","date_gmt":"2023-10-15T15:37:50","guid":{"rendered":"https:\/\/drone-parts-center.com\/produit\/dji-matrix-350-rtk-sicherheitspaket\/"},"modified":"2025-07-26T19:58:52","modified_gmt":"2025-07-26T17:58:52","slug":"dji-matrix-350-rtk-sicherheitspaket","status":"publish","type":"product","link":"https:\/\/drone-parts-center.com\/de\/produkt\/dji-matrix-350-rtk-sicherheitspaket\/","title":{"rendered":"DJI Matrice 350 RTK Security Pack"},"content":{"rendered":"<p>Entdecken Sie das DJI Matrice 350 RTK Security Pack, eine revolution\u00e4re L\u00f6sung, die speziell auf die Bed\u00fcrfnisse von Sicherheitsfachleuten zugeschnitten ist. Dieses Premium-Paket enth\u00e4lt eine robuste DJI-Drohne Matrice 350 RTK, die sich perfekt f\u00fcr verschiedene professionelle Szenarien eignet. Ausgestattet mit der hochmodernen Kamera DJI Zenmuse H30T ist diese Drohne ideal f\u00fcr die \u00dcberwachung und Inspektion.  <\/p>\n<p>Der DJI Matrice 350 RTK bietet eine au\u00dfergew\u00f6hnliche Flugzeit von 55 Minuten mit 8 Akkus und kann eine Nutzlast von bis zu 2,7 kg tragen, um die Effizienz Ihrer Missionen zu maximieren. Dieses Paket enth\u00e4lt einen 120W LED-Scheinwerfer und einen Lautsprecher, um seine F\u00e4higkeiten zu erweitern. <\/p>\n<p>Die fortschrittliche \u00dcbertragungstechnologie DJI O3 Enterprise bietet 1080p HD-Video-Streams auf drei Kan\u00e4len bis zu einer Entfernung von 8 km. Mit einer Schutzklasse von IP55 ist der DJI Matrice 350 RTK f\u00fcr verschiedene Wetterbedingungen geeignet. Die verbesserte FPV-Kamera erm\u00f6glicht eine pr\u00e4zise Navigation auch bei Nacht. Die Hinderniserkennung in sechs Richtungen sorgt f\u00fcr erh\u00f6hte Sicherheit.   <\/p>\n<p><img alt=\"DJI Matrice 350 RTK Security Pack\" loading=\"lazy\" decoding=\"async\" class=\"alignnone size-full wp-image-31893\" src=\"https:\/\/drone-parts-center.com\/wp-content\/uploads\/2023\/10\/dji-matrice-350-rtk-security-pack.jpg\" alt=\"\" width=\"2560\" height=\"1707\"><\/p>\n<p>Das Paket enth\u00e4lt zwei DJI RC Plus-Fernsteuerungen mit 7-Zoll-Bildschirm und integrierter DJI Pilot 2-Anwendung f\u00fcr eine effiziente Verwaltung. Die automatische Spot-Check-Funktion sorgt f\u00fcr konsistente Inspektionen. <\/p>\n<p>Der DJI Matrice 350 RTK ist kompatibel mit dem TB65-Akku, der eine l\u00e4ngere Lebensdauer bietet, und der BS65-Ladestation f\u00fcr effizientes Aufladen. Er kann drei Nutzlasten tragen und ist ideal f\u00fcr die \u00f6ffentliche Sicherheit, Inspektionen und Kartierungen. <\/p>\n<p><img alt=\"DJI Matrice 350 RTK Security Pack\" loading=\"lazy\" decoding=\"async\" class=\"alignnone size-full wp-image-31892\" src=\"https:\/\/drone-parts-center.com\/wp-content\/uploads\/2023\/10\/dji-matrice-350-rtk-security-pack-2.jpg\" alt=\"\" width=\"2560\" height=\"1707\"><\/p>\n<h3>Inhalt :<\/h3>\n<ul>\n<li>Drohne DJI Matrice 350 RTK<\/li>\n<li>2 DJI RC Plus Fernsteuerungen<\/li>\n<li>3 x 4G-Modem<\/li>\n<li>Zenmuse H30T Gimbal-Kamera<\/li>\n<li>Plattform f\u00fcr Flutlicht CZI GL60 Plus<\/li>\n<li>Arbeitsb\u00fchne CZI MP130<\/li>\n<li>USB-Ladeger\u00e4t<\/li>\n<li>USB-Typ-C-Kabel<\/li>\n<li>8 TB65 Batterien<\/li>\n<li>2 WB37 Batterien<\/li>\n<li>2 x 2110 CW Propeller<\/li>\n<li>2 x 2110 CCW Propeller<\/li>\n<li>2 Fahrwerk<\/li>\n<li>Paar Stick-Abdeckungen<\/li>\n<li>2 Propeller-Halterungen<\/li>\n<li>4 Sto\u00dfd\u00e4mpfer<\/li>\n<li>USB-auf-USB-Kabel<\/li>\n<li>Kalibrierziel<\/li>\n<li>Transportkoffer<\/li>\n<li>2 Kabelb\u00e4ume f\u00fcr Funksteuerung<\/li>\n<li>Gummi-Port-Abdeckungs-Set<\/li>\n<li>M1.6\/M3 Schrauben mit Schraubenschl\u00fcsseln<\/li>\n<li>BS65 Ladestation<\/li>\n<li>Stromkabel.<\/li>\n<\/ul>\n","protected":false},"excerpt":{"rendered":"<p>DJI Professional Pack Matrice 350 RTK: Robuste Drohne, H20N-Kamera, fortschrittliche \u00dcbertragung, Sicherheit und au\u00dfergew\u00f6hnliche Reichweite f\u00fcr die \u00dcberwachung.<\/p>\n<a href=\"https:\/\/drone-parts-center.com\/contact-demande-de-devis\/?\" class=\"button primary is-primary is-medium\" >\n\t\t<span>Anfrage f\u00fcr ein Angebot<\/span>\n\t<\/a>\n\n","protected":false},"featured_media":100436,"comment_status":"open","ping_status":"closed","template":"","meta":{"_seopress_robots_primary_cat":"none","_seopress_titles_title":"DJI Matrice 350 RTK: Sicherheit und Innovation Pro","_seopress_titles_desc":"Entdecken Sie die Leistungsf\u00e4higkeit des DJI Matrice 350 RTK Security Pack, einer robusten Drohne mit H30T-Kamera, 55 Minuten Flugzeit und ideal f\u00fcr Sicherheitsmissionen.","_seopress_robots_index":"yes"},"product_brand":[19450],"product_cat":[15838],"product_tag":[15894,15889,15900,15755,15899,15706,15892,15864,15897],"class_list":{"0":"post-96219","1":"product","2":"type-product","3":"status-publish","4":"has-post-thumbnail","6":"product_brand-dji-enterprise","7":"product_cat-sicherheit-und-rettung","8":"product_tag-dji-matrice-350-rtk-de-2","9":"product_tag-flugreichweite","10":"product_tag-hd-ubertragung","11":"product_tag-professionelle-drohne-de-2","12":"product_tag-robuste-drohne","13":"product_tag-sicherheit-de-2","14":"product_tag-spitzentechnologie","15":"product_tag-uberwachung","16":"product_tag-zenmuse-h20n-kamera","18":"first","19":"outofstock","20":"taxable","21":"shipping-taxable","22":"product-type-simple"},"_links":{"self":[{"href":"https:\/\/drone-parts-center.com\/de\/wp-json\/wp\/v2\/product\/96219","targetHints":{"allow":["GET"]}}],"collection":[{"href":"https:\/\/drone-parts-center.com\/de\/wp-json\/wp\/v2\/product"}],"about":[{"href":"https:\/\/drone-parts-center.com\/de\/wp-json\/wp\/v2\/types\/product"}],"replies":[{"embeddable":true,"href":"https:\/\/drone-parts-center.com\/de\/wp-json\/wp\/v2\/comments?post=96219"}],"wp:featuredmedia":[{"embeddable":true,"href":"https:\/\/drone-parts-center.com\/de\/wp-json\/wp\/v2\/media\/100436"}],"wp:attachment":[{"href":"https:\/\/drone-parts-center.com\/de\/wp-json\/wp\/v2\/media?parent=96219"}],"wp:term":[{"taxonomy":"product_brand","embeddable":true,"href":"https:\/\/drone-parts-center.com\/de\/wp-json\/wp\/v2\/product_brand?post=96219"},{"taxonomy":"product_cat","embeddable":true,"href":"https:\/\/drone-parts-center.com\/de\/wp-json\/wp\/v2\/product_cat?post=96219"},{"taxonomy":"product_tag","embeddable":true,"href":"https:\/\/drone-parts-center.com\/de\/wp-json\/wp\/v2\/product_tag?post=96219"}],"curies":[{"name":"wp","href":"https:\/\/api.w.org\/{rel}","templated":true}]}}