{"id":96218,"date":"2023-10-27T14:37:59","date_gmt":"2023-10-27T12:37:59","guid":{"rendered":"https:\/\/drone-parts-center.com\/produit\/dji-zenmuse-xt-gebrauchter-thermal-gimbal\/"},"modified":"2026-04-18T10:53:35","modified_gmt":"2026-04-18T08:53:35","slug":"dji-zenmuse-xt-gebrauchter-thermal-gimbal","status":"publish","type":"product","link":"https:\/\/drone-parts-center.com\/de\/produkt\/dji-zenmuse-xt-gebrauchter-thermal-gimbal\/","title":{"rendered":"Gebrauchte DJI Zenmuse XT - W\u00e4rmebildkamera"},"content":{"rendered":"<p>Mit der <strong>gebrauchten W\u00e4rme<\/strong> bildkamera <strong>DJI Zenmuse XT<\/strong> k\u00f6nnen Sie neue M\u00f6glichkeiten f\u00fcr die W\u00e4rmebildtechnik aus der Luft erkunden. Dank der Zusammenarbeit zwischen <strong>DJI<\/strong> und <strong>FLIR<\/strong> bietet diese Gondel eine au\u00dfergew\u00f6hnliche Genauigkeit f\u00fcr Inspektions-, \u00dcberwachungs- und Rettungsmissionen. Au\u00dferdem l\u00e4sst sie sich leicht an Ihrer <strong>DJI-Drohne<\/strong> befestigen, so dass Sie bei Ihren Projekten flexibel sind.  <\/p>\n<p>Mit den kompakten Abmessungen von <strong>103 mm x 74 mm x 102 mm<\/strong> und einem geringen Gewicht von <strong>270 g<\/strong> ist diese Gondel leicht zu man\u00f6vrieren. Dar\u00fcber hinaus erfasst sie Bilder mit einer thermischen Aufl\u00f6sung von bis zu <strong>640 \u00d7 512<\/strong>, so dass Sie sich auf qualitativ hochwertige Daten verlassen k\u00f6nnen. Mit einer thermischen Empfindlichkeit von <strong>&lt;50 mK<\/strong> erkennt sie auch die kleinsten Temperaturschwankungen.  <\/p>\n<p>Sie deckt einen breiten Temperaturbereich von <strong>-40\u00b0C bis 550\u00b0C<\/strong> ab, was sie ideal f\u00fcr verschiedene Umgebungen macht. Dar\u00fcber hinaus unterst\u00fctzt sie verschiedene Dateiformate wie <strong>JPEG<\/strong>, <strong>TIFF<\/strong> und <strong>MP4<\/strong>, die auf einer <strong>Micro-SD-Karte<\/strong> f\u00fcr den praktischen Gebrauch gespeichert werden k\u00f6nnen. <\/p>\n<p><strong>Hauptmerkmale :<\/strong><\/p>\n<ul>\n<li>Gewicht: <strong>270 g<\/strong>, kompakt und leicht<\/li>\n<li>Videoaufl\u00f6sung: bis zu <strong>640 \u00d7 512<\/strong><\/li>\n<li>Temperaturbereich: <strong>-40\u00b0C bis 550\u00b0C<\/strong><\/li>\n<li>Dateiformate: JPEG, TIFF, MP4<\/li>\n<li>13 mm Linse und Skyport-Adapter enthalten<\/li>\n<\/ul>\n<p>Daher ist diese <strong>DJI Zenmuse XT W\u00e4rmebild-Arbeitsb\u00fchne<\/strong> perfekt f\u00fcr Profis, die nach einer leistungsstarken und zuverl\u00e4ssigen L\u00f6sung suchen.<\/p>\n","protected":false},"excerpt":{"rendered":"<p>Die <strong>DJI Zenmuse XT<\/strong> W\u00e4rmebildkamera - Gebraucht bietet eine pr\u00e4zise W\u00e4rmebildkamera f\u00fcr Eins\u00e4tze mit Ihrer <strong>DJI-Drohne<\/strong>. Kompakt, leicht und einfach zu installieren, ist sie ideal f\u00fcr professionelle W\u00e4rmebildkontrollen. <\/p>\n","protected":false},"featured_media":100437,"comment_status":"open","ping_status":"closed","template":"","meta":{"_seopress_robots_primary_cat":"","_seopress_titles_title":"DJI Zenmuse XT W\u00e4rmebildkamera - Gebraucht, hohe Pr\u00e4zision","_seopress_titles_desc":"Gebrauchte W\u00e4rmebildkamera von DJI Zenmuse XT. FLIR W\u00e4rmebildkamera, kompakt und leicht, ideal f\u00fcr Inspektions- und \u00dcberwachungsmissionen mit Ihrer DJI-Drohne. ","_seopress_robots_index":"","_seopress_analysis_target_kw":"gebrauchter DJI Zenmuse XT Thermal Pod"},"product_brand":[19390],"product_cat":[19957,15890],"product_tag":[15891,15898,15893,15896,15909,15905,15907,15901,15902,15895],"class_list":{"0":"post-96218","1":"product","2":"type-product","3":"status-publish","4":"has-post-thumbnail","6":"product_brand-dji","7":"product_cat-auslaufmodelle","8":"product_cat-gebrauchte-drohne","9":"product_tag-dji-zenmuse-xt-de","10":"product_tag-flir-de","11":"product_tag-gebrauchte-arbeitsbuhne","12":"product_tag-gimbal-technologie-de","13":"product_tag-micro-sd-speicher","14":"product_tag-thermische-erfassung","15":"product_tag-thermoanalyse","16":"product_tag-thermografie-aus-der-luft","17":"product_tag-vox-mikrobolometer","18":"product_tag-warmebildtechnik-de","20":"first","21":"instock","22":"taxable","23":"shipping-taxable","24":"purchasable","25":"product-type-simple"},"_links":{"self":[{"href":"https:\/\/drone-parts-center.com\/de\/wp-json\/wp\/v2\/product\/96218","targetHints":{"allow":["GET"]}}],"collection":[{"href":"https:\/\/drone-parts-center.com\/de\/wp-json\/wp\/v2\/product"}],"about":[{"href":"https:\/\/drone-parts-center.com\/de\/wp-json\/wp\/v2\/types\/product"}],"replies":[{"embeddable":true,"href":"https:\/\/drone-parts-center.com\/de\/wp-json\/wp\/v2\/comments?post=96218"}],"wp:featuredmedia":[{"embeddable":true,"href":"https:\/\/drone-parts-center.com\/de\/wp-json\/wp\/v2\/media\/100437"}],"wp:attachment":[{"href":"https:\/\/drone-parts-center.com\/de\/wp-json\/wp\/v2\/media?parent=96218"}],"wp:term":[{"taxonomy":"product_brand","embeddable":true,"href":"https:\/\/drone-parts-center.com\/de\/wp-json\/wp\/v2\/product_brand?post=96218"},{"taxonomy":"product_cat","embeddable":true,"href":"https:\/\/drone-parts-center.com\/de\/wp-json\/wp\/v2\/product_cat?post=96218"},{"taxonomy":"product_tag","embeddable":true,"href":"https:\/\/drone-parts-center.com\/de\/wp-json\/wp\/v2\/product_tag?post=96218"}],"curies":[{"name":"wp","href":"https:\/\/api.w.org\/{rel}","templated":true}]}}