{"id":96206,"date":"2021-05-30T08:29:45","date_gmt":"2021-05-30T06:29:45","guid":{"rendered":"https:\/\/drone-parts-center.com\/produit\/drohnen-landeplattform-75cm\/"},"modified":"2026-04-18T10:54:52","modified_gmt":"2026-04-18T08:54:52","slug":"drohnen-landeplattform-75cm","status":"publish","type":"product","link":"https:\/\/drone-parts-center.com\/de\/produkt\/drohnen-landeplattform-75cm\/","title":{"rendered":"Drohnen-Landeplattform - 75cm"},"content":{"rendered":"<p>Die 75cm Drohnen-Landeplattform hilft Ihnen beim Start und bei der sauberen Landung, selbst auf unebenem Gel\u00e4nde. Sie schafft einen sauberen, sichtbaren und stabilen Bereich. So vermeiden Sie Staub, Sand und kleine Steine unter der Drohne. Und Sie halten Ihre Ausr\u00fcstung von Flug zu Flug sauberer.   <\/p>\n<h2>Landeplattform f\u00fcr Drohnen 75 cm: Warum Sie sie verwenden sollten<\/h2>\n<p>Ein schmutziger Boden kann Partikel aufwirbeln. Daher sind die Sensoren und die Gondel st\u00e4rker gef\u00e4hrdet. Mit einer Landematte reduzieren Sie diese Risiken. Au\u00dferdem erhalten Sie einen klaren Anhaltspunkt f\u00fcr die Landung. Das ist n\u00fctzlich, wenn Sie alleine unterwegs sind, und noch n\u00fctzlicher, wenn Sie im Team arbeiten.    <\/p>\n<h2>Eine faltbare, sichtbare und praktische Landematte<\/h2>\n<p>Sein 75 cm-Format passt zu den meisten Drohnen auf dem Markt. Zweitens sind die Farben Orange und Blau schnell zu erkennen. Die reflektierenden Streifen sorgen f\u00fcr eine zus\u00e4tzliche Orientierung, wenn das Licht schw\u00e4cher wird. Und schlie\u00dflich l\u00e4sst sich die Matte leicht zusammen- und auseinanderfalten, so dass sie kompakt in Ihrer Tasche Platz findet.   <\/p>\n<h3>F\u00fcr welche Zwecke?<\/h3>\n<ul>\n<li>Start auf Gras, Erde, Kies oder Sand.<\/li>\n<li>Foto-\/Videodiebstahl: sauberer Bereich in der N\u00e4he der Kamera.<\/li>\n<li>FPV Freizeit : Schnelle Orientierung bei der R\u00fcckkehr zur Landung.<\/li>\n<li>Vor-Ort-Demo: sichtbarer Bereich zur Sicherung des Man\u00f6vers.<\/li>\n<\/ul>\n<h2>Technische Merkmale<\/h2>\n<p>Dies sind die Schl\u00fcsseldaten. Sie sind einfach und daher leicht zu vergleichen. <\/p>\n<ul>\n<li>Durchmesser: 75 cm<\/li>\n<li>Farbe: orange + blau<\/li>\n<li>Streifen: Reflektierend<\/li>\n<li>Kompatibilit\u00e4t: die meisten Drohnen<\/li>\n<li>Gewicht: 290 g<\/li>\n<li>Format: faltbar, schnelle Entfaltung<\/li>\n<\/ul>\n<h2>Tipps zur Installation und Pflege<\/h2>\n<p>W\u00e4hlen Sie einen m\u00f6glichst flachen Bereich. Rollen Sie dann die Matte aus und stellen Sie sie in den Wind, wenn Sie k\u00f6nnen. So beh\u00e4lt die Drohne beim Start eine bessere Stabilit\u00e4t. Vermeiden Sie jedoch sehr rutschige Oberfl\u00e4chen, wenn das Wetter feucht ist.   <\/p>\n<p>Sch\u00fctteln Sie den Teppich nach dem Flug aus, um Sand und Erde zu entfernen. Wischen Sie ihn dann bei Bedarf mit einem Tuch ab. Falten Sie ihn schlie\u00dflich zusammen, wenn er trocken ist. So haben Sie eine saubere Plattform f\u00fcr Ihren n\u00e4chsten Flug.   <\/p>\n<h2>FAQ<\/h2>\n<h3>Ist es f\u00fcr meine Drohne geeignet?<\/h3>\n<p>Ja, in der Mehrzahl der F\u00e4lle. Die Gr\u00f6\u00dfe 75 cm deckt einen gro\u00dfen Bereich ab. Daher eignet sie sich f\u00fcr viele Modelle f\u00fcr den privaten und gewerblichen Gebrauch.  <\/p>\n<h3>Warum reflektierende Streifen?<\/h3>\n<p>Sie verbessern die Sichtbarkeit. So k\u00f6nnen Sie den Aufnahmebereich besser finden, wenn das Licht schw\u00e4cher wird oder auf dunklem Boden. <\/p>\n<p>Zusammenfassend l\u00e4sst sich sagen, dass die Drohnen-Landeplattform 75 cm ein einfaches Zubeh\u00f6r ist. Dennoch ver\u00e4ndert sie schnell Ihre Starts. Au\u00dferdem sch\u00fctzt sie Ihre Ausr\u00fcstung vor Bodenschmutz und erleichtert die R\u00fcckkehr nach der Landung.  <\/p>\n<p><img alt=\"Plateforme d&#039;atterrissage pour drones - 75cm\" loading=\"lazy\" decoding=\"async\" class=\"alignnone size-full wp-image-12069\" src=\"https:\/\/drone-parts-center.com\/wp-content\/uploads\/2021\/05\/plateforme-d-atterrissage-pour-drones-75cm.jpg\" alt=\"\" width=\"700\" height=\"600\" srcset=\"https:\/\/drone-parts-center.com\/wp-content\/uploads\/2021\/05\/plateforme-d-atterrissage-pour-drones-75cm.jpg 700w, https:\/\/drone-parts-center.com\/wp-content\/uploads\/2021\/05\/plateforme-d-atterrissage-pour-drones-75cm-467x400.jpg 467w, https:\/\/drone-parts-center.com\/wp-content\/uploads\/2021\/05\/plateforme-d-atterrissage-pour-drones-75cm-510x437.jpg 510w\" sizes=\"auto, (max-width: 700px) 100vw, 700px\" \/><\/p>\n<p>Anleitung zum Falten<\/p>\n<p><iframe loading=\"lazy\" title=\"How to fold a landing pad?\" width=\"1020\" height=\"574\" src=\"https:\/\/www.youtube.com\/embed\/oU0ElfabUWw?feature=oembed&#038;enablejsapi=1&#038;origin=https:\/\/drone-parts-center.com\" frameborder=\"0\" allow=\"accelerometer; autoplay; clipboard-write; encrypted-media; gyroscope; picture-in-picture; web-share\" referrerpolicy=\"strict-origin-when-cross-origin\" allowfullscreen><\/iframe><\/p>\n","protected":false},"excerpt":{"rendered":"<p>Orange\/blauer 75 cm Landeteppich f\u00fcr Drohnen. Zusammenklappbar, leicht (290 g) und einfach zu entfalten. Reflektierende Streifen zur besseren Erkennung der Landezone. Hilft bei einem sauberen Start auf Gras, Sand oder Kies und sch\u00fctzt die Propeller und die Kamera.   <\/p>\n","protected":false},"featured_media":98114,"comment_status":"open","ping_status":"closed","template":"","meta":{"_seopress_robots_primary_cat":"none","_seopress_titles_title":"Faltbare Landeplattform f\u00fcr Drohnen 75 cm","_seopress_titles_desc":"Drohnen-Landeplattform 75cm: Orange\/blaue Faltmatte, reflektierende Streifen, stabil und leicht (290 g). Ideal, um \u00fcberall zu starten. ","_seopress_robots_index":"","_seopress_analysis_target_kw":"Drohnen-Landeplattform - 75cm"},"product_brand":[19435],"product_cat":[19957],"product_tag":[],"class_list":{"0":"post-96206","1":"product","2":"type-product","3":"status-publish","4":"has-post-thumbnail","6":"product_brand-drone-parts-center","7":"product_cat-auslaufmodelle","9":"first","10":"instock","11":"sale","12":"taxable","13":"shipping-taxable","14":"purchasable","15":"product-type-simple"},"_links":{"self":[{"href":"https:\/\/drone-parts-center.com\/de\/wp-json\/wp\/v2\/product\/96206","targetHints":{"allow":["GET"]}}],"collection":[{"href":"https:\/\/drone-parts-center.com\/de\/wp-json\/wp\/v2\/product"}],"about":[{"href":"https:\/\/drone-parts-center.com\/de\/wp-json\/wp\/v2\/types\/product"}],"replies":[{"embeddable":true,"href":"https:\/\/drone-parts-center.com\/de\/wp-json\/wp\/v2\/comments?post=96206"}],"wp:featuredmedia":[{"embeddable":true,"href":"https:\/\/drone-parts-center.com\/de\/wp-json\/wp\/v2\/media\/98114"}],"wp:attachment":[{"href":"https:\/\/drone-parts-center.com\/de\/wp-json\/wp\/v2\/media?parent=96206"}],"wp:term":[{"taxonomy":"product_brand","embeddable":true,"href":"https:\/\/drone-parts-center.com\/de\/wp-json\/wp\/v2\/product_brand?post=96206"},{"taxonomy":"product_cat","embeddable":true,"href":"https:\/\/drone-parts-center.com\/de\/wp-json\/wp\/v2\/product_cat?post=96206"},{"taxonomy":"product_tag","embeddable":true,"href":"https:\/\/drone-parts-center.com\/de\/wp-json\/wp\/v2\/product_tag?post=96206"}],"curies":[{"name":"wp","href":"https:\/\/api.w.org\/{rel}","templated":true}]}}