{"id":96205,"date":"2021-06-28T07:19:32","date_gmt":"2021-06-28T05:19:32","guid":{"rendered":"https:\/\/drone-parts-center.com\/produit\/dji-phantom-4-pro-modul-gps\/"},"modified":"2025-07-26T22:32:44","modified_gmt":"2025-07-26T20:32:44","slug":"dji-phantom-4-pro-modul-gps","status":"publish","type":"product","link":"https:\/\/drone-parts-center.com\/de\/produkt\/dji-phantom-4-pro-modul-gps\/","title":{"rendered":"DJI Phantom 4 Pro - Modul GPS"},"content":{"rendered":"<p>DJI Phantom 4 Pro - 100% Original DJI<\/p>\n<p>GPS<\/p>\n<p>Modul<span style=\"background-color: #ffff00;\">Schraubensatz, Halterung und Magnetschutz nicht im Lieferumfang enthalten!<\/span><\/p>\n<p>Dieses<\/p>\n<p>Teil erm\u00f6glicht den Austausch des GPS-Moduls der <strong>DJI Phantom 4 Pro<\/strong> Drohne.<\/p>\n","protected":false},"excerpt":{"rendered":"<p>R\u00fcsten Sie Ihre DJI Phantom 4 Pro mit dem speziellen GPS-Modul auf. Sorgen Sie mit dieser unverzichtbaren Komponente f\u00fcr eine optimale Positioniergenauigkeit f\u00fcr stabile und zuverl\u00e4ssige Fl\u00fcge. <\/p>\n","protected":false},"featured_media":98353,"comment_status":"open","ping_status":"closed","template":"","meta":{"_seopress_robots_primary_cat":"","_seopress_titles_title":"Ersetzen Sie das Original-GPS DJI Phantom 4 Pro","_seopress_titles_desc":"Bestellen Sie ein 100% originales DJI Phantom 4 Pro GPS-Modul. Schraubensatz, Halterung und Schutz nicht enthalten. Ein neues Teil f\u00fcr eine leistungsf\u00e4hige Drohne.  ","_seopress_robots_index":""},"product_brand":[19390],"product_cat":[15500,15867],"product_tag":[15485,15868,15673,15870,15504,15604],"class_list":{"0":"post-96205","1":"product","2":"type-product","3":"status-publish","4":"has-post-thumbnail","6":"product_brand-dji","7":"product_cat-dji-phantom-4-de","8":"product_cat-ersatzteile","9":"product_tag-dji-de-3","10":"product_tag-echt-de","11":"product_tag-gps-de-2","12":"product_tag-phantom-de","13":"product_tag-phantom-4-de-2","14":"product_tag-profi-de","16":"first","17":"instock","18":"sold-individually","19":"taxable","20":"shipping-taxable","21":"purchasable","22":"product-type-simple"},"_links":{"self":[{"href":"https:\/\/drone-parts-center.com\/de\/wp-json\/wp\/v2\/product\/96205","targetHints":{"allow":["GET"]}}],"collection":[{"href":"https:\/\/drone-parts-center.com\/de\/wp-json\/wp\/v2\/product"}],"about":[{"href":"https:\/\/drone-parts-center.com\/de\/wp-json\/wp\/v2\/types\/product"}],"replies":[{"embeddable":true,"href":"https:\/\/drone-parts-center.com\/de\/wp-json\/wp\/v2\/comments?post=96205"}],"wp:featuredmedia":[{"embeddable":true,"href":"https:\/\/drone-parts-center.com\/de\/wp-json\/wp\/v2\/media\/98353"}],"wp:attachment":[{"href":"https:\/\/drone-parts-center.com\/de\/wp-json\/wp\/v2\/media?parent=96205"}],"wp:term":[{"taxonomy":"product_brand","embeddable":true,"href":"https:\/\/drone-parts-center.com\/de\/wp-json\/wp\/v2\/product_brand?post=96205"},{"taxonomy":"product_cat","embeddable":true,"href":"https:\/\/drone-parts-center.com\/de\/wp-json\/wp\/v2\/product_cat?post=96205"},{"taxonomy":"product_tag","embeddable":true,"href":"https:\/\/drone-parts-center.com\/de\/wp-json\/wp\/v2\/product_tag?post=96205"}],"curies":[{"name":"wp","href":"https:\/\/api.w.org\/{rel}","templated":true}]}}