{"id":96197,"date":"2021-05-31T06:47:06","date_gmt":"2021-05-31T04:47:06","guid":{"rendered":"https:\/\/drone-parts-center.com\/produit\/xt60-auf-xt30-ladekabel\/"},"modified":"2026-01-23T18:56:52","modified_gmt":"2026-01-23T17:56:52","slug":"xt60-auf-xt30-ladekabel","status":"publish","type":"product","link":"https:\/\/drone-parts-center.com\/de\/produkt\/xt60-auf-xt30-ladekabel\/","title":{"rendered":"XT60 auf XT30 Ladekabel"},"content":{"rendered":"<p>XT60 auf XT30 Ladekabel<\/p>\n<p><img alt=\"C\u00e2ble de charge XT60 vers XT30\" loading=\"lazy\" decoding=\"async\" class=\"alignnone size-full wp-image-12089\" src=\"https:\/\/drone-parts-center.com\/wp-content\/uploads\/2021\/05\/cable-de-charge-xt60-vers-xt30.jpg\" alt=\"\" width=\"800\" height=\"800\" srcset=\"https:\/\/drone-parts-center.com\/wp-content\/uploads\/2021\/05\/cable-de-charge-xt60-vers-xt30.jpg 800w, https:\/\/drone-parts-center.com\/wp-content\/uploads\/2021\/05\/cable-de-charge-xt60-vers-xt30-280x280.jpg 280w, https:\/\/drone-parts-center.com\/wp-content\/uploads\/2021\/05\/cable-de-charge-xt60-vers-xt30-768x768.jpg 768w, https:\/\/drone-parts-center.com\/wp-content\/uploads\/2021\/05\/cable-de-charge-xt60-vers-xt30-247x247.jpg 247w, https:\/\/drone-parts-center.com\/wp-content\/uploads\/2021\/05\/cable-de-charge-xt60-vers-xt30-510x510.jpg 510w, https:\/\/drone-parts-center.com\/wp-content\/uploads\/2021\/05\/cable-de-charge-xt60-vers-xt30-100x100.jpg 100w\" sizes=\"auto, (max-width: 800px) 100vw, 800px\" \/><\/p>\n","protected":false},"excerpt":{"rendered":"<p>Verwenden Sie das XT60-auf-XT30-Ladekabel, um Ihre Ger\u00e4te mit XT30-Steckdosen \u00fcber eine XT60-Quelle mit Strom zu versorgen. Stellen Sie sicher, dass die Kompatibilit\u00e4t beim Aufladen Ihrer FPV-Akkus und -Ger\u00e4te gew\u00e4hrleistet ist. <\/p>\n","protected":false},"featured_media":98126,"comment_status":"open","ping_status":"closed","template":"","meta":{"_seopress_robots_primary_cat":"","_seopress_titles_title":"Ladekabel XT60 zu XT30: Garantierte Effizienz","_seopress_titles_desc":"Entdecken Sie das Ladekabel XT60 auf XT30 f\u00fcr eine effiziente und sichere Konnektivit\u00e4t bei Ihren elektronischen Projekten.","_seopress_robots_index":"yes","_seopress_analysis_target_kw":"XT60 auf XT30 Ladekabel"},"product_brand":[19429],"product_cat":[],"product_tag":[],"class_list":{"0":"post-96197","1":"product","2":"type-product","3":"status-publish","4":"has-post-thumbnail","6":"product_brand-beez2b","8":"first","9":"outofstock","10":"sale","11":"taxable","12":"shipping-taxable","13":"purchasable","14":"product-type-simple"},"_links":{"self":[{"href":"https:\/\/drone-parts-center.com\/de\/wp-json\/wp\/v2\/product\/96197","targetHints":{"allow":["GET"]}}],"collection":[{"href":"https:\/\/drone-parts-center.com\/de\/wp-json\/wp\/v2\/product"}],"about":[{"href":"https:\/\/drone-parts-center.com\/de\/wp-json\/wp\/v2\/types\/product"}],"replies":[{"embeddable":true,"href":"https:\/\/drone-parts-center.com\/de\/wp-json\/wp\/v2\/comments?post=96197"}],"wp:featuredmedia":[{"embeddable":true,"href":"https:\/\/drone-parts-center.com\/de\/wp-json\/wp\/v2\/media\/98126"}],"wp:attachment":[{"href":"https:\/\/drone-parts-center.com\/de\/wp-json\/wp\/v2\/media?parent=96197"}],"wp:term":[{"taxonomy":"product_brand","embeddable":true,"href":"https:\/\/drone-parts-center.com\/de\/wp-json\/wp\/v2\/product_brand?post=96197"},{"taxonomy":"product_cat","embeddable":true,"href":"https:\/\/drone-parts-center.com\/de\/wp-json\/wp\/v2\/product_cat?post=96197"},{"taxonomy":"product_tag","embeddable":true,"href":"https:\/\/drone-parts-center.com\/de\/wp-json\/wp\/v2\/product_tag?post=96197"}],"curies":[{"name":"wp","href":"https:\/\/api.w.org\/{rel}","templated":true}]}}