{"id":96193,"date":"2022-09-22T15:25:41","date_gmt":"2022-09-22T13:25:41","guid":{"rendered":"https:\/\/drone-parts-center.com\/produit\/dji-avata-gimbal-stossdaempfer\/"},"modified":"2026-02-18T08:15:12","modified_gmt":"2026-02-18T07:15:12","slug":"dji-avata-gimbal-stossdaempfer","status":"publish","type":"product","link":"https:\/\/drone-parts-center.com\/de\/produkt\/dji-avata-gimbal-stossdaempfer\/","title":{"rendered":"DJI Avata - Gondeld\u00e4mpfer"},"content":{"rendered":"<h2>DJI Avata - Gondelsto\u00dfd\u00e4mpfer (Ersatzteil)<\/h2>\n<p>Original DJI Gondeld\u00e4mpfer f\u00fcr die Avata Drohne. Dieses Gummi-\/Silikonteil absorbiert die Vibrationen zwischen dem K\u00f6rper der Drohne und der Kameragondel und garantiert so stabile Bilder ohne Jello (st\u00f6rende Wellen). <\/p>\n<h3>Wann sollte diese M\u00fcnze ausgetauscht werden?<\/h3>\n<p>Ersetzen Sie den Sto\u00dfd\u00e4mpfer, wenn Ihre Videos Wackelpudding (wellenf\u00f6rmige Verformungen) aufweisen, wenn der Sto\u00dfd\u00e4mpfer gerissen, verh\u00e4rtet oder verformt ist. Sto\u00dfd\u00e4mpfer verschlei\u00dfen mit der Zeit und durch wiederholte Einwirkungen. <\/p>\n<h3>Kompatibilit\u00e4t<\/h3>\n<p>Nur mit der DJI Avata kompatibel. Nicht kompatibel mit DJI Avata 2. 100% Original DJI-Produkt.  <\/p>\n","protected":false},"excerpt":{"rendered":"<p>Dieses 100% echte und neue DJI-Ersatzteil erm\u00f6glicht den Austausch des Gondelsto\u00dfd\u00e4mpfers Ihrer DJI Avata Drohne.<\/p>\n","protected":false},"featured_media":99289,"comment_status":"open","ping_status":"closed","template":"","meta":{"_seopress_robots_primary_cat":"","_seopress_titles_title":"DJI Avata Gondel D\u00e4mpfer 100% Original","_seopress_titles_desc":"Ersetzen Sie Ihren DJI Avata Gondelsto\u00dfd\u00e4mpfer mit unserem neuen und 100% originalen Produkt. Bestellen Sie jetzt f\u00fcr einen perfekten Flug! ","_seopress_robots_index":"yes","_seopress_analysis_target_kw":"DJI Avata Gimbal Sto\u00dfd\u00e4mpfer"},"product_brand":[19390],"product_cat":[15785],"product_tag":[15784,15485],"class_list":{"0":"post-96193","1":"product","2":"type-product","3":"status-publish","4":"has-post-thumbnail","6":"product_brand-dji","7":"product_cat-dji-avata-de","8":"product_tag-avata-de","9":"product_tag-dji-de-3","11":"first","12":"outofstock","13":"taxable","14":"shipping-taxable","15":"purchasable","16":"product-type-simple"},"_links":{"self":[{"href":"https:\/\/drone-parts-center.com\/de\/wp-json\/wp\/v2\/product\/96193","targetHints":{"allow":["GET"]}}],"collection":[{"href":"https:\/\/drone-parts-center.com\/de\/wp-json\/wp\/v2\/product"}],"about":[{"href":"https:\/\/drone-parts-center.com\/de\/wp-json\/wp\/v2\/types\/product"}],"replies":[{"embeddable":true,"href":"https:\/\/drone-parts-center.com\/de\/wp-json\/wp\/v2\/comments?post=96193"}],"wp:featuredmedia":[{"embeddable":true,"href":"https:\/\/drone-parts-center.com\/de\/wp-json\/wp\/v2\/media\/99289"}],"wp:attachment":[{"href":"https:\/\/drone-parts-center.com\/de\/wp-json\/wp\/v2\/media?parent=96193"}],"wp:term":[{"taxonomy":"product_brand","embeddable":true,"href":"https:\/\/drone-parts-center.com\/de\/wp-json\/wp\/v2\/product_brand?post=96193"},{"taxonomy":"product_cat","embeddable":true,"href":"https:\/\/drone-parts-center.com\/de\/wp-json\/wp\/v2\/product_cat?post=96193"},{"taxonomy":"product_tag","embeddable":true,"href":"https:\/\/drone-parts-center.com\/de\/wp-json\/wp\/v2\/product_tag?post=96193"}],"curies":[{"name":"wp","href":"https:\/\/api.w.org\/{rel}","templated":true}]}}