{"id":96184,"date":"2021-09-08T07:49:56","date_gmt":"2021-09-08T05:49:56","guid":{"rendered":"https:\/\/drone-parts-center.com\/produit\/dji-mavic-2-akkuladegeraet-mit-lcd-display\/"},"modified":"2026-04-13T16:31:56","modified_gmt":"2026-04-13T14:31:56","slug":"dji-mavic-2-akkuladegeraet-mit-lcd-display","status":"publish","type":"product","link":"https:\/\/drone-parts-center.com\/de\/produkt\/dji-mavic-2-akkuladegeraet-mit-lcd-display\/","title":{"rendered":"DJI Mavic 2 - Akkuladeger\u00e4t mit LCD-Display"},"content":{"rendered":"<p>DJI Mavic 2 - Akkuladeger\u00e4t mit LCD-Display<\/p>\n<p><span><span class=\"\">Mit Schalter, LCD-Bildschirm und 60% Akkuspeicher-Lademodus<\/span><\/span><\/p>\n<p><span>Verpackungsgewicht: 0,8 kg<\/span><\/p>\n<p><span>Verpackungsvolumen: 24x17x7cm<\/span><\/p>\n<ul>\n<li><span>Eingang: 110-240 V AC<\/span><\/li>\n<li><span>Batterieausgang: 17,6 V\/2,0 A (MAX)*4<\/span><\/li>\n<li><span>USB-Ausgang: 5 V\/3 A<\/span><\/li>\n<li><span>Ladezeit: 120 Minuten f\u00fcr 4 Akkus<\/span><\/li>\n<li>Abmessung: 13,3 * 13,3 * 3,3 cm<\/li>\n<li><span>Gewicht: 595g<\/span><\/li>\n<li>Profil: EU<\/li>\n<\/ul>\n<p>&nbsp;<\/p>\n","protected":false},"excerpt":{"rendered":"<p>Verbessern Sie Ihr DJI Mavic 2-Erlebnis mit dem Akkuladeger\u00e4t mit LCD-Display. \u00dcberwachen und verwalten Sie Ihre Akkuladung ganz einfach f\u00fcr l\u00e4ngere, sorgenfreie Fl\u00fcge. <\/p>\n","protected":false},"featured_media":98349,"comment_status":"open","ping_status":"closed","template":"","meta":{"_seopress_robots_primary_cat":"","_seopress_titles_title":"DJI Mavic 2 Ladeger\u00e4t mit leistungsstarkem LCD-Bildschirm","_seopress_titles_desc":"Optimieren Sie Ihren Flug mit dem DJI Mavic 2 Ladeger\u00e4t - LCD-Bildschirm, l\u00e4dt 4 Akkus in 120 Minuten. Leicht und effizient, ideal f\u00fcr Ihre Reisen. ","_seopress_robots_index":""},"product_brand":[19426],"product_cat":[19957,15521],"product_tag":[15630,15485,15628],"class_list":{"0":"post-96184","1":"product","2":"type-product","3":"status-publish","4":"has-post-thumbnail","6":"product_brand-yx","7":"product_cat-auslaufmodelle","8":"product_cat-dji-mavic-2-pro-zoom-de","9":"product_tag-batterie-de-3","10":"product_tag-dji-de-3","11":"product_tag-ladegerat-de","13":"first","14":"outofstock","15":"sale","16":"taxable","17":"shipping-taxable","18":"purchasable","19":"product-type-simple"},"_links":{"self":[{"href":"https:\/\/drone-parts-center.com\/de\/wp-json\/wp\/v2\/product\/96184","targetHints":{"allow":["GET"]}}],"collection":[{"href":"https:\/\/drone-parts-center.com\/de\/wp-json\/wp\/v2\/product"}],"about":[{"href":"https:\/\/drone-parts-center.com\/de\/wp-json\/wp\/v2\/types\/product"}],"replies":[{"embeddable":true,"href":"https:\/\/drone-parts-center.com\/de\/wp-json\/wp\/v2\/comments?post=96184"}],"wp:featuredmedia":[{"embeddable":true,"href":"https:\/\/drone-parts-center.com\/de\/wp-json\/wp\/v2\/media\/98349"}],"wp:attachment":[{"href":"https:\/\/drone-parts-center.com\/de\/wp-json\/wp\/v2\/media?parent=96184"}],"wp:term":[{"taxonomy":"product_brand","embeddable":true,"href":"https:\/\/drone-parts-center.com\/de\/wp-json\/wp\/v2\/product_brand?post=96184"},{"taxonomy":"product_cat","embeddable":true,"href":"https:\/\/drone-parts-center.com\/de\/wp-json\/wp\/v2\/product_cat?post=96184"},{"taxonomy":"product_tag","embeddable":true,"href":"https:\/\/drone-parts-center.com\/de\/wp-json\/wp\/v2\/product_tag?post=96184"}],"curies":[{"name":"wp","href":"https:\/\/api.w.org\/{rel}","templated":true}]}}