{"id":96180,"date":"2021-09-19T07:03:03","date_gmt":"2021-09-19T05:03:03","guid":{"rendered":"https:\/\/drone-parts-center.com\/produit\/dji-mavic-air-5332s-propeller\/"},"modified":"2025-07-26T22:24:22","modified_gmt":"2025-07-26T20:24:22","slug":"dji-mavic-air-5332s-propeller","status":"publish","type":"product","link":"https:\/\/drone-parts-center.com\/de\/produkt\/dji-mavic-air-5332s-propeller\/","title":{"rendered":"DJI Mavic Air 5332S Propeller"},"content":{"rendered":"<p>DJI Mavic Air 5332S Propeller<\/p>\n<ul>\n<li>Materialien: Kohlefaser + Fiberglas<\/li>\n<li>F\u00fcr DJI Mavic Air<\/li>\n<li>Gewicht: 4,7 g<\/li>\n<\/ul>\n<p>Steifer als Originalpropeller und flexibler als Karbonpropeller<\/p>\n<p>Diese Propeller sind keine Markenprodukte von DJI. Da das Originalmodell der Marke nicht mehr hergestellt wird, bieten wir Ihnen hier ein Produkt von ausgezeichneter Qualit\u00e4t an, das unseren Nutzungsstandards entspricht. <\/p>\n","protected":false},"excerpt":{"rendered":"<p>Optimiere deine DJI Mavic Air mit den 5332S Propellern. Sorgen Sie mit diesem hochwertigen Zubeh\u00f6r f\u00fcr eine reibungslose und stabile Flugleistung. <\/p>\n","protected":false},"featured_media":186745,"comment_status":"open","ping_status":"closed","template":"","meta":{"_seopress_robots_primary_cat":"none","_seopress_titles_title":"5332S Propeller f\u00fcr DJI Mavic Air - H\u00f6chste Qualit\u00e4t","_seopress_titles_desc":"Entdecken Sie die 5332S Propeller f\u00fcr DJI Mavic Air: leicht, steif und flexibel. Ersetzen Sie das Original durch eine optimale Qualit\u00e4t, die nicht von DJI stammt. ","_seopress_robots_index":""},"product_brand":[19390],"product_cat":[15612],"product_tag":[],"class_list":{"0":"post-96180","1":"product","2":"type-product","3":"status-publish","4":"has-post-thumbnail","6":"product_brand-dji","7":"product_cat-dji-mavic-air-de-2","9":"first","10":"instock","11":"taxable","12":"shipping-taxable","13":"purchasable","14":"product-type-simple"},"_links":{"self":[{"href":"https:\/\/drone-parts-center.com\/de\/wp-json\/wp\/v2\/product\/96180","targetHints":{"allow":["GET"]}}],"collection":[{"href":"https:\/\/drone-parts-center.com\/de\/wp-json\/wp\/v2\/product"}],"about":[{"href":"https:\/\/drone-parts-center.com\/de\/wp-json\/wp\/v2\/types\/product"}],"replies":[{"embeddable":true,"href":"https:\/\/drone-parts-center.com\/de\/wp-json\/wp\/v2\/comments?post=96180"}],"wp:featuredmedia":[{"embeddable":true,"href":"https:\/\/drone-parts-center.com\/de\/wp-json\/wp\/v2\/media\/186745"}],"wp:attachment":[{"href":"https:\/\/drone-parts-center.com\/de\/wp-json\/wp\/v2\/media?parent=96180"}],"wp:term":[{"taxonomy":"product_brand","embeddable":true,"href":"https:\/\/drone-parts-center.com\/de\/wp-json\/wp\/v2\/product_brand?post=96180"},{"taxonomy":"product_cat","embeddable":true,"href":"https:\/\/drone-parts-center.com\/de\/wp-json\/wp\/v2\/product_cat?post=96180"},{"taxonomy":"product_tag","embeddable":true,"href":"https:\/\/drone-parts-center.com\/de\/wp-json\/wp\/v2\/product_tag?post=96180"}],"curies":[{"name":"wp","href":"https:\/\/api.w.org\/{rel}","templated":true}]}}