{"id":96173,"date":"2022-09-22T14:03:23","date_gmt":"2022-09-22T12:03:23","guid":{"rendered":"https:\/\/drone-parts-center.com\/produit\/dji-matrice-300-gimbal-halterung-mit-einzelboden-und-anschluss\/"},"modified":"2026-03-03T23:33:18","modified_gmt":"2026-03-03T22:33:18","slug":"dji-matrice-300-gimbal-halterung-mit-einzelboden-und-anschluss","status":"publish","type":"product","link":"https:\/\/drone-parts-center.com\/de\/produkt\/dji-matrice-300-gimbal-halterung-mit-einzelboden-und-anschluss\/","title":{"rendered":"DJI Matrice 300 - Einzelne untere Gondelhalterung mit Stecker"},"content":{"rendered":"<h2>DJI Matrice 300 - Einzelne untere Gondelhalterung mit Stecker<\/h2>\n<p>Original DJI untere einfache Gondelhalterung f\u00fcr die professionelle Drohne Matrice 300 RTK \/ Matrice 350 RTK. Mit diesem Befestigungsmodul k\u00f6nnen Sie eine Payload-Gondel (Zenmuse H20, H20T, L1, P1, etc.) am unteren Port der Drohne befestigen. <\/p>\n<h3>Wann sollte diese M\u00fcnze ausgetauscht werden?<\/h3>\n<p>Ersetzen Sie diese Halterung, wenn der Stecker besch\u00e4digt ist, wenn die Gondel nicht mehr richtig einrastet oder wenn die Halterung mechanische Sch\u00e4den aufweist, die die sichere Befestigung der Gondel beeintr\u00e4chtigen.<\/p>\n<h3>Kompatibilit\u00e4t<\/h3>\n<p>Kompatibel mit der DJI Matrice 300 RTK und der DJI Matrice 350 RTK. 100% Original DJI-Produkt. <\/p>\n","protected":false},"excerpt":{"rendered":"<p>Dieses Ersatzteil f\u00fcr die DJI Matrice 300 Drohne ist eine einfache untere Gondelhalterung mit Anschluss. Dieses Teil ist 100% authentisch von DJI und neu. <\/p>\n","protected":false},"featured_media":99287,"comment_status":"open","ping_status":"closed","template":"","meta":{"_seopress_robots_primary_cat":"","_seopress_titles_title":"DJI M300 Gondelhalterung: Originalstecker","_seopress_titles_desc":"Kaufen Sie die einfache untere Gondelhalterung mit 100% Originalanschluss, kompatibel mit der DJI Matrice 300.","_seopress_robots_index":"yes","_seopress_analysis_target_kw":"DJI Matrice 300 - Einzelne untere Gondelhalterung mit Stecker"},"product_brand":[19390],"product_cat":[15781],"product_tag":[15485,15703],"class_list":{"0":"post-96173","1":"product","2":"type-product","3":"status-publish","4":"has-post-thumbnail","6":"product_brand-dji","7":"product_cat-dji-matrice-300-350-de","8":"product_tag-dji-de-3","9":"product_tag-enterprise-de-3","10":"pa_position-4-in-1-set-de","11":"pa_position-arriere-droit-de","12":"pa_position-arriere-gauche-de","13":"pa_position-avant-droit-de","14":"pa_position-avant-gauche-de","15":"pa_position-left-back-de","16":"pa_position-right-back-de","17":"pa_position-right-front-de","19":"first","20":"outofstock","21":"taxable","22":"shipping-taxable","23":"purchasable","24":"product-type-simple"},"_links":{"self":[{"href":"https:\/\/drone-parts-center.com\/de\/wp-json\/wp\/v2\/product\/96173","targetHints":{"allow":["GET"]}}],"collection":[{"href":"https:\/\/drone-parts-center.com\/de\/wp-json\/wp\/v2\/product"}],"about":[{"href":"https:\/\/drone-parts-center.com\/de\/wp-json\/wp\/v2\/types\/product"}],"replies":[{"embeddable":true,"href":"https:\/\/drone-parts-center.com\/de\/wp-json\/wp\/v2\/comments?post=96173"}],"wp:featuredmedia":[{"embeddable":true,"href":"https:\/\/drone-parts-center.com\/de\/wp-json\/wp\/v2\/media\/99287"}],"wp:attachment":[{"href":"https:\/\/drone-parts-center.com\/de\/wp-json\/wp\/v2\/media?parent=96173"}],"wp:term":[{"taxonomy":"product_brand","embeddable":true,"href":"https:\/\/drone-parts-center.com\/de\/wp-json\/wp\/v2\/product_brand?post=96173"},{"taxonomy":"product_cat","embeddable":true,"href":"https:\/\/drone-parts-center.com\/de\/wp-json\/wp\/v2\/product_cat?post=96173"},{"taxonomy":"product_tag","embeddable":true,"href":"https:\/\/drone-parts-center.com\/de\/wp-json\/wp\/v2\/product_tag?post=96173"}],"curies":[{"name":"wp","href":"https:\/\/api.w.org\/{rel}","templated":true}]}}