{"id":96152,"date":"2022-03-29T05:50:57","date_gmt":"2022-03-29T03:50:57","guid":{"rendered":"https:\/\/drone-parts-center.com\/produit\/dji-m30t-sicherheitspaket\/"},"modified":"2026-02-20T11:01:40","modified_gmt":"2026-02-20T10:01:40","slug":"dji-m30t-sicherheitspaket","status":"publish","type":"product","link":"https:\/\/drone-parts-center.com\/de\/produkt\/dji-m30t-sicherheitspaket\/","title":{"rendered":"DJI M30T Sicherheitspaket"},"content":{"rendered":"<p>DJI M30T Sicherheitspaket<\/p>\n<p>Das <strong>DJI M30T Security Pack<\/strong> ist ein Komplettpaket bestehend aus Batterien, Zubeh\u00f6r und einer kompakten, leistungsstarken Drohne f\u00fcr Anwendungen im Bereich der \u00f6ffentlichen Sicherheit. Die visuellen (48 MP, 17-facher optischer Zoom) und die thermischen F\u00e4higkeiten von 640\u00d7512 sind in der Kategorie der Drohnen unter 4 kg einfach un\u00fcbertroffen. <\/p>\n<p><iframe loading=\"lazy\" title=\"Introducing The Matrice 30 Series, DJI Dock, and FlightHub 2 |  DJI&#039;s New Commercial Drone Solutions\" width=\"1020\" height=\"574\" src=\"https:\/\/www.youtube.com\/embed\/woE_LPumNck?feature=oembed&#038;enablejsapi=1&#038;origin=https:\/\/drone-parts-center.com\" frameborder=\"0\" allow=\"accelerometer; autoplay; clipboard-write; encrypted-media; gyroscope; picture-in-picture; web-share\" referrerpolicy=\"strict-origin-when-cross-origin\" allowfullscreen><\/iframe><\/p>\n<h2 class=\"cont-onglet-titre\">Inhalt<\/h2>\n<ul>\n<li>1 x Drohne DJI Matrice 30T<\/li>\n<li>1 x Fernsteuerung DJI RC Plus<\/li>\n<li>1 x Geschirr<\/li>\n<li>2 x 4G-Modem<\/li>\n<li>8 x TB30-Batterien<\/li>\n<li>2 x Batterien WB37<\/li>\n<li>1 x Ladestation BS30<\/li>\n<li>1 x Transportkoffer<\/li>\n<li>1 x LP12<\/li>\n<\/ul>\n<p>&nbsp;<\/p>\n\n  <div class=\"banner has-hover\" id=\"banner-1122993903\">\n          <div class=\"banner-inner fill\">\n        <div class=\"banner-bg fill\" >\n            <img loading=\"lazy\" decoding=\"async\" width=\"1000\" height=\"667\" src=\"https:\/\/drone-parts-center.com\/wp-content\/uploads\/2022\/03\/AB_9881-1.jpg\" class=\"bg attachment-large size-large\" alt=\"\u00dcberwachungsdrohne im Flug mit einem Polizeibeamten und einem Polizeifahrzeug im Regen.\" \/>                                    \n                    <\/div>\n\t\t\n        <div class=\"banner-layers container\">\n            <div class=\"fill banner-link\"><\/div>            \n   <div id=\"text-box-1429978360\" class=\"text-box banner-layer x90 md-x100 lg-x100 y20 md-y50 lg-y50 res-text\">\n                     <div data-animate=\"none\">           <div class=\"text-box-content text \">\n              \n              <div class=\"text-inner text-center\">\n                  \n<h3 class=\"uppercase\"><span style=\"color: #ffffff;\">Leistungsstarke Flugleistungen<\/span><\/h3>\n<p><span style=\"color: #ffffff;\">Ein Gleichgewicht zwischen Leistung und Tragbarkeit bietet eine h\u00f6here Betriebseffizienz.<\/span><\/p>\n<p><span style=\"color: #ffffff;\">Betriebsdauer: 41 Min.<\/span><\/p>\n<p><span style=\"color: #ffffff;\">Windwiderstand: 15 m\/s<\/span><\/p>\n<p><span style=\"color: #ffffff;\">Servicedecke: 7000 m<\/span><\/p>\n<p><span style=\"color: #ffffff;\">Maximale Geschwindigkeit: 23 m\/s<\/span><\/p>\n              <\/div>\n           <\/div>\n       <\/div>                     \n<style>\n#text-box-1429978360 .text-box-content {\n  background-color: rgba(0, 0, 0, 0.407);\n  font-size: 100%;\n}\n#text-box-1429978360 {\n  width: 50%;\n}\n@media (min-width:550px) {\n  #text-box-1429978360 {\n    width: 36%;\n  }\n}\n<\/style>\n    <\/div>\n \n        <\/div>\n      <\/div>\n\n            \n<style>\n#banner-1122993903 {\n  padding-top: 500px;\n}\n<\/style>\n  <\/div>\n\n\n<div class=\"is-divider divider clearfix\" style=\"height:0px;\"><\/div>\n\n  <div class=\"banner has-hover\" id=\"banner-214276648\">\n          <div class=\"banner-inner fill\">\n        <div class=\"banner-bg fill\" >\n            <img loading=\"lazy\" decoding=\"async\" width=\"1000\" height=\"667\" src=\"https:\/\/drone-parts-center.com\/wp-content\/uploads\/2022\/03\/AB_0026-1.jpg\" class=\"bg attachment-large size-large\" alt=\"Schwarze Drohne mit roten Lichtern im Flug bei starkem Regen in einer dunklen Umgebung.\" \/>                                    \n                    <\/div>\n\t\t\n        <div class=\"banner-layers container\">\n            <div class=\"fill banner-link\"><\/div>            \n   <div id=\"text-box-1526240076\" class=\"text-box banner-layer x50 md-x0 lg-x0 y95 md-y5 lg-y5 res-text\">\n                     <div data-animate=\"none\">           <div class=\"text-box-content text \">\n              \n              <div class=\"text-inner text-center\">\n                  \n\t<div id=\"text-3026120421\" class=\"text\">\n\t\t\n<h3 class=\"uppercase\">Umweltanpassungsf\u00e4higkeit<\/h3>\n<p>Mit der Schutzart IP55 kann der M30 problemlos dem Wetter und Temperaturen von -20\u00b0 C bis 50\u00b0 C standhalten.<br \/>\n\t\t\n<style>\n#text-3026120421 {\n  color: rgb(255,255,255);\n}\n#text-3026120421 > * {\n  color: rgb(255,255,255);\n}\n<\/style>\n\t<\/div>\n\t\n              <\/div>\n           <\/div>\n       <\/div>                     \n<style>\n#text-box-1526240076 .text-box-content {\n  background-color: rgba(0, 0, 0, 0.407);\n  font-size: 100%;\n}\n#text-box-1526240076 {\n  width: 92%;\n}\n@media (min-width:550px) {\n  #text-box-1526240076 {\n    width: 49%;\n  }\n}\n<\/style>\n    <\/div>\n \n        <\/div>\n      <\/div>\n\n            \n<style>\n#banner-214276648 {\n  padding-top: 500px;\n}\n<\/style>\n  <\/div>\n\n\n<div class=\"is-divider divider clearfix\" style=\"height:0px;\"><\/div>\n\n  <div class=\"banner has-hover\" id=\"banner-1208048854\">\n          <div class=\"banner-inner fill\">\n        <div class=\"banner-bg fill\" >\n            <img loading=\"lazy\" decoding=\"async\" width=\"1000\" height=\"667\" src=\"https:\/\/drone-parts-center.com\/wp-content\/uploads\/2022\/03\/AB_0550-1.jpg\" class=\"bg attachment-large size-large\" alt=\"Eine Drohne im Flug mit zwei Bedienern, die Fernbedienungen in einer verschneiten Umgebung verwenden.\" \/>                                    \n                    <\/div>\n\t\t\n        <div class=\"banner-layers container\">\n            <div class=\"fill banner-link\"><\/div>            \n   <div id=\"text-box-1110897834\" class=\"text-box banner-layer x50 md-x100 lg-x100 y5 md-y95 lg-y95 res-text\">\n                     <div data-animate=\"none\">           <div class=\"text-box-content text \">\n              \n              <div class=\"text-inner text-center\">\n                  \n\t<div id=\"text-4285413299\" class=\"text\">\n\t\t\n<h3 class=\"uppercase\">Sicher und zuverl\u00e4ssig<\/h3>\n<p>Dual-Vision- und ToF-Sensoren befinden sich auf allen sechs Seiten der Drohne und sorgen daf\u00fcr, dass sie und Ihre Mission sicher sind. Der eingebaute ADS-B-Empf\u00e4nger liefert rechtzeitige Warnungen vor Flugzeugen in der N\u00e4he.<br \/>\n\t\t\n<style>\n#text-4285413299 {\n  color: rgb(255,255,255);\n}\n#text-4285413299 > * {\n  color: rgb(255,255,255);\n}\n<\/style>\n\t<\/div>\n\t\n              <\/div>\n           <\/div>\n       <\/div>                     \n<style>\n#text-box-1110897834 .text-box-content {\n  background-color: rgba(0, 0, 0, 0.407);\n  font-size: 100%;\n}\n#text-box-1110897834 {\n  width: 91%;\n}\n@media (min-width:550px) {\n  #text-box-1110897834 {\n    width: 49%;\n  }\n}\n<\/style>\n    <\/div>\n \n        <\/div>\n      <\/div>\n\n            \n<style>\n#banner-1208048854 {\n  padding-top: 500px;\n}\n<\/style>\n  <\/div>\n\n\n<div class=\"is-divider divider clearfix\" style=\"height:0px;\"><\/div>\n\n  <div class=\"banner has-hover\" id=\"banner-223296299\">\n          <div class=\"banner-inner fill\">\n        <div class=\"banner-bg fill\" >\n            <img loading=\"lazy\" decoding=\"async\" width=\"1000\" height=\"667\" src=\"https:\/\/drone-parts-center.com\/wp-content\/uploads\/2022\/03\/AB_9465.jpg\" class=\"bg attachment-large size-large\" alt=\"Ein Bediener h\u00e4lt eine Drohne in einer Hand und ist bereit, sie in einer Au\u00dfenumgebung zu starten.\" \/>                                    \n                    <\/div>\n\t\t\n        <div class=\"banner-layers container\">\n            <div class=\"fill banner-link\"><\/div>            \n   <div id=\"text-box-1758886018\" class=\"text-box banner-layer x50 md-x0 lg-x0 y5 md-y5 lg-y5 res-text\">\n                     <div data-animate=\"none\">           <div class=\"text-box-content text \">\n              \n              <div class=\"text-inner text-center\">\n                  \n\t<div id=\"text-1648577863\" class=\"text\">\n\t\t\n<h3 class=\"uppercase\">Redundanzen und Backup-Systeme<\/h3>\n<p>Die integrierten fortschrittlichen Redundanzsysteme helfen Ihnen, Ihre kritischen Missionen auch in unerwarteten Szenarien fortzusetzen.<br \/>\n\t\t\n<style>\n#text-1648577863 {\n  color: rgb(255,255,255);\n}\n#text-1648577863 > * {\n  color: rgb(255,255,255);\n}\n<\/style>\n\t<\/div>\n\t\n              <\/div>\n           <\/div>\n       <\/div>                     \n<style>\n#text-box-1758886018 .text-box-content {\n  background-color: rgba(0, 0, 0, 0.407);\n  font-size: 100%;\n}\n#text-box-1758886018 {\n  width: 83%;\n}\n@media (min-width:550px) {\n  #text-box-1758886018 {\n    width: 49%;\n  }\n}\n<\/style>\n    <\/div>\n \n        <\/div>\n      <\/div>\n\n            \n<style>\n#banner-223296299 {\n  padding-top: 500px;\n}\n<\/style>\n  <\/div>\n\n\n<div class=\"is-divider divider clearfix\" style=\"height:0px;\"><\/div>\n\n  <div class=\"banner has-hover\" id=\"banner-572234318\">\n          <div class=\"banner-inner fill\">\n        <div class=\"banner-bg fill\" >\n            <img loading=\"lazy\" decoding=\"async\" width=\"1000\" height=\"667\" src=\"https:\/\/drone-parts-center.com\/wp-content\/uploads\/2022\/03\/AB_9991.jpg\" class=\"bg attachment-large size-large\" alt=\"Eine Person, die eine Drohne bei starkem Regen h\u00e4lt, mit sichtbaren Wassertropfen auf dem Ger\u00e4t.\" \/>                                    \n                    <\/div>\n\t\t\n        <div class=\"banner-layers container\">\n            <div class=\"fill banner-link\"><\/div>            \n   <div id=\"text-box-2019106957\" class=\"text-box banner-layer x50 md-x0 lg-x0 y95 md-y95 lg-y95 res-text\">\n                     <div data-animate=\"none\">           <div class=\"text-box-content text \">\n              \n              <div class=\"text-inner text-center\">\n                  \n\t<div id=\"text-4129296241\" class=\"text\">\n\t\t\n<h3 class=\"uppercase\">Verbesserte \u00dcbertragung<\/h3>\n<p>Vier eingebaute Antennen unterst\u00fctzen OcuSync 3 Enterprise, das eine dreikanalige 1080p-Video\u00fcbertragung und einen nahtlosen Austausch zwischen den Eingangsstr\u00f6men erm\u00f6glicht, selbst in komplexen Umgebungen.<br \/>\nSt\u00e4rken Sie Ihre Verbindung mit dem DJI Cellular Module, einem optionalen 4G-Dongle, der eine stabile Video\u00fcbertragung in komplexen oder abgelegenen Arbeitsumgebungen unterst\u00fctzt.<br \/>\n\t\t\n<style>\n#text-4129296241 {\n  color: rgb(255,255,255);\n}\n#text-4129296241 > * {\n  color: rgb(255,255,255);\n}\n<\/style>\n\t<\/div>\n\t\n              <\/div>\n           <\/div>\n       <\/div>                     \n<style>\n#text-box-2019106957 .text-box-content {\n  background-color: rgba(0, 0, 0, 0.407);\n  font-size: 100%;\n}\n#text-box-2019106957 {\n  width: 76%;\n}\n@media (min-width:550px) {\n  #text-box-2019106957 {\n    width: 49%;\n  }\n}\n<\/style>\n    <\/div>\n \n        <\/div>\n      <\/div>\n\n            \n<style>\n#banner-572234318 {\n  padding-top: 500px;\n}\n<\/style>\n  <\/div>\n\n\n","protected":false},"excerpt":{"rendered":"<p>Das DJI M30T Security Pack ist ein Komplettpaket bestehend aus Batterien, Zubeh\u00f6r und einer kompakten, leistungsstarken Drohne f\u00fcr Anwendungen im Bereich der \u00f6ffentlichen Sicherheit. Die visuellen (48 MP, 17-facher optischer Zoom) und die thermischen F\u00e4higkeiten von 640\u00d7512 sind in der Kategorie der Drohnen unter 4 kg einfach un\u00fcbertroffen. <\/p>\n<a href=\"https:\/\/drone-parts-center.com\/contact-demande-de-devis\/?\" class=\"button primary is-primary is-medium\" >\n\t\t<span>Anfrage f\u00fcr ein Angebot<\/span>\n\t<\/a>\n\n","protected":false},"featured_media":98887,"comment_status":"open","ping_status":"closed","template":"","meta":{"_seopress_robots_primary_cat":"","_seopress_titles_title":"DJI M30T Sicherheitspaket: Kompakte & Leistungsstarke Drohne","_seopress_titles_desc":"Entdecken Sie das DJI M30T Security Pack, eine kompakte und leistungsstarke Drohne mit 17x Zoom f\u00fcr die \u00f6ffentliche Sicherheit. Batterien und Zubeh\u00f6r inklusive.","_seopress_robots_index":""},"product_brand":[19450],"product_cat":[15838],"product_tag":[15485,15703,15802],"class_list":{"0":"post-96152","1":"product","2":"type-product","3":"status-publish","4":"has-post-thumbnail","6":"product_brand-dji-enterprise","7":"product_cat-sicherheit-und-rettung","8":"product_tag-dji-de-3","9":"product_tag-enterprise-de-3","10":"product_tag-m30-de","12":"first","13":"outofstock","14":"taxable","15":"shipping-taxable","16":"purchasable","17":"product-type-simple"},"_links":{"self":[{"href":"https:\/\/drone-parts-center.com\/de\/wp-json\/wp\/v2\/product\/96152","targetHints":{"allow":["GET"]}}],"collection":[{"href":"https:\/\/drone-parts-center.com\/de\/wp-json\/wp\/v2\/product"}],"about":[{"href":"https:\/\/drone-parts-center.com\/de\/wp-json\/wp\/v2\/types\/product"}],"replies":[{"embeddable":true,"href":"https:\/\/drone-parts-center.com\/de\/wp-json\/wp\/v2\/comments?post=96152"}],"wp:featuredmedia":[{"embeddable":true,"href":"https:\/\/drone-parts-center.com\/de\/wp-json\/wp\/v2\/media\/98887"}],"wp:attachment":[{"href":"https:\/\/drone-parts-center.com\/de\/wp-json\/wp\/v2\/media?parent=96152"}],"wp:term":[{"taxonomy":"product_brand","embeddable":true,"href":"https:\/\/drone-parts-center.com\/de\/wp-json\/wp\/v2\/product_brand?post=96152"},{"taxonomy":"product_cat","embeddable":true,"href":"https:\/\/drone-parts-center.com\/de\/wp-json\/wp\/v2\/product_cat?post=96152"},{"taxonomy":"product_tag","embeddable":true,"href":"https:\/\/drone-parts-center.com\/de\/wp-json\/wp\/v2\/product_tag?post=96152"}],"curies":[{"name":"wp","href":"https:\/\/api.w.org\/{rel}","templated":true}]}}