{"id":96149,"date":"2022-05-20T06:48:02","date_gmt":"2022-05-20T04:48:02","guid":{"rendered":"https:\/\/drone-parts-center.com\/produit\/dji-mavic-air-2-und-air-2s-ladestation\/"},"modified":"2025-12-30T12:37:37","modified_gmt":"2025-12-30T11:37:37","slug":"dji-mavic-air-2-und-air-2s-ladestation","status":"publish","type":"product","link":"https:\/\/drone-parts-center.com\/de\/produkt\/dji-mavic-air-2-und-air-2s-ladestation\/","title":{"rendered":"DJI Mavic Air 2 und Air 2S - Ladehub"},"content":{"rendered":"<p>DJI Mavic Air 2 und Air 2S - Lade-Hub<\/p>\n<p>Er wird Ihre Akkus nacheinander aufladen, immer beginnend mit dem am meisten gef\u00fcllten.<\/p>\n<p>Dieses Mehrfach-Ladeger\u00e4t ben\u00f6tigt das DJI Air 2S und Mavic Air 2 Ladeger\u00e4t oder das Zigarettenanz\u00fcnder-Ladeger\u00e4t, um zu funktionieren.<\/p>\n<p><span style=\"background-color: #ffff00;\">Neuer Artikel, aber ohne Originalverpackung verkauft<\/span>.<\/p>\n","protected":false},"excerpt":{"rendered":"<p>DJI Mavic Air 2 und Air 2S - Lade-Hub. Laden Sie Ihre Batterien nacheinander auf, beginnend mit der vollsten Batterie. Erfordert das DJI Air 2S und Mavic Air 2 Ladeger\u00e4t oder das Zigarettenanz\u00fcnder-Ladeger\u00e4t, um zu funktionieren. Eine praktische M\u00f6glichkeit, Ihre Akkus flugbereit zu halten!   <\/p>\n","protected":false},"featured_media":98960,"comment_status":"open","ping_status":"closed","template":"","meta":{"_seopress_robots_primary_cat":"","_seopress_titles_title":"DJI Air 2\/2S Ladeger\u00e4t: Intelligentes Laden","_seopress_titles_desc":"Laden Sie Ihre Akkus effizient mit dem DJI Mavic Air 2\/2S Hub, der mit einem kompatiblen Ladeger\u00e4t funktioniert, neu ohne Verpackung.","_seopress_robots_index":""},"product_brand":[19390],"product_cat":[15668,15667],"product_tag":[15630,15485,15486],"class_list":{"0":"post-96149","1":"product","2":"type-product","3":"status-publish","4":"has-post-thumbnail","6":"product_brand-dji","7":"product_cat-dji-air-2s-de","8":"product_cat-dji-mavic-air-2-de-2","9":"product_tag-batterie-de-3","10":"product_tag-dji-de-3","11":"product_tag-mavic-air-de-2","13":"first","14":"instock","15":"taxable","16":"shipping-taxable","17":"purchasable","18":"product-type-simple"},"_links":{"self":[{"href":"https:\/\/drone-parts-center.com\/de\/wp-json\/wp\/v2\/product\/96149","targetHints":{"allow":["GET"]}}],"collection":[{"href":"https:\/\/drone-parts-center.com\/de\/wp-json\/wp\/v2\/product"}],"about":[{"href":"https:\/\/drone-parts-center.com\/de\/wp-json\/wp\/v2\/types\/product"}],"replies":[{"embeddable":true,"href":"https:\/\/drone-parts-center.com\/de\/wp-json\/wp\/v2\/comments?post=96149"}],"wp:featuredmedia":[{"embeddable":true,"href":"https:\/\/drone-parts-center.com\/de\/wp-json\/wp\/v2\/media\/98960"}],"wp:attachment":[{"href":"https:\/\/drone-parts-center.com\/de\/wp-json\/wp\/v2\/media?parent=96149"}],"wp:term":[{"taxonomy":"product_brand","embeddable":true,"href":"https:\/\/drone-parts-center.com\/de\/wp-json\/wp\/v2\/product_brand?post=96149"},{"taxonomy":"product_cat","embeddable":true,"href":"https:\/\/drone-parts-center.com\/de\/wp-json\/wp\/v2\/product_cat?post=96149"},{"taxonomy":"product_tag","embeddable":true,"href":"https:\/\/drone-parts-center.com\/de\/wp-json\/wp\/v2\/product_tag?post=96149"}],"curies":[{"name":"wp","href":"https:\/\/api.w.org\/{rel}","templated":true}]}}