{"id":96143,"date":"2022-05-25T17:21:40","date_gmt":"2022-05-25T15:21:40","guid":{"rendered":"https:\/\/drone-parts-center.com\/produit\/dji-mini-3-pro-unteres-chassis\/"},"modified":"2026-04-18T10:56:56","modified_gmt":"2026-04-18T08:56:56","slug":"dji-mini-3-pro-unteres-chassis","status":"publish","type":"product","link":"https:\/\/drone-parts-center.com\/de\/produkt\/dji-mini-3-pro-unteres-chassis\/","title":{"rendered":"DJI Mini 3 Pro - Unterer Rahmen"},"content":{"rendered":"<p>DJI Mini 3 Pro - Unterer Rahmen<\/p>\n<p>1 x St\u00fcck<\/p>\n<p>100% Originalprodukt von DJI<\/p>\n<div id=\"gtx-trans\" style=\"position: absolute; left: 21px; top: -1.60938px;\">\n<div class=\"gtx-trans-icon\"><\/div>\n<\/div>\n","protected":false},"excerpt":{"rendered":"<p>Dieses 100% authentische DJI-Ersatzteil erm\u00f6glicht den Austausch des unteren Rahmens f\u00fcr die DJI Mini 3 Pro Drohne.<\/p>\n","protected":false},"featured_media":99073,"comment_status":"open","ping_status":"closed","template":"","meta":{"_seopress_robots_primary_cat":"","_seopress_titles_title":"Unterer Rahmen DJI Mini 3 Pro - Original","_seopress_titles_desc":"Entdecken Sie den 100% originalen unteren Rahmen f\u00fcr den DJI Mini 3 Pro. Garantierte Qualit\u00e4t f\u00fcr optimale Leistung. ","_seopress_robots_index":""},"product_brand":[19390],"product_cat":[19957,15709],"product_tag":[15485,15489,15665,15797],"class_list":{"0":"post-96143","1":"product","2":"type-product","3":"status-publish","4":"has-post-thumbnail","6":"product_brand-dji","7":"product_cat-auslaufmodelle","8":"product_cat-dji-mini-3-pro-de","9":"product_tag-dji-de-3","10":"product_tag-fahrgestell","11":"product_tag-minderwertig-de","12":"product_tag-mini-3-pro-de","13":"pa_piece-3-in-1-set-global-de","14":"pa_piece-3-in-1-set-japan-de","15":"pa_piece-chassis-inferieur-de","16":"pa_piece-chassis-milieu-de","17":"pa_piece-chassis-superieur-de","18":"pa_piece-middle-frame-global-de","19":"pa_piece-upper-cover-de","21":"first","22":"instock","23":"sale","24":"taxable","25":"shipping-taxable","26":"purchasable","27":"product-type-simple"},"_links":{"self":[{"href":"https:\/\/drone-parts-center.com\/de\/wp-json\/wp\/v2\/product\/96143","targetHints":{"allow":["GET"]}}],"collection":[{"href":"https:\/\/drone-parts-center.com\/de\/wp-json\/wp\/v2\/product"}],"about":[{"href":"https:\/\/drone-parts-center.com\/de\/wp-json\/wp\/v2\/types\/product"}],"replies":[{"embeddable":true,"href":"https:\/\/drone-parts-center.com\/de\/wp-json\/wp\/v2\/comments?post=96143"}],"wp:featuredmedia":[{"embeddable":true,"href":"https:\/\/drone-parts-center.com\/de\/wp-json\/wp\/v2\/media\/99073"}],"wp:attachment":[{"href":"https:\/\/drone-parts-center.com\/de\/wp-json\/wp\/v2\/media?parent=96143"}],"wp:term":[{"taxonomy":"product_brand","embeddable":true,"href":"https:\/\/drone-parts-center.com\/de\/wp-json\/wp\/v2\/product_brand?post=96143"},{"taxonomy":"product_cat","embeddable":true,"href":"https:\/\/drone-parts-center.com\/de\/wp-json\/wp\/v2\/product_cat?post=96143"},{"taxonomy":"product_tag","embeddable":true,"href":"https:\/\/drone-parts-center.com\/de\/wp-json\/wp\/v2\/product_tag?post=96143"}],"curies":[{"name":"wp","href":"https:\/\/api.w.org\/{rel}","templated":true}]}}