{"id":96125,"date":"2022-06-24T20:11:17","date_gmt":"2022-06-24T18:11:17","guid":{"rendered":"https:\/\/drone-parts-center.com\/produit\/sunnylife-propellerschutz-fuer-dji-mini-3-pro\/"},"modified":"2026-05-13T17:44:46","modified_gmt":"2026-05-13T15:44:46","slug":"sunnylife-propellerschutz-fuer-dji-mini-3-pro","status":"publish","type":"product","link":"https:\/\/drone-parts-center.com\/de\/produkt\/sunnylife-propellerschutz-fuer-dji-mini-3-pro\/","title":{"rendered":"Sunnylife - Propellerschutz f\u00fcr DJI Mini 3 Pro"},"content":{"rendered":"<p>Sunnylife - Propellerschutz f\u00fcr DJI Mini 3 Pro<\/p>\n<p><img alt=\"Sunnylife - Prot\u00e8ge h\u00e9lices pour DJI Mini 3 Pro\" loading=\"lazy\" decoding=\"async\" class=\"alignnone size-full wp-image-18941\" style=\"font-size: 14.4px;\" src=\"https:\/\/drone-parts-center.com\/wp-content\/uploads\/2022\/06\/sunnylife-protege-helices-pour-dji-mini-3-pro.jpg\" alt=\"\" width=\"750\" height=\"2464\" srcset=\"https:\/\/drone-parts-center.com\/wp-content\/uploads\/2022\/06\/sunnylife-protege-helices-pour-dji-mini-3-pro.jpg 750w, https:\/\/drone-parts-center.com\/wp-content\/uploads\/2022\/06\/sunnylife-protege-helices-pour-dji-mini-3-pro-426x1400.jpg 426w, https:\/\/drone-parts-center.com\/wp-content\/uploads\/2022\/06\/sunnylife-protege-helices-pour-dji-mini-3-pro-623x2048.jpg 623w, https:\/\/drone-parts-center.com\/wp-content\/uploads\/2022\/06\/sunnylife-protege-helices-pour-dji-mini-3-pro-510x1676.jpg 510w\" sizes=\"auto, (max-width: 750px) 100vw, 750px\" \/><img alt=\"Sunnylife - Prot\u00e8ge h\u00e9lices pour DJI Mini 3 Pro\" loading=\"lazy\" decoding=\"async\" class=\"alignnone size-full wp-image-18942\" src=\"https:\/\/drone-parts-center.com\/wp-content\/uploads\/2022\/06\/sunnylife-protege-helices-pour-dji-mini-3-pro-2.jpg\" alt=\"\" width=\"750\" height=\"1996\" srcset=\"https:\/\/drone-parts-center.com\/wp-content\/uploads\/2022\/06\/sunnylife-protege-helices-pour-dji-mini-3-pro-2.jpg 750w, https:\/\/drone-parts-center.com\/wp-content\/uploads\/2022\/06\/sunnylife-protege-helices-pour-dji-mini-3-pro-2-301x800.jpg 301w, https:\/\/drone-parts-center.com\/wp-content\/uploads\/2022\/06\/sunnylife-protege-helices-pour-dji-mini-3-pro-2-526x1400.jpg 526w, https:\/\/drone-parts-center.com\/wp-content\/uploads\/2022\/06\/sunnylife-protege-helices-pour-dji-mini-3-pro-2-577x1536.jpg 577w, https:\/\/drone-parts-center.com\/wp-content\/uploads\/2022\/06\/sunnylife-protege-helices-pour-dji-mini-3-pro-2-510x1357.jpg 510w\" sizes=\"auto, (max-width: 750px) 100vw, 750px\" \/><\/p>\n","protected":false},"excerpt":{"rendered":"<p>Propellerschutz von Sunnylife, der speziell f\u00fcr die Drohne DJI Mini 3 Pro entwickelt wurde.<\/p>\n","protected":false},"featured_media":99042,"comment_status":"open","ping_status":"closed","template":"","meta":{"_seopress_robots_primary_cat":"","_seopress_titles_title":"Sunnylife Propellerschutz f\u00fcr DJI Mini 3 Pro","_seopress_titles_desc":"Sorgen Sie f\u00fcr die optimale Sicherheit Ihrer Drohne mit den Sunnylife Propellersch\u00fctzern f\u00fcr DJI Mini 3 Pro. Robust und zuverl\u00e4ssig, f\u00fcr sorgenfreie Fl\u00fcge. ","_seopress_robots_index":"","_seopress_analysis_target_kw":"Sunnylife - Propellerschutz f\u00fcr DJI Mini 3 Pro"},"product_brand":[19432],"product_cat":[19957,15719],"product_tag":[15485,15816,15817],"class_list":{"0":"post-96125","1":"product","2":"type-product","3":"status-publish","4":"has-post-thumbnail","6":"product_brand-sunnylife","7":"product_cat-auslaufmodelle","8":"product_cat-dji-mini-3-pro-de-2","9":"product_tag-dji-de-3","10":"product_tag-propeller-de","11":"product_tag-schutzen","12":"pa_type-ccw-de","13":"pa_type-cw-de","15":"first","16":"instock","17":"sale","18":"taxable","19":"shipping-taxable","20":"purchasable","21":"product-type-simple"},"_links":{"self":[{"href":"https:\/\/drone-parts-center.com\/de\/wp-json\/wp\/v2\/product\/96125","targetHints":{"allow":["GET"]}}],"collection":[{"href":"https:\/\/drone-parts-center.com\/de\/wp-json\/wp\/v2\/product"}],"about":[{"href":"https:\/\/drone-parts-center.com\/de\/wp-json\/wp\/v2\/types\/product"}],"replies":[{"embeddable":true,"href":"https:\/\/drone-parts-center.com\/de\/wp-json\/wp\/v2\/comments?post=96125"}],"wp:featuredmedia":[{"embeddable":true,"href":"https:\/\/drone-parts-center.com\/de\/wp-json\/wp\/v2\/media\/99042"}],"wp:attachment":[{"href":"https:\/\/drone-parts-center.com\/de\/wp-json\/wp\/v2\/media?parent=96125"}],"wp:term":[{"taxonomy":"product_brand","embeddable":true,"href":"https:\/\/drone-parts-center.com\/de\/wp-json\/wp\/v2\/product_brand?post=96125"},{"taxonomy":"product_cat","embeddable":true,"href":"https:\/\/drone-parts-center.com\/de\/wp-json\/wp\/v2\/product_cat?post=96125"},{"taxonomy":"product_tag","embeddable":true,"href":"https:\/\/drone-parts-center.com\/de\/wp-json\/wp\/v2\/product_tag?post=96125"}],"curies":[{"name":"wp","href":"https:\/\/api.w.org\/{rel}","templated":true}]}}