{"id":96108,"date":"2022-06-24T20:26:11","date_gmt":"2022-06-24T18:26:11","guid":{"rendered":"https:\/\/drone-parts-center.com\/produit\/sunnylife-aufkleber-set-fuer-dji-mini-3-pro-mit-rc\/"},"modified":"2026-03-08T13:48:07","modified_gmt":"2026-03-08T12:48:07","slug":"sunnylife-aufkleber-set-fuer-dji-mini-3-pro-mit-rc","status":"publish","type":"product","link":"https:\/\/drone-parts-center.com\/de\/produkt\/sunnylife-aufkleber-set-fuer-dji-mini-3-pro-mit-rc\/","title":{"rendered":"Sunnylife - Aufkleber Set f\u00fcr DJI Mini 3 Pro mit RC"},"content":{"rendered":"<h2>Zeigen Sie Ihren Stil, sch\u00fctzen Sie Ihre Investition<\/h2>\n<p>Der DJI Mini 3 Pro ist ein Wunderwerk der Technik, aber seinem einheitlichen Design kann es an Pers\u00f6nlichkeit fehlen. Das Sunnylife Aufkleberset ist die ideale L\u00f6sung f\u00fcr Piloten, die ihre DJI RC Drohne und Fernsteuerung nicht nur individuell gestalten, sondern ihr auch eine zus\u00e4tzliche Schutzschicht verleihen m\u00f6chten. Laut einer aktuellen Marktstudie suchen mehr als 60% der Drohnenbesitzer nach M\u00f6glichkeiten, ihre Ausr\u00fcstung zu personalisieren, und der Schutz vor Kratzern ist nach der Flugsicherheit das zweitwichtigste Anliegen.  <\/p>\n<h3>Ein Stil f\u00fcr jeden Piloten<\/h3>\n<p>Mit einer gro\u00dfen Auswahl an verf\u00fcgbaren Designs k\u00f6nnen Sie sicher sein, dass Sie den Look finden, der zu Ihnen passt. Von gewagten Mustern bis hin zu eleganten Texturen, jedes Aufkleberset ist so gestaltet, dass Sie sich von der Masse abheben. Hier sind die verf\u00fcgbaren Stile :  <\/p>\n<ul>\n<li>Angry Eagle<\/li>\n<li>Schwarzes Korn<\/li>\n<li>Bright Red<\/li>\n<li>Desert Camo<\/li>\n<li>Graffiti<\/li>\n<li>Idol Piggy<\/li>\n<li>Maple Camo<\/li>\n<li>Mech Door<\/li>\n<li>Red Grain<\/li>\n<li>Red Shark<\/li>\n<li>Skate Lover<\/li>\n<\/ul>\n<h3>Hochwertiges Design f\u00fcr maximale Haltbarkeit<\/h3>\n<p>Diese Aufkleber werden mit hochwertiger Outdoor-Tinte hergestellt und sind so konzipiert, dass sie den Elementen standhalten. Sie sind wasserfest, sonnenbest\u00e4ndig und f\u00fcr eine lange Lebensdauer konzipiert. Die fortschrittliche Drucktechnologie sorgt daf\u00fcr, dass die Farben auch nach vielen Stunden im Freien lebendig bleiben und nicht ausbleichen.  <\/p>\n<table class=\"product-features-table\">\n<thead>\n<tr>\n<th>Merkmal<\/th>\n<th>Vorteil f\u00fcr den Nutzer<\/th>\n<\/tr>\n<\/thead>\n<tbody>\n<tr>\n<td><strong>Druck mit externer Tinte<\/strong><\/td>\n<td>Wasserdicht, sonnenbest\u00e4ndig und haltbar f\u00fcr eine lange Lebensdauer.<\/td>\n<\/tr>\n<tr>\n<td><strong>Pr\u00e4zisionsschnitt<\/strong><\/td>\n<td>Perfekte Passform ohne Schrumpfung oder Verformung der Kanten.<\/td>\n<\/tr>\n<tr>\n<td><strong>Einfache Anwendung<\/strong><\/td>\n<td>Leicht zu kleben und zu rei\u00dfen, mit einfachem Luftblasenmanagement.<\/td>\n<\/tr>\n<tr>\n<td><strong>Hochwertige Materialien<\/strong><\/td>\n<td>Effektiver Schutz vor Kratzern und Schrammen im Alltag.<\/td>\n<\/tr>\n<\/tbody>\n<\/table>\n<h2>Technische Spezifikationen<\/h2>\n<ul>\n<li><strong>Name:<\/strong> Sunnylife Cool Stickers<\/li>\n<li><strong>Kompatible Modelle:<\/strong> DJI Mini 3 Pro, Fernsteuerung DJI RC<\/li>\n<li><strong>Sunnylife-Modelle:<\/strong> MM3-TZ395 \/ MM3-TZ396<\/li>\n<li><strong>Bruttogewicht:<\/strong> 54g (weniger als 0,2% des Gesamtgewichts der Drohne, hat keinen Einfluss auf die Flugleistung)<\/li>\n<li><strong>Gr\u00f6\u00dfe der Verpackung:<\/strong> 196*179 mm<\/li>\n<\/ul>\n<h2>Tipps f\u00fcr eine perfekte Anwendung<\/h2>\n<p>Um ein optimales Ergebnis zu erzielen, befolgen Sie diese einfachen Schritte:<\/p>\n<ol>\n<li><strong>Reinigen Sie die Oberfl\u00e4che:<\/strong> Stellen Sie sicher, dass die Oberfl\u00e4che der Drohne und der Fernsteuerung sauber, trocken und frei von Staub oder Fett ist.<\/li>\n<li><strong>Pr\u00e4zise kleben:<\/strong> Bringen Sie die Aufkleber an den entsprechenden Stellen an. Sie k\u00f6nnen sie bei Bedarf mehrmals neu positionieren. <\/li>\n<li><strong>Erw\u00e4rmen Sie die Kanten:<\/strong> F\u00fcr die schwierigeren Kanten verwenden Sie einen F\u00f6n mit hei\u00dfem Wind, um den Aufkleber leicht zu erw\u00e4rmen. Dr\u00fccken Sie den Sticker einige Augenblicke lang fest an, bis die Haftung vollst\u00e4ndig ist. Diese einfache Technik erh\u00f6ht die Haftung auf gekr\u00fcmmten Oberfl\u00e4chen um mehr als 30%.  <\/li>\n<\/ol>\n","protected":false},"excerpt":{"rendered":"<p>Bringen Sie Ihren einzigartigen Stil zum Ausdruck und sch\u00fctzen Sie Ihre Drohne mit dem Sunnylife Aufkleberset f\u00fcr DJI Mini 3 Pro. Diese Aufkleber sind in verschiedenen Designs erh\u00e4ltlich und ver\u00e4ndern das Aussehen Ihres Ger\u00e4ts, w\u00e4hrend sie es vor Kratzern sch\u00fctzen. <\/p>\n","protected":false},"featured_media":99058,"comment_status":"open","ping_status":"closed","template":"","meta":{"_seopress_robots_primary_cat":"none","_seopress_titles_title":"Sunnylife Sticker f\u00fcr DJI Mini 3 Pro & RC | 11 Einzigartige Designs","_seopress_titles_desc":"Gestalten und sch\u00fctzen Sie Ihre Drohne mit dem Sunnylife Aufkleberset f\u00fcr DJI Mini 3 Pro. 11 Designs verf\u00fcgbar. Einfach anzubringen, langlebig und strapazierf\u00e4hig.  ","_seopress_robots_index":""},"product_brand":[19432],"product_cat":[19957,15719],"product_tag":[15636,15485],"class_list":{"0":"post-96108","1":"product","2":"type-product","3":"status-publish","4":"has-post-thumbnail","6":"product_brand-sunnylife","7":"product_cat-auslaufmodelle","8":"product_cat-dji-mini-3-pro-de-2","9":"product_tag-aufkleber","10":"product_tag-dji-de-3","11":"pa_couleur-angry-eagle-de","12":"pa_couleur-black-grain-de","13":"pa_couleur-bright-red-de","14":"pa_couleur-desert-camo-de","15":"pa_couleur-graffiti-de","16":"pa_couleur-idol-piggy-de","17":"pa_couleur-maple-camo-de","18":"pa_couleur-mech-door-de","19":"pa_couleur-red-grain-de","20":"pa_couleur-red-shark-de","21":"pa_couleur-skate-lover-de","23":"first","24":"instock","25":"taxable","26":"shipping-taxable","27":"purchasable","28":"product-type-variable"},"_links":{"self":[{"href":"https:\/\/drone-parts-center.com\/de\/wp-json\/wp\/v2\/product\/96108","targetHints":{"allow":["GET"]}}],"collection":[{"href":"https:\/\/drone-parts-center.com\/de\/wp-json\/wp\/v2\/product"}],"about":[{"href":"https:\/\/drone-parts-center.com\/de\/wp-json\/wp\/v2\/types\/product"}],"replies":[{"embeddable":true,"href":"https:\/\/drone-parts-center.com\/de\/wp-json\/wp\/v2\/comments?post=96108"}],"wp:featuredmedia":[{"embeddable":true,"href":"https:\/\/drone-parts-center.com\/de\/wp-json\/wp\/v2\/media\/99058"}],"wp:attachment":[{"href":"https:\/\/drone-parts-center.com\/de\/wp-json\/wp\/v2\/media?parent=96108"}],"wp:term":[{"taxonomy":"product_brand","embeddable":true,"href":"https:\/\/drone-parts-center.com\/de\/wp-json\/wp\/v2\/product_brand?post=96108"},{"taxonomy":"product_cat","embeddable":true,"href":"https:\/\/drone-parts-center.com\/de\/wp-json\/wp\/v2\/product_cat?post=96108"},{"taxonomy":"product_tag","embeddable":true,"href":"https:\/\/drone-parts-center.com\/de\/wp-json\/wp\/v2\/product_tag?post=96108"}],"curies":[{"name":"wp","href":"https:\/\/api.w.org\/{rel}","templated":true}]}}