{"id":96104,"date":"2022-07-22T11:43:17","date_gmt":"2022-07-22T09:43:17","guid":{"rendered":"https:\/\/drone-parts-center.com\/produit\/skyrc-bd250-lader\/"},"modified":"2025-07-26T21:51:39","modified_gmt":"2025-07-26T19:51:39","slug":"skyrc-bd250-lader","status":"publish","type":"product","link":"https:\/\/drone-parts-center.com\/de\/produkt\/skyrc-bd250-lader\/","title":{"rendered":"SKYRC - BD250 Lader"},"content":{"rendered":"<section id=\"product-box-description\" class=\"page-product-box col-xs-12 col-sm-12\">\n<div class=\"rte\">\n<p>Das <strong>SKYRC BD250<\/strong> ist ein <strong>250W<\/strong> Batterielade- und -entladeger\u00e4t. Es wurde f\u00fcr Amateure und Profis entwickelt, die ihre Batterien optimieren m\u00f6chten. Dieses robuste und leistungsf\u00e4hige Ger\u00e4t testet, analysiert und verbessert alle Ihre Batterien, unabh\u00e4ngig von ihrer Gr\u00f6\u00dfe oder chemischen Zusammensetzung.  <\/p>\n<p>Mit einer Leistung von <strong>250W \/ 35A<\/strong> bietet der <strong>BD250<\/strong> eine optimale Leistung. Er ist mit verschiedenen Batterietypen kompatibel, einschlie\u00dflich <strong>LiPo, NiMH, NiCd und Pb<\/strong>. Dar\u00fcber hinaus verf\u00fcgt er \u00fcber ein innovatives K\u00fchlsystem. Dieses System, das aus einem einteiligen L\u00fcfter und einem Aluminiumk\u00fchlk\u00f6rper besteht, garantiert einen kontinuierlichen Betrieb bei voller Leistung. So profitieren Sie von einem zuverl\u00e4ssigen und effizienten Betrieb.    <\/p>\n<p>Das Ger\u00e4t ist einfach zu bedienen. Die intuitive Benutzeroberfl\u00e4che und das klare LED-Display machen die Bedienung einfach und schnell. Dar\u00fcber hinaus erm\u00f6glicht die mitgelieferte PC-Software den Export und die Analyse von Daten in Echtzeit. Diese Funktionen helfen Ihnen dabei, die Spannung, die entladene Kapazit\u00e4t und den Entladestrom genau zu verfolgen.   <\/p>\n<p>Der <strong>BD250<\/strong> ist ideal f\u00fcr mehrere Anwendungen:<\/p>\n<ul>\n<li>Testen und w\u00e4hlen Sie die richtigen Batterien f\u00fcr Ihre Bed\u00fcrfnisse aus.<\/li>\n<li>Bereiten Sie die Batterien f\u00fcr die sichere Lagerung vor.<\/li>\n<li>Optimieren Sie die Leistung, insbesondere f\u00fcr den Wettbewerb.<\/li>\n<\/ul>\n<p>Mit einem akzeptierten Spannungsbereich von <strong>5,40 V bis 35,00 V<\/strong> passt dieses Ger\u00e4t f\u00fcr eine Vielzahl von Batterien. Schlie\u00dflich ist er dank seines kompakten Designs auch in anspruchsvollen Umgebungen bequem zu transportieren und zu verwenden. <\/p>\n<\/div>\n<\/section>\n","protected":false},"excerpt":{"rendered":"<p>Das <strong>SKYRC BD250<\/strong> ist ein 250W\/35A Batterieladeger\u00e4t und -entlad, das entwickelt wurde, um die Leistung Ihrer Batterien zu optimieren. Er ist einfach und robust, passt sich an alle Arten von Batterien an und bietet erweiterte Funktionen wie Echtzeitanalyse und Datenexport \u00fcber PC-Software. Ideal f\u00fcr Wettk\u00e4mpfe und Aufbewahrung.  <\/p>\n","protected":false},"featured_media":99100,"comment_status":"open","ping_status":"closed","template":"","meta":{"_seopress_robots_primary_cat":"","_seopress_titles_title":"Leistungsstarkes 250W Batterieentlade- und Ladeger\u00e4t SKYRC","_seopress_titles_desc":"Entdecken Sie das SKYRC BD250: 250W Batterieentlade- und Ladeger\u00e4t f\u00fcr Amateure und Profis. Leistung, Kompatibilit\u00e4t und Innovation garantiert! ","_seopress_robots_index":"","_seopress_analysis_target_kw":"250W Batterieladeger\u00e4t"},"product_brand":[19399],"product_cat":[],"product_tag":[15806,15808,15813,15805,15809,15704,15811,15810,15812,15807],"class_list":{"0":"post-96104","1":"product","2":"type-product","3":"status-publish","4":"has-post-thumbnail","6":"product_brand-skyrc","7":"product_tag-250w-batterieentladung","8":"product_tag-batterie-analysator","9":"product_tag-batterie-kuhlsystem","10":"product_tag-batterieladegerat","11":"product_tag-batteriespeicher","12":"product_tag-lipo-lipo-de","13":"product_tag-nicd-de","14":"product_tag-nimh-de","15":"product_tag-pb-de","16":"product_tag-skyrc-bd250-de","18":"first","19":"instock","20":"sale","21":"taxable","22":"shipping-taxable","23":"purchasable","24":"product-type-simple"},"_links":{"self":[{"href":"https:\/\/drone-parts-center.com\/de\/wp-json\/wp\/v2\/product\/96104","targetHints":{"allow":["GET"]}}],"collection":[{"href":"https:\/\/drone-parts-center.com\/de\/wp-json\/wp\/v2\/product"}],"about":[{"href":"https:\/\/drone-parts-center.com\/de\/wp-json\/wp\/v2\/types\/product"}],"replies":[{"embeddable":true,"href":"https:\/\/drone-parts-center.com\/de\/wp-json\/wp\/v2\/comments?post=96104"}],"wp:featuredmedia":[{"embeddable":true,"href":"https:\/\/drone-parts-center.com\/de\/wp-json\/wp\/v2\/media\/99100"}],"wp:attachment":[{"href":"https:\/\/drone-parts-center.com\/de\/wp-json\/wp\/v2\/media?parent=96104"}],"wp:term":[{"taxonomy":"product_brand","embeddable":true,"href":"https:\/\/drone-parts-center.com\/de\/wp-json\/wp\/v2\/product_brand?post=96104"},{"taxonomy":"product_cat","embeddable":true,"href":"https:\/\/drone-parts-center.com\/de\/wp-json\/wp\/v2\/product_cat?post=96104"},{"taxonomy":"product_tag","embeddable":true,"href":"https:\/\/drone-parts-center.com\/de\/wp-json\/wp\/v2\/product_tag?post=96104"}],"curies":[{"name":"wp","href":"https:\/\/api.w.org\/{rel}","templated":true}]}}