{"id":96103,"date":"2022-07-22T15:18:55","date_gmt":"2022-07-22T13:18:55","guid":{"rendered":"https:\/\/drone-parts-center.com\/produit\/dji-rc-plus\/"},"modified":"2025-07-26T21:51:08","modified_gmt":"2025-07-26T19:51:08","slug":"dji-rc-plus","status":"publish","type":"product","link":"https:\/\/drone-parts-center.com\/de\/produkt\/dji-rc-plus\/","title":{"rendered":"DJI RC Plus"},"content":{"rendered":"<div class=\"temp-specs-tr\">\n<h2 class=\"temp-specs-td name\"><span style=\"color: #555555; font-size: 14.4px;\">Die <\/span><strong style=\"color: #555555; font-size: 14.4px;\" data-start=\"178\" data-end=\"207\">Fernsteuerung DJI RC Plus<\/strong><span style=\"color: #555555; font-size: 14.4px;\">  ist die ultimative Technologie f\u00fcr professionelle Luftbildfotografen. Kompatibel mit den Drohnen der Serie   <\/span><strong style=\"color: #555555; font-size: 14.4px;\" data-start=\"334\" data-end=\"357\">DJI Matrice 350 RTK<\/strong><span style=\"color: #555555; font-size: 14.4px;\">, <\/span><strong style=\"color: #555555; font-size: 14.4px;\" data-start=\"359\" data-end=\"378\">Matrice 300 RTK<\/strong><span style=\"color: #555555; font-size: 14.4px;\"> und <\/span><strong style=\"color: #555555; font-size: 14.4px;\" data-start=\"382\" data-end=\"396\">Matrice 30<\/strong><span style=\"color: #555555; font-size: 14.4px;\">Die RTK-Serie wurde speziell entwickelt, um den Anforderungen komplexer industrieller Umgebungen gerecht zu werden.<\/span><\/h2>\n<div class=\"temp-specs-td value\">\n<h2 class=\"\" data-start=\"498\" data-end=\"543\"><strong data-start=\"501\" data-end=\"543\">Eine robuste und intuitive Fernbedienung<\/strong><\/h2>\n<p class=\"\" data-start=\"545\" data-end=\"943\">Die DJI RC Plus ist mit einem <strong data-start=\"573\" data-end=\"585\">7-Zoll-Touchscreen<\/strong> <strong data-start=\"588\" data-end=\"621\">mit hoher Helligkeit (1200 cd\/m\u00b2)<\/strong> ausgestattet, so dass Sie auch bei direkter Sonneneinstrahlung eine optimale Sicht haben. Die Benutzeroberfl\u00e4che ist intuitiv und reaktionsschnell, was die Navigation zwischen den verschiedenen Funktionen erleichtert. Die Fernsteuerung ist au\u00dferdem mit einem <strong data-start=\"846\" data-end=\"868\">8-Kern-Prozessor<\/strong> ausgestattet, der auch in kritischen Situationen eine reibungslose Leistung gew\u00e4hrleistet.  <\/p>\n<h2 class=\"\" data-start=\"945\" data-end=\"996\"><strong data-start=\"948\" data-end=\"996\">Entworfen, um extremen Bedingungen zu widerstehen<\/strong><\/h2>\n<p class=\"\" data-start=\"998\" data-end=\"1368\">Die <strong data-start=\"1001\" data-end=\"1016\">DJI RC Plus<\/strong> ist nach <strong data-start=\"1031\" data-end=\"1039\">IP54<\/strong> zertifiziert, was einen ausgezeichneten Schutz gegen Staub und Spritzwasser bietet. Sie funktioniert in einem Temperaturbereich von <strong data-start=\"1181\" data-end=\"1199\">-20\u00b0C bis 50\u00b0C<\/strong>, was sie ideal f\u00fcr Eins\u00e4tze in arktischen Klimazonen oder W\u00fcsten macht. So k\u00f6nnen die Bediener unabh\u00e4ngig vom Wetter ununterbrochen arbeiten.  <\/p>\n<h2 class=\"\" data-start=\"1370\" data-end=\"1420\"><strong data-start=\"1373\" data-end=\"1420\">Dual-Operator-Modus f\u00fcr mehr Kontrolle<\/strong><\/h2>\n<p class=\"\" data-start=\"1422\" data-end=\"1759\">Mit dem <strong data-start=\"1431\" data-end=\"1456\">Dual-Operator-Modus<\/strong> k\u00f6nnen zwei Telepiloten bei komplexen Missionen zusammenarbeiten. Dieser Modus ist in Szenarien wie Industrieinspektionen, Sicherheits- oder Rettungsmissionen von entscheidender Bedeutung. Jeder Operator kann sich auf eine bestimmte Aufgabe konzentrieren, was die Genauigkeit und Sicherheit der Operationen erh\u00f6ht.  <\/p>\n<h2 class=\"\" data-start=\"1761\" data-end=\"1803\"><strong data-start=\"1764\" data-end=\"1803\">Stabile und zuverl\u00e4ssige Video\u00fcbertragung<\/strong><\/h2>\n<p class=\"\" data-start=\"1805\" data-end=\"2139\">Der DJI RC Plus ist mit <strong data-start=\"1816\" data-end=\"1842\">zwei externen Antennen<\/strong> ausgestattet und bietet eine stabile Video\u00fcbertragung, die f\u00fcr die Echtzeitkontrolle unerl\u00e4sslich ist. Selbst in Umgebungen mit vielen Interferenzen bleibt die Bildqualit\u00e4t fl\u00fcssig und klar. Diese Stabilit\u00e4t ist bei hochwertigen Missionen, bei denen es auf jedes Detail ankommt, von entscheidender Bedeutung.  <\/p>\n<h2 class=\"\" data-start=\"2141\" data-end=\"2189\"><strong data-start=\"2144\" data-end=\"2189\">Au\u00dfergew\u00f6hnliche Akkulaufzeit von bis zu 6 Stunden<\/strong><\/h2>\n<p class=\"\" data-start=\"2191\" data-end=\"2494\">Der Funkschl\u00fcssel hat eine bemerkenswerte Betriebsdauer von bis zu <strong data-start=\"2293\" data-end=\"2305\">6 Stunden<\/strong>. Dies erm\u00f6glicht Ihnen, lange Missionen durchzuf\u00fchren, ohne zum Aufladen unterbrechen zu m\u00fcssen. Dar\u00fcber hinaus ist der <a href=\"https:\/\/drone-parts-center.com\/de\/produkt\/dji-akku-wb37\/\"><strong>Akku WB37<\/strong><\/a> (nicht im Lieferumfang enthalten) im laufenden Betrieb austauschbar, so dass der Betrieb ohne Unterbrechung fortgesetzt werden kann.  <\/p>\n<h2 class=\"\" data-start=\"2496\" data-end=\"2548\"><strong data-start=\"2499\" data-end=\"2548\">Erweiterte Kompatibilit\u00e4t mit Drohnen Matrice<\/strong><\/h2>\n<p class=\"\" data-start=\"2550\" data-end=\"2649\">Der <strong data-start=\"2553\" data-end=\"2568\">DJI RC Plus<\/strong> ist vollst\u00e4ndig kompatibel mit den professionellen Drohnen der Reihe Matrice:<\/p>\n<ul data-start=\"2651\" data-end=\"2862\">\n<li class=\"\" data-start=\"2651\" data-end=\"2715\">\n<p class=\"\" data-start=\"2653\" data-end=\"2715\"><a href=\"https:\/\/drone-parts-center.com\/de\/produkt\/dji-matrice-350-rtk-m350rtk\/\"><strong data-start=\"2653\" data-end=\"2672\">Matrice 350 RTK<\/strong><\/a> f\u00fcr hochpr\u00e4zise Inspektionen.<\/p>\n<\/li>\n<li class=\"\" data-start=\"2716\" data-end=\"2791\">\n<p class=\"\" data-start=\"2718\" data-end=\"2791\"><strong data-start=\"2718\" data-end=\"2737\">Matrice 300 RTK<\/strong>: f\u00fcr industrielle und kartographische Aufgaben.<\/p>\n<\/li>\n<li class=\"\" data-start=\"2792\" data-end=\"2862\">\n<p class=\"\" data-start=\"2794\" data-end=\"2862\"><a href=\"https:\/\/drone-parts-center.com\/de\/produkt\/dji-matrice-30t-m30t\/\"><strong data-start=\"2794\" data-end=\"2815\">Matrice 30 Series<\/strong><\/a> Die neue Generation der &#8222;Screening&#8220;-Technologie: f\u00fcr schnelle und effektive Interventionen.<\/p>\n<\/li>\n<\/ul>\n<p class=\"\" data-start=\"2864\" data-end=\"3042\">Diese breite Kompatibilit\u00e4t macht sie zu einer universellen L\u00f6sung f\u00fcr Fachleute in verschiedenen Bereichen: Sicherheit, Kartographie, Pr\u00e4zisionslandwirtschaft, Energie und vieles mehr.<\/p>\n<h2 class=\"\" data-start=\"3044\" data-end=\"3083\"><strong data-start=\"3047\" data-end=\"3083\">Wichtige technische Daten<\/strong><\/h2>\n<ul data-start=\"3085\" data-end=\"3308\">\n<li class=\"\" data-start=\"3085\" data-end=\"3133\">\n<p class=\"\" data-start=\"3087\" data-end=\"3133\"><strong data-start=\"3087\" data-end=\"3112\">Bildschirmaufl\u00f6sung<\/strong>: 1920 \u00d7 1200 Pixel<\/p>\n<\/li>\n<li class=\"\" data-start=\"3134\" data-end=\"3163\">\n<p class=\"\" data-start=\"3136\" data-end=\"3163\"><strong data-start=\"3136\" data-end=\"3150\">Helligkeit<\/strong>: 1200 cd\/m\u00b2.<\/p>\n<\/li>\n<li class=\"\" data-start=\"3164\" data-end=\"3216\">\n<p class=\"\" data-start=\"3166\" data-end=\"3216\"><strong data-start=\"3166\" data-end=\"3199\">Temperaturbereich f\u00fcr den Betrieb<\/strong>: -20 \u00b0C bis 50 \u00b0C<\/p>\n<\/li>\n<li class=\"\" data-start=\"3217\" data-end=\"3243\">\n<p class=\"\" data-start=\"3219\" data-end=\"3243\"><strong data-start=\"3219\" data-end=\"3233\">Prozessor<\/strong>: 8 Kerne<\/p>\n<\/li>\n<li class=\"\" data-start=\"3244\" data-end=\"3273\">\n<p class=\"\" data-start=\"3246\" data-end=\"3273\"><strong data-start=\"3246\" data-end=\"3260\">Schutz<\/strong>: Standard IP54<\/p>\n<\/li>\n<li class=\"\" data-start=\"3274\" data-end=\"3308\">\n<p class=\"\" data-start=\"3276\" data-end=\"3308\"><strong data-start=\"3276\" data-end=\"3289\">Betriebsdauer<\/strong>: bis zu 6 Stunden<\/p>\n<\/li>\n<\/ul>\n<h2 class=\"\" data-start=\"3310\" data-end=\"3336\"><strong data-start=\"3313\" data-end=\"3336\">Inhalt der Schachtel<\/strong><\/h2>\n<ul data-start=\"3338\" data-end=\"3373\">\n<li class=\"\" data-start=\"3338\" data-end=\"3373\">\n<p class=\"\" data-start=\"3340\" data-end=\"3373\">1 x <strong data-start=\"3344\" data-end=\"3373\">Fernsteuerung DJI RC Plus<\/strong><\/p>\n<\/li>\n<\/ul>\n<\/div>\n<\/div>\n<p class=\"style__description___2V1Q7\" data-aos=\"none\">\n","protected":false},"excerpt":{"rendered":"<p>Professionelle Fernsteuerung DJI RC Plus mit hellem 7\u2033-Bildschirm, doppelter externer Antenne und einer Betriebsdauer von 6 Stunden. Kompatibel mit DJI Matrice. <\/p>\n","protected":false},"featured_media":99102,"comment_status":"open","ping_status":"closed","template":"","meta":{"_seopress_robots_primary_cat":"","_seopress_titles_title":"DJI RC Plus: Beherrschen Sie den Luftraum unter extremen Bedingungen","_seopress_titles_desc":"Entdecken Sie die Fernsteuerung DJI RC Plus, die f\u00fcr Drohnen entwickelt wurde Matrice, die Kontrolle, Robustheit und Leistung auch in schwierigen Umgebungen bietet.","_seopress_robots_index":""},"product_brand":[19450],"product_cat":[15656],"product_tag":[15485,15703,15802,15804],"class_list":{"0":"post-96103","1":"product","2":"type-product","3":"status-publish","4":"has-post-thumbnail","6":"product_brand-dji-enterprise","7":"product_cat-dji-matrix","8":"product_tag-dji-de-3","9":"product_tag-enterprise-de-3","10":"product_tag-m30-de","11":"product_tag-m350-de","13":"first","14":"onbackorder","15":"taxable","16":"shipping-taxable","17":"purchasable","18":"product-type-simple"},"_links":{"self":[{"href":"https:\/\/drone-parts-center.com\/de\/wp-json\/wp\/v2\/product\/96103","targetHints":{"allow":["GET"]}}],"collection":[{"href":"https:\/\/drone-parts-center.com\/de\/wp-json\/wp\/v2\/product"}],"about":[{"href":"https:\/\/drone-parts-center.com\/de\/wp-json\/wp\/v2\/types\/product"}],"replies":[{"embeddable":true,"href":"https:\/\/drone-parts-center.com\/de\/wp-json\/wp\/v2\/comments?post=96103"}],"wp:featuredmedia":[{"embeddable":true,"href":"https:\/\/drone-parts-center.com\/de\/wp-json\/wp\/v2\/media\/99102"}],"wp:attachment":[{"href":"https:\/\/drone-parts-center.com\/de\/wp-json\/wp\/v2\/media?parent=96103"}],"wp:term":[{"taxonomy":"product_brand","embeddable":true,"href":"https:\/\/drone-parts-center.com\/de\/wp-json\/wp\/v2\/product_brand?post=96103"},{"taxonomy":"product_cat","embeddable":true,"href":"https:\/\/drone-parts-center.com\/de\/wp-json\/wp\/v2\/product_cat?post=96103"},{"taxonomy":"product_tag","embeddable":true,"href":"https:\/\/drone-parts-center.com\/de\/wp-json\/wp\/v2\/product_tag?post=96103"}],"curies":[{"name":"wp","href":"https:\/\/api.w.org\/{rel}","templated":true}]}}