{"id":96091,"date":"2022-07-24T19:27:35","date_gmt":"2022-07-24T17:27:35","guid":{"rendered":"https:\/\/drone-parts-center.com\/produit\/dji-matrice-300-motor-cw\/"},"modified":"2025-11-29T09:25:50","modified_gmt":"2025-11-29T08:25:50","slug":"dji-matrice-300-motor-cw","status":"publish","type":"product","link":"https:\/\/drone-parts-center.com\/de\/produkt\/dji-matrice-300-motor-cw\/","title":{"rendered":"DJI Matrice 300 - Motor (CW)"},"content":{"rendered":"<p>DJI Matrice 300 - Motor (CW)<\/p>\n<p>100% Originalprodukt von DJI<\/p>\n<p>Kompatibilit\u00e4t DJI Matrice 300<\/p>\n","protected":false},"excerpt":{"rendered":"<p>Dieses 100% echte DJI-Ersatzteil erm\u00f6glicht den Austausch des Motors (CW) der DJI-Drohne Matrice 300.<\/p>\n","protected":false},"featured_media":99124,"comment_status":"open","ping_status":"closed","template":"","meta":{"_seopress_robots_primary_cat":"","_seopress_titles_title":"DJI Matrice 300: Motor (CW) Original","_seopress_titles_desc":"Kaufen Sie den originalen CW-Motor f\u00fcr DJI Matrice 300. Genie\u00dfen Sie die perfekte Kompatibilit\u00e4t und optimale Leistung. ","_seopress_robots_index":"","_seopress_analysis_target_kw":"DJI Matrice 300 - Motor (CW)"},"product_brand":[19390],"product_cat":[15781],"product_tag":[15485,15703],"class_list":{"0":"post-96091","1":"product","2":"type-product","3":"status-publish","4":"has-post-thumbnail","6":"product_brand-dji","7":"product_cat-dji-matrice-300-350-de","8":"product_tag-dji-de-3","9":"product_tag-enterprise-de-3","10":"pa_position-4-in-1-set-de","11":"pa_position-arriere-droit-de","12":"pa_position-arriere-gauche-de","13":"pa_position-avant-droit-de","14":"pa_position-avant-gauche-de","15":"pa_position-left-back-de","16":"pa_position-right-back-de","17":"pa_position-right-front-de","19":"first","20":"instock","21":"taxable","22":"shipping-taxable","23":"purchasable","24":"product-type-simple"},"_links":{"self":[{"href":"https:\/\/drone-parts-center.com\/de\/wp-json\/wp\/v2\/product\/96091","targetHints":{"allow":["GET"]}}],"collection":[{"href":"https:\/\/drone-parts-center.com\/de\/wp-json\/wp\/v2\/product"}],"about":[{"href":"https:\/\/drone-parts-center.com\/de\/wp-json\/wp\/v2\/types\/product"}],"replies":[{"embeddable":true,"href":"https:\/\/drone-parts-center.com\/de\/wp-json\/wp\/v2\/comments?post=96091"}],"wp:featuredmedia":[{"embeddable":true,"href":"https:\/\/drone-parts-center.com\/de\/wp-json\/wp\/v2\/media\/99124"}],"wp:attachment":[{"href":"https:\/\/drone-parts-center.com\/de\/wp-json\/wp\/v2\/media?parent=96091"}],"wp:term":[{"taxonomy":"product_brand","embeddable":true,"href":"https:\/\/drone-parts-center.com\/de\/wp-json\/wp\/v2\/product_brand?post=96091"},{"taxonomy":"product_cat","embeddable":true,"href":"https:\/\/drone-parts-center.com\/de\/wp-json\/wp\/v2\/product_cat?post=96091"},{"taxonomy":"product_tag","embeddable":true,"href":"https:\/\/drone-parts-center.com\/de\/wp-json\/wp\/v2\/product_tag?post=96091"}],"curies":[{"name":"wp","href":"https:\/\/api.w.org\/{rel}","templated":true}]}}