{"id":96087,"date":"2022-07-25T17:52:32","date_gmt":"2022-07-25T15:52:32","guid":{"rendered":"https:\/\/drone-parts-center.com\/produit\/dji-mini-3-pro-7-in-1-flex\/"},"modified":"2026-03-08T11:28:11","modified_gmt":"2026-03-08T10:28:11","slug":"dji-mini-3-pro-7-in-1-flex","status":"publish","type":"product","link":"https:\/\/drone-parts-center.com\/de\/produkt\/dji-mini-3-pro-7-in-1-flex\/","title":{"rendered":"DJI Mini 3 Pro - Flex 7 in 1"},"content":{"rendered":"<h2>DJI Mini 3 Pro - Flex-Kabel 7-in-1 (Ersatzteil)<\/h2>\n<p>Original DJI 7-in-1 Flex-Kabel f\u00fcr die Mini 3 Pro Drohne. Dieses Multifunktionskabel verbindet mehrere interne Komponenten der Drohne in einem einzigen B\u00fcndel: Kameragondel, Sichtsensoren, GPS, Antennen und andere Module. <\/p>\n<h3>Wann sollte diese M\u00fcnze ausgetauscht werden?<\/h3>\n<p>Ersetzen Sie dieses Flex-Kabel, wenn Sie zeitweise Fehlfunktionen der Kamera, der Sensoren oder der Funkverbindung feststellen, oder wenn das Kabel bei einer Reparatur offensichtlich besch\u00e4digt wurde. Es handelt sich um ein empfindliches Teil, das durch Vibrationen oder einen Absturz geschw\u00e4cht werden kann. <\/p>\n<h3>Kompatibilit\u00e4t<\/h3>\n<p>Nur mit dem DJI Mini 3 Pro kompatibel. 100% Original DJI-Produkt. <\/p>\n","protected":false},"excerpt":{"rendered":"<p>Originalersatzteil f\u00fcr DJI Mini 3 PRO. Flexibles Flex-Kabel 7-in-1 zur Reparatur und zum Austausch der Gimbal-Kamera. Ein wichtiges Zubeh\u00f6r f\u00fcr Ihre Drohne.  <\/p>\n","protected":false},"featured_media":99130,"comment_status":"open","ping_status":"closed","template":"","meta":{"_seopress_robots_primary_cat":"","_seopress_titles_title":"DJI Mini 3 Pro: Original und Neu Flex 7 in 1","_seopress_titles_desc":"Entdecken Sie den DJI Mini 3 Pro - Flex 7 in 1, ein 100% originales und neues Produkt. Perfekt f\u00fcr Ihre Flugabenteuer. ","_seopress_robots_index":""},"product_brand":[19390],"product_cat":[19957,15709],"product_tag":[15485,15797],"class_list":{"0":"post-96087","1":"product","2":"type-product","3":"status-publish","4":"has-post-thumbnail","6":"product_brand-dji","7":"product_cat-auslaufmodelle","8":"product_cat-dji-mini-3-pro-de","9":"product_tag-dji-de-3","10":"product_tag-mini-3-pro-de","11":"pa_piece-3-in-1-set-global-de","12":"pa_piece-3-in-1-set-japan-de","13":"pa_piece-chassis-inferieur-de","14":"pa_piece-chassis-milieu-de","15":"pa_piece-chassis-superieur-de","16":"pa_piece-middle-frame-global-de","17":"pa_piece-upper-cover-de","19":"first","20":"instock","21":"sale","22":"taxable","23":"shipping-taxable","24":"purchasable","25":"product-type-simple"},"_links":{"self":[{"href":"https:\/\/drone-parts-center.com\/de\/wp-json\/wp\/v2\/product\/96087","targetHints":{"allow":["GET"]}}],"collection":[{"href":"https:\/\/drone-parts-center.com\/de\/wp-json\/wp\/v2\/product"}],"about":[{"href":"https:\/\/drone-parts-center.com\/de\/wp-json\/wp\/v2\/types\/product"}],"replies":[{"embeddable":true,"href":"https:\/\/drone-parts-center.com\/de\/wp-json\/wp\/v2\/comments?post=96087"}],"wp:featuredmedia":[{"embeddable":true,"href":"https:\/\/drone-parts-center.com\/de\/wp-json\/wp\/v2\/media\/99130"}],"wp:attachment":[{"href":"https:\/\/drone-parts-center.com\/de\/wp-json\/wp\/v2\/media?parent=96087"}],"wp:term":[{"taxonomy":"product_brand","embeddable":true,"href":"https:\/\/drone-parts-center.com\/de\/wp-json\/wp\/v2\/product_brand?post=96087"},{"taxonomy":"product_cat","embeddable":true,"href":"https:\/\/drone-parts-center.com\/de\/wp-json\/wp\/v2\/product_cat?post=96087"},{"taxonomy":"product_tag","embeddable":true,"href":"https:\/\/drone-parts-center.com\/de\/wp-json\/wp\/v2\/product_tag?post=96087"}],"curies":[{"name":"wp","href":"https:\/\/api.w.org\/{rel}","templated":true}]}}