{"id":96083,"date":"2022-07-25T18:49:34","date_gmt":"2022-07-25T16:49:34","guid":{"rendered":"https:\/\/drone-parts-center.com\/produit\/dji-mini-3-pro-rechtes-hinteres-scharnier\/"},"modified":"2026-03-08T11:28:09","modified_gmt":"2026-03-08T10:28:09","slug":"dji-mini-3-pro-rechtes-hinteres-scharnier","status":"publish","type":"product","link":"https:\/\/drone-parts-center.com\/de\/produkt\/dji-mini-3-pro-rechtes-hinteres-scharnier\/","title":{"rendered":"DJI Mini 3 Pro - Scharnier hinten rechts"},"content":{"rendered":"<h2>DJI Mini 3 Pro - Scharnier hinten rechts (Ersatzteil)<\/h2>\n<p>Original DJI Scharnier des rechten hinteren Arms f\u00fcr die Mini 3 Pro Drohne. Dieses mechanische Pr\u00e4zisionsteil erm\u00f6glicht das Ein- und Ausklappen des rechten hinteren Arms, wodurch die Kompaktheit der Drohne f\u00fcr den Transport gew\u00e4hrleistet wird. <\/p>\n<h3>Wann sollte diese M\u00fcnze ausgetauscht werden?<\/h3>\n<p>Ersetzen Sie dieses Scharnier, wenn der rechte hintere Arm Spiel hat, nicht mehr in der offenen Position einrastet oder beim Zusammenklappen quietscht.<\/p>\n<h3>Kompatibilit\u00e4t<\/h3>\n<p>Nur mit dem DJI Mini 3 Pro kompatibel. Rechte hintere Seite. 100% Original DJI-Produkt.  <\/p>\n","protected":false},"excerpt":{"rendered":"<p>Dieses 100% authentische DJI-Ersatzteil erm\u00f6glicht den Austausch des rechten hinteren Scharniers der DJI Mini 3 Pro Drohne.<\/p>\n","protected":false},"featured_media":99132,"comment_status":"open","ping_status":"closed","template":"","meta":{"_seopress_robots_primary_cat":"","_seopress_titles_title":"DJI Mini 3 Pro: Originales hinteres Scharnier","_seopress_titles_desc":"Entdecken Sie das hintere rechte Scharnier DJI Mini 3 Pro, das 100% original und neu ist. Maximieren Sie das Potential Ihrer Drohne jetzt! ","_seopress_robots_index":""},"product_brand":[19390],"product_cat":[19957,15709],"product_tag":[15485,15797],"class_list":{"0":"post-96083","1":"product","2":"type-product","3":"status-publish","4":"has-post-thumbnail","6":"product_brand-dji","7":"product_cat-auslaufmodelle","8":"product_cat-dji-mini-3-pro-de","9":"product_tag-dji-de-3","10":"product_tag-mini-3-pro-de","11":"pa_piece-3-in-1-set-global-de","12":"pa_piece-3-in-1-set-japan-de","13":"pa_piece-chassis-inferieur-de","14":"pa_piece-chassis-milieu-de","15":"pa_piece-chassis-superieur-de","16":"pa_piece-middle-frame-global-de","17":"pa_piece-upper-cover-de","19":"first","20":"instock","21":"sale","22":"taxable","23":"shipping-taxable","24":"purchasable","25":"product-type-simple"},"_links":{"self":[{"href":"https:\/\/drone-parts-center.com\/de\/wp-json\/wp\/v2\/product\/96083","targetHints":{"allow":["GET"]}}],"collection":[{"href":"https:\/\/drone-parts-center.com\/de\/wp-json\/wp\/v2\/product"}],"about":[{"href":"https:\/\/drone-parts-center.com\/de\/wp-json\/wp\/v2\/types\/product"}],"replies":[{"embeddable":true,"href":"https:\/\/drone-parts-center.com\/de\/wp-json\/wp\/v2\/comments?post=96083"}],"wp:featuredmedia":[{"embeddable":true,"href":"https:\/\/drone-parts-center.com\/de\/wp-json\/wp\/v2\/media\/99132"}],"wp:attachment":[{"href":"https:\/\/drone-parts-center.com\/de\/wp-json\/wp\/v2\/media?parent=96083"}],"wp:term":[{"taxonomy":"product_brand","embeddable":true,"href":"https:\/\/drone-parts-center.com\/de\/wp-json\/wp\/v2\/product_brand?post=96083"},{"taxonomy":"product_cat","embeddable":true,"href":"https:\/\/drone-parts-center.com\/de\/wp-json\/wp\/v2\/product_cat?post=96083"},{"taxonomy":"product_tag","embeddable":true,"href":"https:\/\/drone-parts-center.com\/de\/wp-json\/wp\/v2\/product_tag?post=96083"}],"curies":[{"name":"wp","href":"https:\/\/api.w.org\/{rel}","templated":true}]}}