{"id":96077,"date":"2022-08-28T18:37:38","date_gmt":"2022-08-28T16:37:38","guid":{"rendered":"https:\/\/drone-parts-center.com\/produit\/dji-avata-cw-motor\/"},"modified":"2026-02-18T08:13:21","modified_gmt":"2026-02-18T07:13:21","slug":"dji-avata-cw-motor","status":"publish","type":"product","link":"https:\/\/drone-parts-center.com\/de\/produkt\/dji-avata-cw-motor\/","title":{"rendered":"DJI Avata - CW-Motor"},"content":{"rendered":"<h2>DJI Avata - CW-Motor (Ersatzteil)<\/h2>\n<p>Original DJI b\u00fcrstenloser CW-Motor (rechtsdrehend) f\u00fcr die Avata Drohne. Dieser Ersatzmotor ist spezifisch f\u00fcr die rechtsdrehenden Positionen und sorgt f\u00fcr den Antrieb der Drohne mit den entsprechenden CW-Propellern. <\/p>\n<h3>Wann sollte diese M\u00fcnze ausgetauscht werden?<\/h3>\n<p>Ersetzen Sie diesen Motor, wenn er blockiert ist, \u00fcberm\u00e4\u00dfig vibriert, abnormale Ger\u00e4usche macht oder nach einem Crash, bei dem die Motorachse besch\u00e4digt wurde.<\/p>\n<h3>Kompatibilit\u00e4t<\/h3>\n<p>Nur kompatibel mit der DJI Avata, CW-Positionen. Nicht kompatibel mit DJI Avata 2. 100% Original DJI-Produkt.  <\/p>\n","protected":false},"excerpt":{"rendered":"<p>Dieses 100% echte DJI-Ersatzteil erm\u00f6glicht den Austausch eines der CW-Motoren Ihrer DJI Avata Drohne.<\/p>\n","protected":false},"featured_media":99228,"comment_status":"open","ping_status":"closed","template":"","meta":{"_seopress_robots_primary_cat":"","_seopress_titles_title":"Ersetzen Sie Ihren originalen DJI Avata Motor","_seopress_titles_desc":"Entdecken Sie den CW-Motor f\u00fcr DJI Avata: 100% Original DJI f\u00fcr einen perfekten Ersatz. Qualit\u00e4tsgarantie und garantierte Leistung. ","_seopress_robots_index":"yes","_seopress_analysis_target_kw":"DJI Avata - CW Motor"},"product_brand":[19390],"product_cat":[15785],"product_tag":[15784,15485],"class_list":{"0":"post-96077","1":"product","2":"type-product","3":"status-publish","4":"has-post-thumbnail","6":"product_brand-dji","7":"product_cat-dji-avata-de","8":"product_tag-avata-de","9":"product_tag-dji-de-3","11":"first","12":"outofstock","13":"taxable","14":"shipping-taxable","15":"purchasable","16":"product-type-simple"},"_links":{"self":[{"href":"https:\/\/drone-parts-center.com\/de\/wp-json\/wp\/v2\/product\/96077","targetHints":{"allow":["GET"]}}],"collection":[{"href":"https:\/\/drone-parts-center.com\/de\/wp-json\/wp\/v2\/product"}],"about":[{"href":"https:\/\/drone-parts-center.com\/de\/wp-json\/wp\/v2\/types\/product"}],"replies":[{"embeddable":true,"href":"https:\/\/drone-parts-center.com\/de\/wp-json\/wp\/v2\/comments?post=96077"}],"wp:featuredmedia":[{"embeddable":true,"href":"https:\/\/drone-parts-center.com\/de\/wp-json\/wp\/v2\/media\/99228"}],"wp:attachment":[{"href":"https:\/\/drone-parts-center.com\/de\/wp-json\/wp\/v2\/media?parent=96077"}],"wp:term":[{"taxonomy":"product_brand","embeddable":true,"href":"https:\/\/drone-parts-center.com\/de\/wp-json\/wp\/v2\/product_brand?post=96077"},{"taxonomy":"product_cat","embeddable":true,"href":"https:\/\/drone-parts-center.com\/de\/wp-json\/wp\/v2\/product_cat?post=96077"},{"taxonomy":"product_tag","embeddable":true,"href":"https:\/\/drone-parts-center.com\/de\/wp-json\/wp\/v2\/product_tag?post=96077"}],"curies":[{"name":"wp","href":"https:\/\/api.w.org\/{rel}","templated":true}]}}