{"id":96074,"date":"2022-08-28T18:58:14","date_gmt":"2022-08-28T16:58:14","guid":{"rendered":"https:\/\/drone-parts-center.com\/produit\/dji-avata-modul-gps\/"},"modified":"2026-02-18T08:13:22","modified_gmt":"2026-02-18T07:13:22","slug":"dji-avata-modul-gps","status":"publish","type":"product","link":"https:\/\/drone-parts-center.com\/de\/produkt\/dji-avata-modul-gps\/","title":{"rendered":"DJI Avata - GPS-Modul"},"content":{"rendered":"<h2>DJI Avata - GPS-Modul (Ersatzteil)<\/h2>\n<p>Original DJI GPS-Modul f\u00fcr die Avata-Drohne. Dieses Modul sorgt f\u00fcr die Satellitenpositionierung der Drohne, die f\u00fcr die Return-to-Home-Funktion (RTH), Geofencing, das Halten der Position im Normalmodus und die Aufzeichnung von Flugdaten unerl\u00e4sslich ist. <\/p>\n<h3>Wann sollte diese M\u00fcnze ausgetauscht werden?<\/h3>\n<p>Ersetzen Sie dieses Modul, wenn die Drohne nicht mehr in der Lage ist, die GPS-Satelliten zu erfassen, wenn die Position instabil oder driftend ist oder wenn das Modul besch\u00e4digt ist. Nach dem Austausch ist eine Kompasskalibrierung erforderlich. <\/p>\n<h3>Kompatibilit\u00e4t<\/h3>\n<p>Nur mit der DJI Avata kompatibel. Nicht kompatibel mit DJI Avata 2. 100% Original DJI-Produkt.  <\/p>\n","protected":false},"excerpt":{"rendered":"<p>Dieses 100% authentische DJI-Ersatzteil erm\u00f6glicht den Austausch des GPS-Moduls Ihrer DJI Avata Drohne.<\/p>\n","protected":false},"featured_media":99229,"comment_status":"open","ping_status":"closed","template":"","meta":{"_seopress_robots_primary_cat":"","_seopress_titles_title":"DJI Avata: Ersetzen Sie das urspr\u00fcngliche GPS-Modul","_seopress_titles_desc":"Entdecken Sie das GPS-Modul f\u00fcr DJI Avata: Ersetzen Sie einfach Ihr GPS. Neu und 100% Original DJI Produkt. Bestellen Sie jetzt!  ","_seopress_robots_index":"yes","_seopress_analysis_target_kw":"DJI Avata - Modul GPS"},"product_brand":[19390],"product_cat":[15785],"product_tag":[15784,15485],"class_list":{"0":"post-96074","1":"product","2":"type-product","3":"status-publish","4":"has-post-thumbnail","6":"product_brand-dji","7":"product_cat-dji-avata-de","8":"product_tag-avata-de","9":"product_tag-dji-de-3","11":"first","12":"outofstock","13":"taxable","14":"shipping-taxable","15":"purchasable","16":"product-type-simple"},"_links":{"self":[{"href":"https:\/\/drone-parts-center.com\/de\/wp-json\/wp\/v2\/product\/96074","targetHints":{"allow":["GET"]}}],"collection":[{"href":"https:\/\/drone-parts-center.com\/de\/wp-json\/wp\/v2\/product"}],"about":[{"href":"https:\/\/drone-parts-center.com\/de\/wp-json\/wp\/v2\/types\/product"}],"replies":[{"embeddable":true,"href":"https:\/\/drone-parts-center.com\/de\/wp-json\/wp\/v2\/comments?post=96074"}],"wp:featuredmedia":[{"embeddable":true,"href":"https:\/\/drone-parts-center.com\/de\/wp-json\/wp\/v2\/media\/99229"}],"wp:attachment":[{"href":"https:\/\/drone-parts-center.com\/de\/wp-json\/wp\/v2\/media?parent=96074"}],"wp:term":[{"taxonomy":"product_brand","embeddable":true,"href":"https:\/\/drone-parts-center.com\/de\/wp-json\/wp\/v2\/product_brand?post=96074"},{"taxonomy":"product_cat","embeddable":true,"href":"https:\/\/drone-parts-center.com\/de\/wp-json\/wp\/v2\/product_cat?post=96074"},{"taxonomy":"product_tag","embeddable":true,"href":"https:\/\/drone-parts-center.com\/de\/wp-json\/wp\/v2\/product_tag?post=96074"}],"curies":[{"name":"wp","href":"https:\/\/api.w.org\/{rel}","templated":true}]}}