{"id":96073,"date":"2022-08-25T18:11:00","date_gmt":"2022-08-25T16:11:00","guid":{"rendered":"https:\/\/drone-parts-center.com\/produit\/dji-avata-oberes-chassis\/"},"modified":"2026-02-18T09:39:23","modified_gmt":"2026-02-18T08:39:23","slug":"dji-avata-oberes-chassis","status":"publish","type":"product","link":"https:\/\/drone-parts-center.com\/de\/produkt\/dji-avata-oberes-chassis\/","title":{"rendered":"DJI Avata - Oberer Rahmen"},"content":{"rendered":"<h2>DJI Avata - Oberer Rahmen (Ersatzteil)<\/h2>\n<p>Original DJI Oberer Rahmen f\u00fcr die Avata Drohne. Diese Schale bildet den oberen Teil des Drohnenk\u00f6rpers und sch\u00fctzt die internen elektronischen Komponenten, die Antennen und das GPS-Modul. Das Design des oberen Rahmens der Avata ist spezifisch f\u00fcr ihr kompaktes, quadratisches Format.  <\/p>\n<h3>Wann sollte diese M\u00fcnze ausgetauscht werden?<\/h3>\n<p>Ersetzen Sie den oberen Rahmen, wenn er Risse hat, verformt oder nach einem Absturz gebrochen ist. Bei FPV-Fl\u00fcgen kommt es h\u00e4ufig zu St\u00f6\u00dfen und der obere Rahmen kann bei \u00dcberschl\u00e4gen besch\u00e4digt werden. <\/p>\n<h3>Kompatibilit\u00e4t<\/h3>\n<p>Nur mit der DJI Avata kompatibel. Nicht kompatibel mit DJI Avata 2. 100% Original DJI-Produkt.  <\/p>\n","protected":false},"excerpt":{"rendered":"<p>Dieses Ersatzteil erm\u00f6glicht den Austausch des oberen Rahmens der DJI Avata Drohne.<\/p>\n","protected":false},"featured_media":99216,"comment_status":"open","ping_status":"closed","template":"","meta":{"_seopress_robots_primary_cat":"","_seopress_titles_title":"DJI Avata Toprahmen - Optimieren Sie Ihre Drohne","_seopress_titles_desc":"Entdecken Sie den oberen Rahmen f\u00fcr DJI Avata. Achtung, Schrauben und Antennenabdeckungen sind nicht enthalten. Bestellen Sie jetzt, um Ihre Drohne zu verbessern!  ","_seopress_robots_index":"yes","_seopress_analysis_target_kw":"DJI Avata - Oberes Chassis"},"product_brand":[19390],"product_cat":[15785],"product_tag":[15784,15485],"class_list":{"0":"post-96073","1":"product","2":"type-product","3":"status-publish","4":"has-post-thumbnail","6":"product_brand-dji","7":"product_cat-dji-avata-de","8":"product_tag-avata-de","9":"product_tag-dji-de-3","11":"first","12":"outofstock","13":"taxable","14":"shipping-taxable","15":"purchasable","16":"product-type-simple"},"_links":{"self":[{"href":"https:\/\/drone-parts-center.com\/de\/wp-json\/wp\/v2\/product\/96073","targetHints":{"allow":["GET"]}}],"collection":[{"href":"https:\/\/drone-parts-center.com\/de\/wp-json\/wp\/v2\/product"}],"about":[{"href":"https:\/\/drone-parts-center.com\/de\/wp-json\/wp\/v2\/types\/product"}],"replies":[{"embeddable":true,"href":"https:\/\/drone-parts-center.com\/de\/wp-json\/wp\/v2\/comments?post=96073"}],"wp:featuredmedia":[{"embeddable":true,"href":"https:\/\/drone-parts-center.com\/de\/wp-json\/wp\/v2\/media\/99216"}],"wp:attachment":[{"href":"https:\/\/drone-parts-center.com\/de\/wp-json\/wp\/v2\/media?parent=96073"}],"wp:term":[{"taxonomy":"product_brand","embeddable":true,"href":"https:\/\/drone-parts-center.com\/de\/wp-json\/wp\/v2\/product_brand?post=96073"},{"taxonomy":"product_cat","embeddable":true,"href":"https:\/\/drone-parts-center.com\/de\/wp-json\/wp\/v2\/product_cat?post=96073"},{"taxonomy":"product_tag","embeddable":true,"href":"https:\/\/drone-parts-center.com\/de\/wp-json\/wp\/v2\/product_tag?post=96073"}],"curies":[{"name":"wp","href":"https:\/\/api.w.org\/{rel}","templated":true}]}}