{"id":96072,"date":"2022-08-28T19:02:19","date_gmt":"2022-08-28T17:02:19","guid":{"rendered":"https:\/\/drone-parts-center.com\/produit\/dji-avata-video-gimbal\/"},"modified":"2025-07-26T21:35:05","modified_gmt":"2025-07-26T19:35:05","slug":"dji-avata-video-gimbal","status":"publish","type":"product","link":"https:\/\/drone-parts-center.com\/de\/produkt\/dji-avata-video-gimbal\/","title":{"rendered":"DJI Avata - Video Gimbal"},"content":{"rendered":"<h1 class=\"product-detail-name\">DJI Avata - Video Gimbal<\/h1>\n<p>Inhalt :<\/p>\n<ul>\n<li>1 x Video-Gimbal<\/li>\n<\/ul>\n<p>Erm\u00f6glicht den Austausch der Video-Gondel Ihres DJI Avata.<\/p>\n<p>Neues und 100%iges Originalprodukt von DJI<\/p>\n<p><span style=\"background-color: #ffff00;\">Dieser Artikel erfordert m\u00f6glicherweise eine Kalibrierung mit einer Software, die nur DJI H\u00e4ndlern und Reparaturzentren zur Verf\u00fcgung steht***.<\/span><\/p>\n<div id=\"gtx-trans\" style=\"position: absolute; left: -47px; top: -1.60938px;\">\n<h2 class=\"gtx-trans-icon\"><\/h2>\n<\/div>\n","protected":false},"excerpt":{"rendered":"<p>Dieses 100% authentische DJI Ersatzteil erm\u00f6glicht den Austausch des Video Gimbals Ihrer DJI Avata Drohne<\/p>\n","protected":false},"featured_media":99230,"comment_status":"open","ping_status":"closed","template":"","meta":{"_seopress_robots_primary_cat":"","_seopress_titles_title":"Ersetzen Sie die DJI Avata Video-Gondel ganz einfach.","_seopress_titles_desc":"Ersetzen Sie die Videogondel Ihrer DJI Avata ganz einfach durch ein neues Originalprodukt. Software-Kalibrierung durch DJI-H\u00e4ndler erforderlich. ","_seopress_robots_index":""},"product_brand":[19390],"product_cat":[15785],"product_tag":[15784,15485],"class_list":{"0":"post-96072","1":"product","2":"type-product","3":"status-publish","4":"has-post-thumbnail","6":"product_brand-dji","7":"product_cat-dji-avata-de","8":"product_tag-avata-de","9":"product_tag-dji-de-3","11":"first","12":"instock","13":"taxable","14":"shipping-taxable","15":"purchasable","16":"product-type-simple"},"_links":{"self":[{"href":"https:\/\/drone-parts-center.com\/de\/wp-json\/wp\/v2\/product\/96072","targetHints":{"allow":["GET"]}}],"collection":[{"href":"https:\/\/drone-parts-center.com\/de\/wp-json\/wp\/v2\/product"}],"about":[{"href":"https:\/\/drone-parts-center.com\/de\/wp-json\/wp\/v2\/types\/product"}],"replies":[{"embeddable":true,"href":"https:\/\/drone-parts-center.com\/de\/wp-json\/wp\/v2\/comments?post=96072"}],"wp:featuredmedia":[{"embeddable":true,"href":"https:\/\/drone-parts-center.com\/de\/wp-json\/wp\/v2\/media\/99230"}],"wp:attachment":[{"href":"https:\/\/drone-parts-center.com\/de\/wp-json\/wp\/v2\/media?parent=96072"}],"wp:term":[{"taxonomy":"product_brand","embeddable":true,"href":"https:\/\/drone-parts-center.com\/de\/wp-json\/wp\/v2\/product_brand?post=96072"},{"taxonomy":"product_cat","embeddable":true,"href":"https:\/\/drone-parts-center.com\/de\/wp-json\/wp\/v2\/product_cat?post=96072"},{"taxonomy":"product_tag","embeddable":true,"href":"https:\/\/drone-parts-center.com\/de\/wp-json\/wp\/v2\/product_tag?post=96072"}],"curies":[{"name":"wp","href":"https:\/\/api.w.org\/{rel}","templated":true}]}}