{"id":96045,"date":"2020-04-01T05:25:00","date_gmt":"2020-04-01T03:25:00","guid":{"rendered":"https:\/\/drone-parts-center.com\/produit\/dji-mavic-mini-kuehlkoerper\/"},"modified":"2026-03-08T11:28:58","modified_gmt":"2026-03-08T10:28:58","slug":"dji-mavic-mini-kuehlkoerper","status":"publish","type":"product","link":"https:\/\/drone-parts-center.com\/de\/produkt\/dji-mavic-mini-kuehlkoerper\/","title":{"rendered":"DJI Mavic Mini - K\u00fchlk\u00f6rper"},"content":{"rendered":"<h2>DJI Mavic Mini - W\u00e4rmeableiter (Ersatzteil)<\/h2>\n<p>Original DJI-K\u00fchlk\u00f6rper f\u00fcr die Mavic Mini Drohne. Dieses w\u00e4rmeleitende Metallteil sorgt daf\u00fcr, dass die W\u00e4rme, die vom Prozessor und den elektronischen Komponenten der Drohne w\u00e4hrend des Fluges erzeugt wird, abgef\u00fchrt wird. <\/p>\n<h3>Wann sollte diese M\u00fcnze ausgetauscht werden?<\/h3>\n<p>Ersetzen Sie den K\u00fchlk\u00f6rper, wenn die Drohne ungew\u00f6hnlich \u00fcberhitzt (Temperaturwarnungen in der DJI Fly Anwendung), oder wenn der K\u00fchlk\u00f6rper verformt oder aus seiner urspr\u00fcnglichen Position gel\u00f6st wurde. Ein defekter K\u00fchlk\u00f6rper kann zu thermischen Ausf\u00e4llen w\u00e4hrend des Fluges f\u00fchren. <\/p>\n<h3>Kompatibilit\u00e4t<\/h3>\n<p>Nur kompatibel mit dem DJI Mavic Mini (erste Generation). Nicht kompatibel mit DJI Mini 2, Mini SE, Mini 3 oder Mini 3 Pro. <\/p>\n","protected":false},"excerpt":{"rendered":"<p>Original DJI-K\u00fchlk\u00f6rper f\u00fcr Mavic Mini. Sorgt f\u00fcr die K\u00fchlung der elektronischen Komponenten. <\/p>\n","protected":false},"featured_media":95642,"comment_status":"open","ping_status":"closed","template":"","meta":{"_seopress_robots_primary_cat":"","_seopress_titles_title":"Neu DJI Mavic Mini: W\u00e4rmeableiter","_seopress_titles_desc":"Optimieren Sie Ihren DJI Mavic Mini mit unserem K\u00fchlk\u00f6rper! Neues Produkt f\u00fcr bessere Leistung. ","_seopress_robots_index":"","_seopress_analysis_target_kw":"DJI Mavic Mini - K\u00fchlk\u00f6rper"},"product_brand":[19390],"product_cat":[19957,15626],"product_tag":[],"class_list":{"0":"post-96045","1":"product","2":"type-product","3":"status-publish","4":"has-post-thumbnail","6":"product_brand-dji","7":"product_cat-auslaufmodelle","8":"product_cat-dji-mavic-mini-de","10":"first","11":"instock","12":"sale","13":"taxable","14":"shipping-taxable","15":"purchasable","16":"product-type-simple"},"_links":{"self":[{"href":"https:\/\/drone-parts-center.com\/de\/wp-json\/wp\/v2\/product\/96045","targetHints":{"allow":["GET"]}}],"collection":[{"href":"https:\/\/drone-parts-center.com\/de\/wp-json\/wp\/v2\/product"}],"about":[{"href":"https:\/\/drone-parts-center.com\/de\/wp-json\/wp\/v2\/types\/product"}],"replies":[{"embeddable":true,"href":"https:\/\/drone-parts-center.com\/de\/wp-json\/wp\/v2\/comments?post=96045"}],"wp:featuredmedia":[{"embeddable":true,"href":"https:\/\/drone-parts-center.com\/de\/wp-json\/wp\/v2\/media\/95642"}],"wp:attachment":[{"href":"https:\/\/drone-parts-center.com\/de\/wp-json\/wp\/v2\/media?parent=96045"}],"wp:term":[{"taxonomy":"product_brand","embeddable":true,"href":"https:\/\/drone-parts-center.com\/de\/wp-json\/wp\/v2\/product_brand?post=96045"},{"taxonomy":"product_cat","embeddable":true,"href":"https:\/\/drone-parts-center.com\/de\/wp-json\/wp\/v2\/product_cat?post=96045"},{"taxonomy":"product_tag","embeddable":true,"href":"https:\/\/drone-parts-center.com\/de\/wp-json\/wp\/v2\/product_tag?post=96045"}],"curies":[{"name":"wp","href":"https:\/\/api.w.org\/{rel}","templated":true}]}}