{"id":96043,"date":"2020-04-04T18:05:16","date_gmt":"2020-04-04T16:05:16","guid":{"rendered":"https:\/\/drone-parts-center.com\/produit\/dji-inspire-2-system-1550-t-schnellspanner\/"},"modified":"2026-02-18T09:45:12","modified_gmt":"2026-02-18T08:45:12","slug":"dji-inspire-2-system-1550-t-schnellspanner","status":"publish","type":"product","link":"https:\/\/drone-parts-center.com\/de\/produkt\/dji-inspire-2-system-1550-t-schnellspanner\/","title":{"rendered":"DJI Inspire 2 - System 1550 T quick release"},"content":{"rendered":"<h2>DJI Inspire 2 - 1550 T Quick Release System (Ersatzteil)<\/h2>\n<p>Original DJI Quick Release System f\u00fcr die 1550T Propeller des Inspire 2. Dieser Mechanismus erm\u00f6glicht eine schnelle Montage und Demontage der Propeller ohne Werkzeug und sorgt gleichzeitig f\u00fcr eine sichere Verriegelung w\u00e4hrend des Fluges. <\/p>\n<h3>Wann sollte diese M\u00fcnze ausgetauscht werden?<\/h3>\n<p>Ersetzen Sie dieses System, wenn der Verriegelungsmechanismus Spiel hat, die Befestigungsclips besch\u00e4digt oder abgenutzt sind oder wenn die Propeller nicht mehr fest einrasten. Ein defektes Befestigungssystem stellt ein erhebliches Sicherheitsrisiko w\u00e4hrend des Fluges dar. <\/p>\n<h3>Kompatibilit\u00e4t<\/h3>\n<p>Nur kompatibel mit dem DJI Inspire 2 und den 1550T Propellern. Nicht kompatibel mit dem Inspire 1 oder anderen DJI-Modellen. <\/p>\n","protected":false},"excerpt":{"rendered":"<p>Original DJI 1550T Schnellbefestigungssystem f\u00fcr den Inspire 2. Quick Release Mechanismus f\u00fcr die Propeller. <\/p>\n","protected":false},"featured_media":95669,"comment_status":"open","ping_status":"closed","template":"","meta":{"_seopress_robots_primary_cat":"","_seopress_titles_title":"Kaufen Sie das System 1550 T f\u00fcr DJI Inspire 2 neu","_seopress_titles_desc":"Ersetzen Sie einfach das 1550 T Quick Release System Ihres DJI Inspire 2. 100% nagelneues Originalteil f\u00fcr optimale Leistung. ","_seopress_robots_index":""},"product_brand":[],"product_cat":[15494],"product_tag":[],"class_list":{"0":"post-96043","1":"product","2":"type-product","3":"status-publish","4":"has-post-thumbnail","6":"product_cat-dji-inspire-de","8":"first","9":"instock","10":"taxable","11":"shipping-taxable","12":"purchasable","13":"product-type-simple"},"_links":{"self":[{"href":"https:\/\/drone-parts-center.com\/de\/wp-json\/wp\/v2\/product\/96043","targetHints":{"allow":["GET"]}}],"collection":[{"href":"https:\/\/drone-parts-center.com\/de\/wp-json\/wp\/v2\/product"}],"about":[{"href":"https:\/\/drone-parts-center.com\/de\/wp-json\/wp\/v2\/types\/product"}],"replies":[{"embeddable":true,"href":"https:\/\/drone-parts-center.com\/de\/wp-json\/wp\/v2\/comments?post=96043"}],"wp:featuredmedia":[{"embeddable":true,"href":"https:\/\/drone-parts-center.com\/de\/wp-json\/wp\/v2\/media\/95669"}],"wp:attachment":[{"href":"https:\/\/drone-parts-center.com\/de\/wp-json\/wp\/v2\/media?parent=96043"}],"wp:term":[{"taxonomy":"product_brand","embeddable":true,"href":"https:\/\/drone-parts-center.com\/de\/wp-json\/wp\/v2\/product_brand?post=96043"},{"taxonomy":"product_cat","embeddable":true,"href":"https:\/\/drone-parts-center.com\/de\/wp-json\/wp\/v2\/product_cat?post=96043"},{"taxonomy":"product_tag","embeddable":true,"href":"https:\/\/drone-parts-center.com\/de\/wp-json\/wp\/v2\/product_tag?post=96043"}],"curies":[{"name":"wp","href":"https:\/\/api.w.org\/{rel}","templated":true}]}}