{"id":96037,"date":"2020-08-26T23:14:34","date_gmt":"2020-08-26T21:14:34","guid":{"rendered":"https:\/\/drone-parts-center.com\/produit\/betafpv-kabinenhaube-fuer-4k-tarsier-kamera\/"},"modified":"2026-02-18T09:40:57","modified_gmt":"2026-02-18T08:40:57","slug":"betafpv-kabinenhaube-fuer-4k-tarsier-kamera","status":"publish","type":"product","link":"https:\/\/drone-parts-center.com\/de\/produkt\/betafpv-kabinenhaube-fuer-4k-tarsier-kamera\/","title":{"rendered":"BetaFPV - Canopy f\u00fcr 4K-Kamera Tarsier"},"content":{"rendered":"<h2>BetaFPV - Canopy f\u00fcr 4K-Kamera Tarsier<\/h2>\n<p>Speziell f\u00fcr die BetaFPV Tarsier 4K-Doppelkamera entwickelte Schutzhaube. Diese Abdeckung sch\u00fctzt sowohl das Objektiv der 4K-Aufnahmekamera als auch die integrierte FPV-Kamera und sorgt f\u00fcr eine ausreichende K\u00fchlung. <\/p>\n<h3>Merkmale<\/h3>\n<p>Spezielles Design f\u00fcr das Format der Tarsier 4K-Kamera. Kalibrierte \u00d6ffnungen f\u00fcr beide Objektive. Leichtes und robustes Kunststoffmaterial.  <\/p>\n<h3>Kompatibilit\u00e4t<\/h3>\n<p>Nur kompatibel mit der BetaFPV Tarsier 4K-Kamera und BetaFPV-Chassis, die diese Kamera aufnehmen k\u00f6nnen.<\/p>\n","protected":false},"excerpt":{"rendered":"<p>BetaFPV-Schutzdach f\u00fcr die 4K-Kamera von Tarsier. Sch\u00fctzt die doppelte HD\/FPV-Kamera. Auslaufartikel.  <\/p>\n","protected":false},"featured_media":97312,"comment_status":"open","ping_status":"closed","template":"","meta":{"_seopress_robots_primary_cat":"","_seopress_titles_title":"BetaFPV: Canopy 4K Tarsier, original Betafpv","_seopress_titles_desc":"Ersetzen Sie Ihr Tarsier 4K-Kameracanopy durch das Original BetaFPV: Qualit\u00e4t und Zuverl\u00e4ssigkeit garantiert.","_seopress_robots_index":"yes"},"product_brand":[19393],"product_cat":[],"product_tag":[15548,15710,15773],"class_list":{"0":"post-96037","1":"product","2":"type-product","3":"status-publish","4":"has-post-thumbnail","6":"product_brand-betafpv","7":"product_tag-4k-de-2","8":"product_tag-betafpv-de-2","9":"product_tag-koboldmaki-de","11":"first","12":"outofstock","13":"sale","14":"taxable","15":"shipping-taxable","16":"purchasable","17":"product-type-simple"},"_links":{"self":[{"href":"https:\/\/drone-parts-center.com\/de\/wp-json\/wp\/v2\/product\/96037","targetHints":{"allow":["GET"]}}],"collection":[{"href":"https:\/\/drone-parts-center.com\/de\/wp-json\/wp\/v2\/product"}],"about":[{"href":"https:\/\/drone-parts-center.com\/de\/wp-json\/wp\/v2\/types\/product"}],"replies":[{"embeddable":true,"href":"https:\/\/drone-parts-center.com\/de\/wp-json\/wp\/v2\/comments?post=96037"}],"wp:featuredmedia":[{"embeddable":true,"href":"https:\/\/drone-parts-center.com\/de\/wp-json\/wp\/v2\/media\/97312"}],"wp:attachment":[{"href":"https:\/\/drone-parts-center.com\/de\/wp-json\/wp\/v2\/media?parent=96037"}],"wp:term":[{"taxonomy":"product_brand","embeddable":true,"href":"https:\/\/drone-parts-center.com\/de\/wp-json\/wp\/v2\/product_brand?post=96037"},{"taxonomy":"product_cat","embeddable":true,"href":"https:\/\/drone-parts-center.com\/de\/wp-json\/wp\/v2\/product_cat?post=96037"},{"taxonomy":"product_tag","embeddable":true,"href":"https:\/\/drone-parts-center.com\/de\/wp-json\/wp\/v2\/product_tag?post=96037"}],"curies":[{"name":"wp","href":"https:\/\/api.w.org\/{rel}","templated":true}]}}