{"id":96035,"date":"2020-08-26T23:14:44","date_gmt":"2020-08-26T21:14:44","guid":{"rendered":"https:\/\/drone-parts-center.com\/produit\/betafpv-schlankes-canopy-star-night\/"},"modified":"2026-02-18T09:41:07","modified_gmt":"2026-02-18T08:41:07","slug":"betafpv-schlankes-canopy-star-night","status":"publish","type":"product","link":"https:\/\/drone-parts-center.com\/de\/produkt\/betafpv-schlankes-canopy-star-night\/","title":{"rendered":"BetaFPV - Sleek Canopy Star Night"},"content":{"rendered":"<h2>BetaFPV - Sleek Canopy Star Night<\/h2>\n<p>BetaFPV-Schutzdach im &#8222;Star Night&#8220;-Design, das f\u00fcr die FPV-Mikrodrohnen der BetaFPV-Reihe entwickelt wurde. Diese leichte Haube sch\u00fctzt die Kamera und die Flugelektronik und bietet gleichzeitig ein aerodynamisches Profil. <\/p>\n<h3>Merkmale<\/h3>\n<p>Design &#8222;Star Night&#8220; mit Sternenmuster. Leichtes und sto\u00dffestes Kunststoffmaterial. Schnelle Montage mit Clips auf dem kompatiblen Rahmen.  <\/p>\n<h3>Kompatibilit\u00e4t<\/h3>\n<p>Kompatibel mit BetaFPV Mikro-Drohnen, die das Sleek Canopy-Format verwenden. \u00dcberpr\u00fcfen Sie die Kompatibilit\u00e4t mit Ihrem spezifischen Modell. <\/p>\n","protected":false},"excerpt":{"rendered":"<p>BetaFPV Sleek Canopy im &#8222;Star Night&#8220;-Design f\u00fcr Mikro-Drohnen. Leichter und aerodynamischer Schutz. Auslaufartikel.  <\/p>\n","protected":false},"featured_media":97307,"comment_status":"open","ping_status":"closed","template":"","meta":{"_seopress_robots_primary_cat":"","_seopress_titles_title":"BetaFPV: Canopy Star Night f\u00fcr FPV 65S","_seopress_titles_desc":"Entdecken Sie den Canopy Star Night von BetaFPV: elegantes Design und hydrographischer Druck f\u00fcr Ihre BetaFPV 65S-Drohnen.","_seopress_robots_index":"yes"},"product_brand":[19393],"product_cat":[],"product_tag":[15710,15769,15770],"class_list":{"0":"post-96035","1":"product","2":"type-product","3":"status-publish","4":"has-post-thumbnail","6":"product_brand-betafpv","7":"product_tag-betafpv-de-2","8":"product_tag-glatt-de","9":"product_tag-vordach-de","11":"first","12":"outofstock","13":"sale","14":"taxable","15":"shipping-taxable","16":"purchasable","17":"product-type-simple"},"_links":{"self":[{"href":"https:\/\/drone-parts-center.com\/de\/wp-json\/wp\/v2\/product\/96035","targetHints":{"allow":["GET"]}}],"collection":[{"href":"https:\/\/drone-parts-center.com\/de\/wp-json\/wp\/v2\/product"}],"about":[{"href":"https:\/\/drone-parts-center.com\/de\/wp-json\/wp\/v2\/types\/product"}],"replies":[{"embeddable":true,"href":"https:\/\/drone-parts-center.com\/de\/wp-json\/wp\/v2\/comments?post=96035"}],"wp:featuredmedia":[{"embeddable":true,"href":"https:\/\/drone-parts-center.com\/de\/wp-json\/wp\/v2\/media\/97307"}],"wp:attachment":[{"href":"https:\/\/drone-parts-center.com\/de\/wp-json\/wp\/v2\/media?parent=96035"}],"wp:term":[{"taxonomy":"product_brand","embeddable":true,"href":"https:\/\/drone-parts-center.com\/de\/wp-json\/wp\/v2\/product_brand?post=96035"},{"taxonomy":"product_cat","embeddable":true,"href":"https:\/\/drone-parts-center.com\/de\/wp-json\/wp\/v2\/product_cat?post=96035"},{"taxonomy":"product_tag","embeddable":true,"href":"https:\/\/drone-parts-center.com\/de\/wp-json\/wp\/v2\/product_tag?post=96035"}],"curies":[{"name":"wp","href":"https:\/\/api.w.org\/{rel}","templated":true}]}}