{"id":96030,"date":"2020-08-26T23:14:45","date_gmt":"2020-08-26T21:14:45","guid":{"rendered":"https:\/\/drone-parts-center.com\/produit\/betafpv-schlanker-canopy-traum\/"},"modified":"2026-02-18T09:41:18","modified_gmt":"2026-02-18T08:41:18","slug":"betafpv-schlanker-canopy-traum","status":"publish","type":"product","link":"https:\/\/drone-parts-center.com\/de\/produkt\/betafpv-schlanker-canopy-traum\/","title":{"rendered":"BetaFPV - Sleek Canopy Dream"},"content":{"rendered":"<h2>BetaFPV - Sleek Canopy Dream<\/h2>\n<p>BetaFPV-Schutzdach im &#8222;Dream&#8220;-Design, das f\u00fcr die FPV-Mikrodrohnen der BetaFPV-Reihe entwickelt wurde. Diese leichte Haube sch\u00fctzt die Kamera und die Flugelektronik und bietet gleichzeitig ein aerodynamisches Profil. <\/p>\n<h3>Merkmale<\/h3>\n<p>Dream&#8220;-Design mit einem markanten farbigen Muster. Leichtes und sto\u00dffestes Kunststoffmaterial. Schnelle Montage mit Clips auf dem kompatiblen Fahrgestell.  <\/p>\n<h3>Kompatibilit\u00e4t<\/h3>\n<p>Kompatibel mit BetaFPV Mikro-Drohnen, die das Sleek Canopy-Format verwenden. \u00dcberpr\u00fcfen Sie die Kompatibilit\u00e4t mit Ihrem spezifischen Modell. <\/p>\n","protected":false},"excerpt":{"rendered":"<p>BetaFPV Sleek Canopy im &#8222;Dream&#8220;-Design f\u00fcr Mikro-Drohnen. Leichter und aerodynamischer Schutz. Auslaufartikel.  <\/p>\n","protected":false},"featured_media":97305,"comment_status":"open","ping_status":"closed","template":"","meta":{"_seopress_robots_primary_cat":"","_seopress_titles_title":"BetaFPV Canopy 65S: Eleganz und Originalit\u00e4t","_seopress_titles_desc":"Entdecken Sie den BetaFPV - Sleek Canopy Dream: ein elegantes Verdeck f\u00fcr den BetaFPV 65S, das im hydrographischen Druckverfahren hergestellt wurde. Stil und Innovation garantiert! ","_seopress_robots_index":"yes"},"product_brand":[19393],"product_cat":[],"product_tag":[15710,15769,15770],"class_list":{"0":"post-96030","1":"product","2":"type-product","3":"status-publish","4":"has-post-thumbnail","6":"product_brand-betafpv","7":"product_tag-betafpv-de-2","8":"product_tag-glatt-de","9":"product_tag-vordach-de","11":"first","12":"outofstock","13":"sale","14":"taxable","15":"shipping-taxable","16":"purchasable","17":"product-type-simple"},"_links":{"self":[{"href":"https:\/\/drone-parts-center.com\/de\/wp-json\/wp\/v2\/product\/96030","targetHints":{"allow":["GET"]}}],"collection":[{"href":"https:\/\/drone-parts-center.com\/de\/wp-json\/wp\/v2\/product"}],"about":[{"href":"https:\/\/drone-parts-center.com\/de\/wp-json\/wp\/v2\/types\/product"}],"replies":[{"embeddable":true,"href":"https:\/\/drone-parts-center.com\/de\/wp-json\/wp\/v2\/comments?post=96030"}],"wp:featuredmedia":[{"embeddable":true,"href":"https:\/\/drone-parts-center.com\/de\/wp-json\/wp\/v2\/media\/97305"}],"wp:attachment":[{"href":"https:\/\/drone-parts-center.com\/de\/wp-json\/wp\/v2\/media?parent=96030"}],"wp:term":[{"taxonomy":"product_brand","embeddable":true,"href":"https:\/\/drone-parts-center.com\/de\/wp-json\/wp\/v2\/product_brand?post=96030"},{"taxonomy":"product_cat","embeddable":true,"href":"https:\/\/drone-parts-center.com\/de\/wp-json\/wp\/v2\/product_cat?post=96030"},{"taxonomy":"product_tag","embeddable":true,"href":"https:\/\/drone-parts-center.com\/de\/wp-json\/wp\/v2\/product_tag?post=96030"}],"curies":[{"name":"wp","href":"https:\/\/api.w.org\/{rel}","templated":true}]}}