{"id":96029,"date":"2020-08-26T23:14:52","date_gmt":"2020-08-26T21:14:52","guid":{"rendered":"https:\/\/drone-parts-center.com\/produit\/tattu-450mah-4s-75c-xt30\/"},"modified":"2026-02-18T09:41:13","modified_gmt":"2026-02-18T08:41:13","slug":"tattu-450mah-4s-75c-xt30","status":"publish","type":"product","link":"https:\/\/drone-parts-center.com\/de\/produkt\/tattu-450mah-4s-75c-xt30\/","title":{"rendered":"Tattu 450mAh 4S 75C XT30"},"content":{"rendered":"<p>Tattu 450mAh 4S 75C XT30<\/p>\n<ul>\n<li>Art des Produkts : Lithium-Polymer-Akkupack (Lipo)<\/li>\n<li>Ideal f\u00fcr H-f\u00f6rmige Rahmen<\/li>\n<li>Kapazit\u00e4t: 450mAh<\/li>\n<li>Spannung: 14,8V<\/li>\n<li>Maximale Dauerentladung: 75C (33.75A)<\/li>\n<li>Maximale Spitzenentladung: 150C (67.5A)<\/li>\n<li>Gewicht: 58g<\/li>\n<li>Abmessungen: 64.5*16.5*27mm<\/li>\n<li>Leistungsverbinder: <strong>XT 30<\/strong><\/li>\n<li>Ausgleichsstecker: JST-XHR<\/li>\n<li>Anzahl der C-Lasten: 1 - 3C Empfohlen<\/li>\n<\/ul>\n","protected":false},"excerpt":{"rendered":"<p>LiPo-Akku Tattu 450 mAh 4S 75C mit XT30-Anschluss. Ideal f\u00fcr FPV Racing Mikro-Drohnen. Ausverkauf.  <\/p>\n","protected":false},"featured_media":97142,"comment_status":"open","ping_status":"closed","template":"","meta":{"_seopress_robots_primary_cat":"","_seopress_titles_title":"Tattu 450mAh 4S 75C XT30 f\u00fcr H-Fahrgestell","_seopress_titles_desc":"Entdecken Sie den Tattu 450mAh 4S 75C XT30, perfekt f\u00fcr H-f\u00f6rmige Rahmen. Garantierte Kraft und Leistung mit 75C und XT30-Stecker. Geringes Gewicht: 58 g. ","_seopress_robots_index":"","_seopress_analysis_target_kw":"Tattu 450mAh 4S 75C XT30"},"product_brand":[19402],"product_cat":[],"product_tag":[],"class_list":{"0":"post-96029","1":"product","2":"type-product","3":"status-publish","4":"has-post-thumbnail","6":"product_brand-tattu","8":"first","9":"instock","10":"sale","11":"taxable","12":"shipping-taxable","13":"purchasable","14":"product-type-simple"},"_links":{"self":[{"href":"https:\/\/drone-parts-center.com\/de\/wp-json\/wp\/v2\/product\/96029","targetHints":{"allow":["GET"]}}],"collection":[{"href":"https:\/\/drone-parts-center.com\/de\/wp-json\/wp\/v2\/product"}],"about":[{"href":"https:\/\/drone-parts-center.com\/de\/wp-json\/wp\/v2\/types\/product"}],"replies":[{"embeddable":true,"href":"https:\/\/drone-parts-center.com\/de\/wp-json\/wp\/v2\/comments?post=96029"}],"wp:featuredmedia":[{"embeddable":true,"href":"https:\/\/drone-parts-center.com\/de\/wp-json\/wp\/v2\/media\/97142"}],"wp:attachment":[{"href":"https:\/\/drone-parts-center.com\/de\/wp-json\/wp\/v2\/media?parent=96029"}],"wp:term":[{"taxonomy":"product_brand","embeddable":true,"href":"https:\/\/drone-parts-center.com\/de\/wp-json\/wp\/v2\/product_brand?post=96029"},{"taxonomy":"product_cat","embeddable":true,"href":"https:\/\/drone-parts-center.com\/de\/wp-json\/wp\/v2\/product_cat?post=96029"},{"taxonomy":"product_tag","embeddable":true,"href":"https:\/\/drone-parts-center.com\/de\/wp-json\/wp\/v2\/product_tag?post=96029"}],"curies":[{"name":"wp","href":"https:\/\/api.w.org\/{rel}","templated":true}]}}