{"id":96025,"date":"2020-09-03T20:16:16","date_gmt":"2020-09-03T18:16:16","guid":{"rendered":"https:\/\/drone-parts-center.com\/produit\/dji-mavic-air-2-ersatzteilpaket\/"},"modified":"2026-03-08T11:28:55","modified_gmt":"2026-03-08T10:28:55","slug":"dji-mavic-air-2-ersatzteilpaket","status":"publish","type":"product","link":"https:\/\/drone-parts-center.com\/de\/produkt\/dji-mavic-air-2-ersatzteilpaket\/","title":{"rendered":"DJI Mavic Air 2 - Ersatzteilpaket"},"content":{"rendered":"<h2>DJI Mavic Air 2 - Ersatzteilpaket<\/h2>\n<p>Original DJI Ersatzteilpaket f\u00fcr die Mavic Air 2 Drohne. Dieses Kit enth\u00e4lt eine Auswahl an Ersatzteilen, die f\u00fcr die routinem\u00e4\u00dfige Wartung und Reparatur der Drohne n\u00fctzlich sind. <\/p>\n<h3>Inhalt<\/h3>\n<p>Das Paket enth\u00e4lt verschiedene Befestigungsteile und kleine mechanische Teile, die f\u00fcr die Wartung der Mavic Air 2 ben\u00f6tigt werden. Alle Teile sind 100% DJI-Originalteile. <\/p>\n<h3>Kompatibilit\u00e4t<\/h3>\n<p>Nur mit dem DJI Mavic Air 2 kompatibel. Nicht kompatibel mit der DJI Air 2S oder anderen Modellen der Serie. <\/p>\n","protected":false},"excerpt":{"rendered":"<p>Original DJI Ersatzteilpaket f\u00fcr Mavic Air 2. Set mit verschiedenen Komponenten f\u00fcr Reparatur und Wartung. <\/p>\n","protected":false},"featured_media":97244,"comment_status":"open","ping_status":"closed","template":"","meta":{"_seopress_robots_primary_cat":"","_seopress_titles_title":"DJI Mavic Air 2 - Offizielle Ersatzteile","_seopress_titles_desc":"Optimieren Sie Ihre DJI-Drohne mit dem Mavic Air 2 Ersatzteilpaket, einem Originalprodukt f\u00fcr einen zuverl\u00e4ssigen Ersatz.","_seopress_robots_index":""},"product_brand":[19390],"product_cat":[19957,15646],"product_tag":[15485,15486,15608],"class_list":{"0":"post-96025","1":"product","2":"type-product","3":"status-publish","4":"has-post-thumbnail","6":"product_brand-dji","7":"product_cat-auslaufmodelle","8":"product_cat-dji-mavic-air-2-de","9":"product_tag-dji-de-3","10":"product_tag-mavic-air-de-2","11":"product_tag-munzen-de-2","13":"first","14":"instock","15":"sale","16":"taxable","17":"shipping-taxable","18":"purchasable","19":"product-type-simple"},"_links":{"self":[{"href":"https:\/\/drone-parts-center.com\/de\/wp-json\/wp\/v2\/product\/96025","targetHints":{"allow":["GET"]}}],"collection":[{"href":"https:\/\/drone-parts-center.com\/de\/wp-json\/wp\/v2\/product"}],"about":[{"href":"https:\/\/drone-parts-center.com\/de\/wp-json\/wp\/v2\/types\/product"}],"replies":[{"embeddable":true,"href":"https:\/\/drone-parts-center.com\/de\/wp-json\/wp\/v2\/comments?post=96025"}],"wp:featuredmedia":[{"embeddable":true,"href":"https:\/\/drone-parts-center.com\/de\/wp-json\/wp\/v2\/media\/97244"}],"wp:attachment":[{"href":"https:\/\/drone-parts-center.com\/de\/wp-json\/wp\/v2\/media?parent=96025"}],"wp:term":[{"taxonomy":"product_brand","embeddable":true,"href":"https:\/\/drone-parts-center.com\/de\/wp-json\/wp\/v2\/product_brand?post=96025"},{"taxonomy":"product_cat","embeddable":true,"href":"https:\/\/drone-parts-center.com\/de\/wp-json\/wp\/v2\/product_cat?post=96025"},{"taxonomy":"product_tag","embeddable":true,"href":"https:\/\/drone-parts-center.com\/de\/wp-json\/wp\/v2\/product_tag?post=96025"}],"curies":[{"name":"wp","href":"https:\/\/api.w.org\/{rel}","templated":true}]}}