{"id":96012,"date":"2020-11-05T05:48:18","date_gmt":"2020-11-05T04:48:18","guid":{"rendered":"https:\/\/drone-parts-center.com\/produit\/dji-mini-2-ersatzpropeller\/"},"modified":"2026-04-01T13:19:20","modified_gmt":"2026-04-01T11:19:20","slug":"dji-mini-2-ersatzpropeller","status":"publish","type":"product","link":"https:\/\/drone-parts-center.com\/de\/produkt\/dji-mini-2-ersatzpropeller\/","title":{"rendered":"DJI Mini 2 - Ersatzpropeller"},"content":{"rendered":"<p>DJI Mini - Ersatzpropeller<\/p>\n<p>Mit diesem Ersatzteil k\u00f6nnen Sie <strong>die Propeller der DJI Mini 2 Drohne austauschen<\/strong>.<\/p>\n<p><strong>Sie werden in 4er-Packungen verkauft,<\/strong> <strong>sind faltbar<\/strong> und bieten einen <strong>leisen Flug<\/strong>.<\/p>\n","protected":false},"excerpt":{"rendered":"<p>Ersatzpropeller f\u00fcr DJI Mini 2 sorgen f\u00fcr die Kontinuit\u00e4t Ihrer Fl\u00fcge. Mit ihrem pr\u00e4zisen Design sorgen sie f\u00fcr zuverl\u00e4ssige Leistung und Stabilit\u00e4t im Flug, damit Sie das Beste aus Ihrer Mini 2-Drohne herausholen k\u00f6nnen. <\/p>\n","protected":false},"featured_media":97530,"comment_status":"open","ping_status":"closed","template":"","meta":{"_seopress_robots_primary_cat":"","_seopress_titles_title":"DJI Mini 2 - Ger\u00e4uscharme Ersatzpropeller","_seopress_titles_desc":"Ersetzen Sie Ihre Propeller mit diesen faltbaren Teilen f\u00fcr DJI Mini 2. Garantiert ein leiser Flug. Packung mit 4 St\u00fcck.  ","_seopress_robots_index":"yes","_seopress_analysis_target_kw":"DJI Mini 2 - Ersatzpropeller"},"product_brand":[19390],"product_cat":[19957,15692],"product_tag":[15647,15485,15609,15693],"class_list":{"0":"post-96012","1":"product","2":"type-product","3":"status-publish","4":"has-post-thumbnail","6":"product_brand-dji","7":"product_cat-auslaufmodelle","8":"product_cat-dji-mini-2-de-2","9":"product_tag-2-de-2","10":"product_tag-dji-de-3","11":"product_tag-kardanwellen-de","12":"product_tag-mini-de-2","13":"pa_type-ccw-de","14":"pa_type-cw-de","16":"first","17":"outofstock","18":"sale","19":"taxable","20":"shipping-taxable","21":"purchasable","22":"product-type-simple"},"_links":{"self":[{"href":"https:\/\/drone-parts-center.com\/de\/wp-json\/wp\/v2\/product\/96012","targetHints":{"allow":["GET"]}}],"collection":[{"href":"https:\/\/drone-parts-center.com\/de\/wp-json\/wp\/v2\/product"}],"about":[{"href":"https:\/\/drone-parts-center.com\/de\/wp-json\/wp\/v2\/types\/product"}],"replies":[{"embeddable":true,"href":"https:\/\/drone-parts-center.com\/de\/wp-json\/wp\/v2\/comments?post=96012"}],"wp:featuredmedia":[{"embeddable":true,"href":"https:\/\/drone-parts-center.com\/de\/wp-json\/wp\/v2\/media\/97530"}],"wp:attachment":[{"href":"https:\/\/drone-parts-center.com\/de\/wp-json\/wp\/v2\/media?parent=96012"}],"wp:term":[{"taxonomy":"product_brand","embeddable":true,"href":"https:\/\/drone-parts-center.com\/de\/wp-json\/wp\/v2\/product_brand?post=96012"},{"taxonomy":"product_cat","embeddable":true,"href":"https:\/\/drone-parts-center.com\/de\/wp-json\/wp\/v2\/product_cat?post=96012"},{"taxonomy":"product_tag","embeddable":true,"href":"https:\/\/drone-parts-center.com\/de\/wp-json\/wp\/v2\/product_tag?post=96012"}],"curies":[{"name":"wp","href":"https:\/\/api.w.org\/{rel}","templated":true}]}}