{"id":96010,"date":"2020-11-15T06:12:40","date_gmt":"2020-11-15T05:12:40","guid":{"rendered":"https:\/\/drone-parts-center.com\/produit\/betafpv-beta85x-v2-pusher-bausatz\/"},"modified":"2025-07-26T23:10:45","modified_gmt":"2025-07-26T21:10:45","slug":"betafpv-beta85x-v2-pusher-bausatz","status":"publish","type":"product","link":"https:\/\/drone-parts-center.com\/de\/produkt\/betafpv-beta85x-v2-pusher-bausatz\/","title":{"rendered":"BetaFPV - BETA85X V2 Pusher Bausatz"},"content":{"rendered":"<p>BetaFPV - BETA85X V2 Pusher Bausatz<\/p>\n<p>Das <strong>Pusher Kit<\/strong> ist ein originales BetaFPV-Produkt und wurde speziell entwickelt, um Ihren <strong>Beta85X <\/strong>in<strong> Beta85X V2<\/strong> umzuwandeln. Hergestellt aus Kohlefaser und 3D-Teilen, ist es einfach zu installieren und wird Ihr Flugerlebnis erheblich verbessern. <\/p>\n<h2><span style=\"color: #555555; font-size: 100%;\">Inhalt<\/span><\/h2>\n<p>1 * Beta85X Carbon Fiber Gimble<br \/>\n1 * Beta85X Top Platform<br \/>\n3 * Rubber Dumper<br \/>\n1 * 3D-Drucker f\u00fcr Insta Go Camera Mount<br \/>\n1 * 3D-Drucker f\u00fcr Naked Camera Mount<br \/>\n1 * 3D-Drucker f\u00fcr 14mm Kameramontage<br \/>\n1 * 3D Printer for Holder Mount for VTX Antenna<br \/>\n1 * Base Camera Mount for GoPro 6<br \/>\n1 * 3-Pin GH1.25 30AWG Cable(90mm)<br \/>\n1 * 5-Pin SH1.25 30AWG Cable(60mm)<br \/>\n1 * 150mm Battery Strap<br \/>\n1 * No-Slip Rubber Pads<br \/>\n1 * Packung mit M2*7 Schrauben<br \/>\n1 * Packung mit M2*3 Schrauben<br \/>\n1 * Packung mit M1.4*8 Schrauben<br \/>\n1 * Packung mit M2-Schraubenmuttern<\/p>\n<p><img alt=\"Kit de pi\u00e8ces d\u00e9tach\u00e9es pour le drone Betafpv Beta85X V2 avec divers composants en plastique et m\u00e9tal.\" loading=\"lazy\" decoding=\"async\" class=\"alignnone size-full wp-image-7592\" src=\"https:\/\/drone-parts-center.com\/wp-content\/uploads\/2020\/11\/betafpv-beta85x-v2-pusher-kit-8.jpg\" alt=\"\" width=\"800\" height=\"800\" srcset=\"https:\/\/drone-parts-center.com\/wp-content\/uploads\/2020\/11\/betafpv-beta85x-v2-pusher-kit-8.jpg 800w, https:\/\/drone-parts-center.com\/wp-content\/uploads\/2020\/11\/betafpv-beta85x-v2-pusher-kit-8-280x280.jpg 280w, https:\/\/drone-parts-center.com\/wp-content\/uploads\/2020\/11\/betafpv-beta85x-v2-pusher-kit-8-768x768.jpg 768w, https:\/\/drone-parts-center.com\/wp-content\/uploads\/2020\/11\/betafpv-beta85x-v2-pusher-kit-8-247x247.jpg 247w, https:\/\/drone-parts-center.com\/wp-content\/uploads\/2020\/11\/betafpv-beta85x-v2-pusher-kit-8-510x510.jpg 510w, https:\/\/drone-parts-center.com\/wp-content\/uploads\/2020\/11\/betafpv-beta85x-v2-pusher-kit-8-100x100.jpg 100w\" sizes=\"auto, (max-width: 800px) 100vw, 800px\" \/><\/p>\n","protected":false},"excerpt":{"rendered":"<p>Das BETA85X Pusher Kit V2 von BetaFPV verbessert dein FPV-Erlebnis. Durch die Verlagerung der Motoren nach hinten bietet es eine bessere Stabilit\u00e4t und Schutz f\u00fcr die Propeller, f\u00fcr noch aufregendere Fl\u00fcge im Innen- und Au\u00dfenbereich. <\/p>\n","protected":false},"featured_media":97573,"comment_status":"open","ping_status":"closed","template":"","meta":{"_seopress_robots_primary_cat":"","_seopress_titles_title":"Verbessern Sie Ihren Flug mit BETA85X V2 Pusher Kit","_seopress_titles_desc":"R\u00fcsten Sie Ihre Beta85X mit dem Pusher Kit auf V2 um. Einfache Installation, robuste Materialien und ein verbessertes Flugerlebnis sind garantiert! ","_seopress_robots_index":"yes","_seopress_analysis_target_kw":"BetaFPV - BETA85X V2 Pusher Bausatz"},"product_brand":[19393],"product_cat":[],"product_tag":[15710,15753],"class_list":{"0":"post-96010","1":"product","2":"type-product","3":"status-publish","4":"has-post-thumbnail","6":"product_brand-betafpv","7":"product_tag-betafpv-de-2","8":"product_tag-winziges-whoop-de","10":"first","11":"outofstock","12":"sale","13":"taxable","14":"shipping-taxable","15":"purchasable","16":"product-type-simple"},"_links":{"self":[{"href":"https:\/\/drone-parts-center.com\/de\/wp-json\/wp\/v2\/product\/96010","targetHints":{"allow":["GET"]}}],"collection":[{"href":"https:\/\/drone-parts-center.com\/de\/wp-json\/wp\/v2\/product"}],"about":[{"href":"https:\/\/drone-parts-center.com\/de\/wp-json\/wp\/v2\/types\/product"}],"replies":[{"embeddable":true,"href":"https:\/\/drone-parts-center.com\/de\/wp-json\/wp\/v2\/comments?post=96010"}],"wp:featuredmedia":[{"embeddable":true,"href":"https:\/\/drone-parts-center.com\/de\/wp-json\/wp\/v2\/media\/97573"}],"wp:attachment":[{"href":"https:\/\/drone-parts-center.com\/de\/wp-json\/wp\/v2\/media?parent=96010"}],"wp:term":[{"taxonomy":"product_brand","embeddable":true,"href":"https:\/\/drone-parts-center.com\/de\/wp-json\/wp\/v2\/product_brand?post=96010"},{"taxonomy":"product_cat","embeddable":true,"href":"https:\/\/drone-parts-center.com\/de\/wp-json\/wp\/v2\/product_cat?post=96010"},{"taxonomy":"product_tag","embeddable":true,"href":"https:\/\/drone-parts-center.com\/de\/wp-json\/wp\/v2\/product_tag?post=96010"}],"curies":[{"name":"wp","href":"https:\/\/api.w.org\/{rel}","templated":true}]}}